{"id":2184,"date":"2023-01-03T19:53:30","date_gmt":"2023-01-03T17:53:30","guid":{"rendered":"https:\/\/elseta.com\/karjera\/"},"modified":"2025-02-14T14:06:12","modified_gmt":"2025-02-14T12:06:12","slug":"karjera","status":"publish","type":"page","link":"https:\/\/elseta.com\/lt\/karjera\/","title":{"rendered":"Karjera"},"content":{"rendered":"<p>[et_pb_section fb_built=&#8221;1&#8243; fullwidth=&#8221;on&#8221; _builder_version=&#8221;4.25.1&#8243; _module_preset=&#8221;default&#8221; background_color=&#8221;#FFFFFF&#8221; global_colors_info=&#8221;{}&#8221;][et_pb_fullwidth_header title=&#8221;Karjera Elsetoje&#8221; _builder_version=&#8221;4.25.1&#8243; _module_preset=&#8221;default&#8221; title_text_align=&#8221;center&#8221; title_text_color=&#8221;#000000&#8243; title_font_size=&#8221;40px&#8221; title_line_height=&#8221;1.6em&#8221; content_text_color=&#8221;#000000&#8243; content_letter_spacing=&#8221;1px&#8221; content_line_height=&#8221;2.1em&#8221; background_color=&#8221;#FFFFFF&#8221; border_width_bottom=&#8221;2px&#8221; border_color_bottom=&#8221;#000000&#8243; global_colors_info=&#8221;{}&#8221;]<\/p>\n<p style=\"text-align: center;\">Esame visada atviri talentingiems ir iniciatyviems \u017emon\u0117ms prisijungti prie m\u016bs\u0173 komandos. Jei susidom\u0117jote, si\u0173skite savo motyvacin\u012f lai\u0161k\u0105 ir CV el. pa\u0161tu <a href=\"mailto:%20career@elseta.com\" title=\"Kurkime nuostabius dalykus kartu!\"><span>career@elseta.com.<\/span><\/a><\/p>\n<p>[\/et_pb_fullwidth_header][\/et_pb_section][et_pb_section fb_built=&#8221;1&#8243; _builder_version=&#8221;4.25.1&#8243; _module_preset=&#8221;default&#8221; min_height=&#8221;82px&#8221; custom_padding=&#8221;6px||0px|||&#8221; global_colors_info=&#8221;{}&#8221;][et_pb_row _builder_version=&#8221;4.25.1&#8243; _module_preset=&#8221;default&#8221; min_height=&#8221;78px&#8221; custom_margin=&#8221;21px|auto||auto||&#8221; global_colors_info=&#8221;{}&#8221;][et_pb_column type=&#8221;4_4&#8243; _builder_version=&#8221;4.25.1&#8243; _module_preset=&#8221;default&#8221; global_colors_info=&#8221;{}&#8221;][et_pb_heading title=&#8221;Laisvos Pozicijos:&#8221; _builder_version=&#8221;4.25.1&#8243; _module_preset=&#8221;default&#8221; title_text_align=&#8221;center&#8221; global_colors_info=&#8221;{}&#8221;][\/et_pb_heading][\/et_pb_column][\/et_pb_row][\/et_pb_section][et_pb_section fb_built=&#8221;1&#8243; _builder_version=&#8221;4.25.1&#8243; _module_preset=&#8221;default&#8221; min_height=&#8221;84.8px&#8221; custom_padding=&#8221;1px|||||&#8221; border_width_bottom=&#8221;2px&#8221; border_color_bottom=&#8221;#000000&#8243; global_colors_info=&#8221;{}&#8221;][et_pb_row column_structure=&#8221;1_2,1_2&#8243; _builder_version=&#8221;4.25.1&#8243; _module_preset=&#8221;default&#8221; global_colors_info=&#8221;{}&#8221;][et_pb_column type=&#8221;1_2&#8243; _builder_version=&#8221;4.25.1&#8243; _module_preset=&#8221;default&#8221; global_colors_info=&#8221;{}&#8221;][et_pb_accordion icon_color=&#8221;#000000&#8243; _builder_version=&#8221;4.25.1&#8243; _module_preset=&#8221;default&#8221; custom_margin=&#8221;|-316px||||&#8221; border_width_all=&#8221;0px&#8221; border_color_all=&#8221;#000000&#8243; global_colors_info=&#8221;{}&#8221; icon_color__hover_enabled=&#8221;on|desktop&#8221; icon_color__hover=&#8221;#000000&#8243;][et_pb_accordion_item title=&#8221;Jaunesnysis In\u017einierius (Elektronika ir Automatika)&#8221; open=&#8221;on&#8221; icon_color=&#8221;#E02B20&#8243; toggle_icon=&#8221;&#x24;||divi||400&#8243; use_icon_font_size=&#8221;on&#8221; icon_font_size=&#8221;10px&#8221; _builder_version=&#8221;4.25.1&#8243; _module_preset=&#8221;default&#8221; global_colors_info=&#8221;{}&#8221; toggle_level=&#8221;h5&#8243; toggle_font=&#8221;||||||||&#8221; toggle_text_align=&#8221;left&#8221; toggle_font_size=&#8221;20px&#8221;]<\/p>\n<p>\u0160ioje pozicijoje dirbsite su m\u016bs\u0173 \u012franga, skirta automatizuoti elektros skirstom\u0173j\u0173 tinkl\u0173 veikim\u0105 ir valdyti paskirstyt\u0105j\u0105 atsinaujinan\u010di\u0105j\u0105 energij\u0105. Taip pat gilinsite savo \u017einias ir \u012fgysite praktini\u0173 \u012fg\u016bd\u017ei\u0173 apie ry\u0161i\u0173 protokolus ir \u012frangos funkcijas. <\/p>\n<p>[\/et_pb_accordion_item][\/et_pb_accordion][\/et_pb_column][et_pb_column type=&#8221;1_2&#8243; _builder_version=&#8221;4.25.1&#8243; _module_preset=&#8221;default&#8221; global_colors_info=&#8221;{}&#8221;][et_pb_button button_url=&#8221;https:\/\/elseta.com\/lt\/karjera\/jaunesnysis-inzinierius-automatizavimas-2024\/&#8221; button_text=&#8221;Skaityti pla\u010diau&#8221; button_alignment=&#8221;center&#8221; _builder_version=&#8221;4.25.1&#8243; _module_preset=&#8221;default&#8221; custom_button=&#8221;on&#8221; custom_margin=&#8221;56px|||356px|false|false&#8221; global_colors_info=&#8221;{}&#8221;][\/et_pb_button][\/et_pb_column][\/et_pb_row][et_pb_row column_structure=&#8221;1_2,1_2&#8243; _builder_version=&#8221;4.25.1&#8243; _module_preset=&#8221;default&#8221; border_width_top=&#8221;1px&#8221; global_colors_info=&#8221;{}&#8221;][et_pb_column type=&#8221;1_2&#8243; _builder_version=&#8221;4.25.1&#8243; _module_preset=&#8221;default&#8221; global_colors_info=&#8221;{}&#8221;][et_pb_accordion icon_color=&#8221;#000000&#8243; _builder_version=&#8221;4.27.4&#8243; _module_preset=&#8221;default&#8221; custom_margin=&#8221;|-316px||||&#8221; hover_enabled=&#8221;0&#8243; border_width_all=&#8221;0px&#8221; global_colors_info=&#8221;{}&#8221; icon_color__hover_enabled=&#8221;on|desktop&#8221; icon_color__hover=&#8221;#000000&#8243; sticky_enabled=&#8221;0&#8243;][et_pb_accordion_item title=&#8221;PROJEKT\u0172 IN\u017dINIERIUS (Atsinaujinan\u010dios energijos valdymo sistemos)&#8221; open=&#8221;on&#8221; icon_color=&#8221;#E02B20&#8243; toggle_icon=&#8221;&#x24;||divi||400&#8243; use_icon_font_size=&#8221;on&#8221; icon_font_size=&#8221;10px&#8221; _builder_version=&#8221;4.27.4&#8243; _module_preset=&#8221;default&#8221; hover_enabled=&#8221;0&#8243; global_colors_info=&#8221;{}&#8221; toggle_level=&#8221;h5&#8243; toggle_font=&#8221;||||||||&#8221; toggle_text_align=&#8221;left&#8221; toggle_font_size=&#8221;20px&#8221; sticky_enabled=&#8221;0&#8243;]<\/p>\n<p>\u0160ioje pozicijoje dirbsi su m\u016bs\u0173 kuriamais sprendimais, kuri\u0173 paskirtis yra automatizuoti el. tinkl\u0173 darb\u0105 ir valdyti atsinaujinan\u010di\u0105 energetik\u0105.<\/p>\n<p>[\/et_pb_accordion_item][\/et_pb_accordion][\/et_pb_column][et_pb_column type=&#8221;1_2&#8243; _builder_version=&#8221;4.25.1&#8243; _module_preset=&#8221;default&#8221; global_colors_info=&#8221;{}&#8221;][et_pb_button button_url=&#8221;https:\/\/elseta.com\/lt\/karjera\/jaunesnysis-inzinierius-pv-2024\/&#8221; button_text=&#8221;Skaityti pla\u010diau&#8221; button_alignment=&#8221;center&#8221; _builder_version=&#8221;4.25.1&#8243; _module_preset=&#8221;default&#8221; custom_button=&#8221;on&#8221; custom_margin=&#8221;56px|||356px|false|false&#8221; global_colors_info=&#8221;{}&#8221;][\/et_pb_button][\/et_pb_column][\/et_pb_row][et_pb_row column_structure=&#8221;1_2,1_2&#8243; _builder_version=&#8221;4.25.1&#8243; _module_preset=&#8221;default&#8221; border_width_top=&#8221;1px&#8221; global_colors_info=&#8221;{}&#8221;][et_pb_column type=&#8221;1_2&#8243; _builder_version=&#8221;4.25.1&#8243; _module_preset=&#8221;default&#8221; global_colors_info=&#8221;{}&#8221;][et_pb_accordion icon_color=&#8221;#000000&#8243; _builder_version=&#8221;4.25.1&#8243; _module_preset=&#8221;default&#8221; custom_margin=&#8221;|-316px||||&#8221; border_width_all=&#8221;0px&#8221; global_colors_info=&#8221;{}&#8221; icon_color__hover_enabled=&#8221;on|desktop&#8221; icon_color__hover=&#8221;#000000&#8243;][et_pb_accordion_item title=&#8221;Jaunesnysis in\u017einierius (elektronika ir gamyba)&#8221; open=&#8221;on&#8221; icon_color=&#8221;#E02B20&#8243; toggle_icon=&#8221;&#x24;||divi||400&#8243; use_icon_font_size=&#8221;on&#8221; icon_font_size=&#8221;10px&#8221; _builder_version=&#8221;4.25.1&#8243; _module_preset=&#8221;default&#8221; global_colors_info=&#8221;{}&#8221; toggle_level=&#8221;h5&#8243; toggle_font=&#8221;||||||||&#8221; toggle_text_align=&#8221;left&#8221; toggle_font_size=&#8221;20px&#8221;]<\/p>\n<p>\u0160ioje pozicijoje dirbsi su m\u016bs\u0173 kuriama \u012franga, kurios paskirtis yra automatizuoti el. tinkl\u0173 darb\u0105<br \/>ir valdyti paskirstyt\u0105 atsinaujinan\u010di\u0105 energetik\u0105. Ie\u0161kome kompetentingo ir atsakingo elektronikos gamybos ir \u012frengini\u0173 surinkimo in\u017einieriaus. <\/p>\n<p>[\/et_pb_accordion_item][\/et_pb_accordion][\/et_pb_column][et_pb_column type=&#8221;1_2&#8243; _builder_version=&#8221;4.25.1&#8243; _module_preset=&#8221;default&#8221; global_colors_info=&#8221;{}&#8221;][et_pb_button button_url=&#8221;https:\/\/elseta.com\/lt\/karjera\/jaunesnysis-inzinierius-gamyba-2024\/&#8221; button_text=&#8221;Skaityti pla\u010diau&#8221; button_alignment=&#8221;center&#8221; _builder_version=&#8221;4.25.1&#8243; _module_preset=&#8221;default&#8221; custom_button=&#8221;on&#8221; custom_margin=&#8221;56px|||356px|false|false&#8221; global_colors_info=&#8221;{}&#8221;][\/et_pb_button][\/et_pb_column][\/et_pb_row][\/et_pb_section]<\/p>\n","protected":false},"excerpt":{"rendered":"<p>Esame visada atviri talentingiems ir iniciatyviems \u017emon\u0117ms prisijungti prie m\u016bs\u0173 komandos. Jei susidom\u0117jote, si\u0173skite savo motyvacin\u012f lai\u0161k\u0105 ir CV el. pa\u0161tu career@elseta.com.\u0160ioje pozicijoje dirbsite su m\u016bs\u0173 \u012franga, skirta automatizuoti elektros skirstom\u0173j\u0173 tinkl\u0173 veikim\u0105 ir valdyti paskirstyt\u0105j\u0105 atsinaujinan\u010di\u0105j\u0105 energij\u0105. Taip pat gilinsite savo \u017einias ir \u012fgysite praktini\u0173 \u012fg\u016bd\u017ei\u0173 apie ry\u0161i\u0173 protokolus ir \u012frangos funkcijas. \u0160ioje pozicijoje [&hellip;]<\/p>\n","protected":false},"author":1,"featured_media":0,"parent":0,"menu_order":0,"comment_status":"closed","ping_status":"closed","template":"","meta":{"_acf_changed":false,"_et_pb_use_builder":"on","_et_pb_old_content":"","_et_gb_content_width":"","footnotes":""},"class_list":["post-2184","page","type-page","status-publish","hentry"],"acf":[],"yoast_head":"<!-- This site is optimized with the Yoast SEO plugin v25.5 - https:\/\/yoast.com\/wordpress\/plugins\/seo\/ -->\n<title>Karjera | elseta.com<\/title>\n<meta name=\"robots\" content=\"index, follow, max-snippet:-1, max-image-preview:large, max-video-preview:-1\" \/>\n<link rel=\"canonical\" href=\"https:\/\/elseta.com\/lt\/karjera\/\" \/>\n<meta property=\"og:locale\" content=\"lt_LT\" \/>\n<meta property=\"og:type\" content=\"article\" \/>\n<meta property=\"og:title\" content=\"Karjera | Elseta\" \/>\n<meta property=\"og:description\" content=\"Esame visada atviri talentingiems ir iniciatyviems \u017emon\u0117ms prisijungti prie m\u016bs\u0173 komandos. Jei susidom\u0117jote, si\u0173skite savo motyvacin\u012f lai\u0161k\u0105 ir CV el. pa\u0161tu career@elseta.com.\u0160ioje pozicijoje dirbsite su m\u016bs\u0173 \u012franga, skirta automatizuoti elektros skirstom\u0173j\u0173 tinkl\u0173 veikim\u0105 ir valdyti paskirstyt\u0105j\u0105 atsinaujinan\u010di\u0105j\u0105 energij\u0105. Taip pat gilinsite savo \u017einias ir \u012fgysite praktini\u0173 \u012fg\u016bd\u017ei\u0173 apie ry\u0161i\u0173 protokolus ir \u012frangos funkcijas. \u0160ioje pozicijoje [&hellip;]\" \/>\n<meta property=\"og:url\" content=\"https:\/\/elseta.com\/lt\/karjera\/\" \/>\n<meta property=\"og:site_name\" content=\"Elseta\" \/>\n<meta property=\"article:publisher\" content=\"https:\/\/www.facebook.com\/elseta.co\" \/>\n<meta property=\"article:modified_time\" content=\"2025-02-14T12:06:12+00:00\" \/>\n<meta name=\"twitter:card\" content=\"summary_large_image\" \/>\n<meta name=\"twitter:label1\" content=\"Est. reading time\" \/>\n\t<meta name=\"twitter:data1\" content=\"4 minut\u0117s\" \/>\n<script type=\"application\/ld+json\" class=\"yoast-schema-graph\">{\"@context\":\"https:\/\/schema.org\",\"@graph\":[{\"@type\":\"WebPage\",\"@id\":\"https:\/\/elseta.com\/lt\/karjera\/\",\"url\":\"https:\/\/elseta.com\/lt\/karjera\/\",\"name\":\"Karjera | Elseta\",\"isPartOf\":{\"@id\":\"https:\/\/elseta.com\/#website\"},\"datePublished\":\"2023-01-03T17:53:30+00:00\",\"dateModified\":\"2025-02-14T12:06:12+00:00\",\"breadcrumb\":{\"@id\":\"https:\/\/elseta.com\/lt\/karjera\/#breadcrumb\"},\"inLanguage\":\"lt-LT\",\"potentialAction\":[{\"@type\":\"ReadAction\",\"target\":[\"https:\/\/elseta.com\/lt\/karjera\/\"]}]},{\"@type\":\"BreadcrumbList\",\"@id\":\"https:\/\/elseta.com\/lt\/karjera\/#breadcrumb\",\"itemListElement\":[{\"@type\":\"ListItem\",\"position\":1,\"name\":\"Home\",\"item\":\"https:\/\/elseta.com\/\"},{\"@type\":\"ListItem\",\"position\":2,\"name\":\"Karjera\"}]},{\"@type\":\"WebSite\",\"@id\":\"https:\/\/elseta.com\/#website\",\"url\":\"https:\/\/elseta.com\/\",\"name\":\"elseta.com\",\"description\":\"Medium and Low voltage electricity automation and digitalisation solutions\",\"publisher\":{\"@id\":\"https:\/\/elseta.com\/#organization\"},\"potentialAction\":[{\"@type\":\"SearchAction\",\"target\":{\"@type\":\"EntryPoint\",\"urlTemplate\":\"https:\/\/elseta.com\/?s={search_term_string}\"},\"query-input\":{\"@type\":\"PropertyValueSpecification\",\"valueRequired\":true,\"valueName\":\"search_term_string\"}}],\"inLanguage\":\"lt-LT\"},{\"@type\":\"Organization\",\"@id\":\"https:\/\/elseta.com\/#organization\",\"name\":\"Elseta\",\"url\":\"https:\/\/elseta.com\/\",\"logo\":{\"@type\":\"ImageObject\",\"inLanguage\":\"lt-LT\",\"@id\":\"https:\/\/elseta.com\/#\/schema\/logo\/image\/\",\"url\":\"https:\/\/elseta.com\/wp-content\/uploads\/ELSETA_logo.jpg\",\"contentUrl\":\"https:\/\/elseta.com\/wp-content\/uploads\/ELSETA_logo.jpg\",\"width\":590,\"height\":800,\"caption\":\"Elseta\"},\"image\":{\"@id\":\"https:\/\/elseta.com\/#\/schema\/logo\/image\/\"},\"sameAs\":[\"https:\/\/www.facebook.com\/elseta.co\",\"https:\/\/www.linkedin.com\/company\/elseta\/\"]}]}<\/script>\n<!-- \/ Yoast SEO plugin. -->","yoast_head_json":{"title":"Karjera | elseta.com","robots":{"index":"index","follow":"follow","max-snippet":"max-snippet:-1","max-image-preview":"max-image-preview:large","max-video-preview":"max-video-preview:-1"},"canonical":"https:\/\/elseta.com\/lt\/karjera\/","og_locale":"lt_LT","og_type":"article","og_title":"Karjera | Elseta","og_description":"Esame visada atviri talentingiems ir iniciatyviems \u017emon\u0117ms prisijungti prie m\u016bs\u0173 komandos. Jei susidom\u0117jote, si\u0173skite savo motyvacin\u012f lai\u0161k\u0105 ir CV el. pa\u0161tu career@elseta.com.\u0160ioje pozicijoje dirbsite su m\u016bs\u0173 \u012franga, skirta automatizuoti elektros skirstom\u0173j\u0173 tinkl\u0173 veikim\u0105 ir valdyti paskirstyt\u0105j\u0105 atsinaujinan\u010di\u0105j\u0105 energij\u0105. Taip pat gilinsite savo \u017einias ir \u012fgysite praktini\u0173 \u012fg\u016bd\u017ei\u0173 apie ry\u0161i\u0173 protokolus ir \u012frangos funkcijas. \u0160ioje pozicijoje [&hellip;]","og_url":"https:\/\/elseta.com\/lt\/karjera\/","og_site_name":"Elseta","article_publisher":"https:\/\/www.facebook.com\/elseta.co","article_modified_time":"2025-02-14T12:06:12+00:00","twitter_card":"summary_large_image","twitter_misc":{"Est. reading time":"4 minut\u0117s"},"schema":{"@context":"https:\/\/schema.org","@graph":[{"@type":"WebPage","@id":"https:\/\/elseta.com\/lt\/karjera\/","url":"https:\/\/elseta.com\/lt\/karjera\/","name":"Karjera | Elseta","isPartOf":{"@id":"https:\/\/elseta.com\/#website"},"datePublished":"2023-01-03T17:53:30+00:00","dateModified":"2025-02-14T12:06:12+00:00","breadcrumb":{"@id":"https:\/\/elseta.com\/lt\/karjera\/#breadcrumb"},"inLanguage":"lt-LT","potentialAction":[{"@type":"ReadAction","target":["https:\/\/elseta.com\/lt\/karjera\/"]}]},{"@type":"BreadcrumbList","@id":"https:\/\/elseta.com\/lt\/karjera\/#breadcrumb","itemListElement":[{"@type":"ListItem","position":1,"name":"Home","item":"https:\/\/elseta.com\/"},{"@type":"ListItem","position":2,"name":"Karjera"}]},{"@type":"WebSite","@id":"https:\/\/elseta.com\/#website","url":"https:\/\/elseta.com\/","name":"elseta.com","description":"Medium and Low voltage electricity automation and digitalisation solutions","publisher":{"@id":"https:\/\/elseta.com\/#organization"},"potentialAction":[{"@type":"SearchAction","target":{"@type":"EntryPoint","urlTemplate":"https:\/\/elseta.com\/?s={search_term_string}"},"query-input":{"@type":"PropertyValueSpecification","valueRequired":true,"valueName":"search_term_string"}}],"inLanguage":"lt-LT"},{"@type":"Organization","@id":"https:\/\/elseta.com\/#organization","name":"Elseta","url":"https:\/\/elseta.com\/","logo":{"@type":"ImageObject","inLanguage":"lt-LT","@id":"https:\/\/elseta.com\/#\/schema\/logo\/image\/","url":"https:\/\/elseta.com\/wp-content\/uploads\/ELSETA_logo.jpg","contentUrl":"https:\/\/elseta.com\/wp-content\/uploads\/ELSETA_logo.jpg","width":590,"height":800,"caption":"Elseta"},"image":{"@id":"https:\/\/elseta.com\/#\/schema\/logo\/image\/"},"sameAs":["https:\/\/www.facebook.com\/elseta.co","https:\/\/www.linkedin.com\/company\/elseta\/"]}]}},"_links":{"self":[{"href":"https:\/\/elseta.com\/lt\/wp-json\/wp\/v2\/pages\/2184","targetHints":{"allow":["GET"]}}],"collection":[{"href":"https:\/\/elseta.com\/lt\/wp-json\/wp\/v2\/pages"}],"about":[{"href":"https:\/\/elseta.com\/lt\/wp-json\/wp\/v2\/types\/page"}],"author":[{"embeddable":true,"href":"https:\/\/elseta.com\/lt\/wp-json\/wp\/v2\/users\/1"}],"replies":[{"embeddable":true,"href":"https:\/\/elseta.com\/lt\/wp-json\/wp\/v2\/comments?post=2184"}],"version-history":[{"count":24,"href":"https:\/\/elseta.com\/lt\/wp-json\/wp\/v2\/pages\/2184\/revisions"}],"predecessor-version":[{"id":3619,"href":"https:\/\/elseta.com\/lt\/wp-json\/wp\/v2\/pages\/2184\/revisions\/3619"}],"wp:attachment":[{"href":"https:\/\/elseta.com\/lt\/wp-json\/wp\/v2\/media?parent=2184"}],"curies":[{"name":"wp","href":"https:\/\/api.w.org\/{rel}","templated":true}]}}