{"id":2207,"date":"2023-01-11T10:10:07","date_gmt":"2023-01-11T08:10:07","guid":{"rendered":"https:\/\/elseta.com\/apie\/es-parama\/"},"modified":"2026-04-08T14:49:41","modified_gmt":"2026-04-08T11:49:41","slug":"es-parama","status":"publish","type":"page","link":"https:\/\/elseta.com\/lt\/apie\/es-parama\/","title":{"rendered":"ES Parama"},"content":{"rendered":"<p>[et_pb_section fb_built=&#8221;1&#8243; _builder_version=&#8221;4.17.6&#8243; _module_preset=&#8221;default&#8221; global_colors_info=&#8221;{}&#8221;][et_pb_row _builder_version=&#8221;4.17.6&#8243; _module_preset=&#8221;default&#8221; custom_margin=&#8221;||0px||false|false&#8221; custom_padding=&#8221;||0px||false|false&#8221; global_colors_info=&#8221;{}&#8221;][et_pb_column type=&#8221;4_4&#8243; _builder_version=&#8221;4.17.6&#8243; _module_preset=&#8221;default&#8221; global_colors_info=&#8221;{}&#8221;][et_pb_post_title meta=&#8221;off&#8221; featured_image=&#8221;off&#8221; _builder_version=&#8221;4.19.4&#8243; _module_preset=&#8221;default&#8221; title_text_align=&#8221;center&#8221; global_colors_info=&#8221;{}&#8221;][\/et_pb_post_title][\/et_pb_column][\/et_pb_row][et_pb_row column_structure=&#8221;2_5,3_5&#8243; _builder_version=&#8221;4.17.6&#8243; _module_preset=&#8221;default&#8221; custom_margin=&#8221;||0px||false|false&#8221; custom_padding=&#8221;||0px||false|false&#8221; global_colors_info=&#8221;{}&#8221;][et_pb_column type=&#8221;2_5&#8243; _builder_version=&#8221;4.17.6&#8243; _module_preset=&#8221;default&#8221; global_colors_info=&#8221;{}&#8221;][et_pb_image src=&#8221;https:\/\/elseta.com\/wp-content\/uploads\/LT_co-funded-by-VERTICAL-RGB_POS.png&#8221; title_text=&#8221;LT_co-funded by VERTICAL RGB_POS&#8221; align=&#8221;center&#8221; _builder_version=&#8221;4.27.4&#8243; _module_preset=&#8221;default&#8221; max_width=&#8221;82%&#8221; global_colors_info=&#8221;{}&#8221;][\/et_pb_image][\/et_pb_column][et_pb_column type=&#8221;3_5&#8243; _builder_version=&#8221;4.17.6&#8243; _module_preset=&#8221;default&#8221; global_colors_info=&#8221;{}&#8221;][et_pb_text _builder_version=&#8221;4.27.4&#8243; _module_preset=&#8221;default&#8221; custom_padding=&#8221;||7px||false|false&#8221; hover_enabled=&#8221;0&#8243; border_width_bottom=&#8221;1px&#8221; border_color_bottom=&#8221;#E02B20&#8243; global_colors_info=&#8221;{}&#8221; sticky_enabled=&#8221;0&#8243;]<\/p>\n<p data-start=\"130\" data-end=\"349\">UAB \u201eElseta\u201c \u012fgyvendina projekt\u0105 \u201eUAB \u201eElseta\u201c eksporto rink\u0173 pl\u0117tra sertifikuojant auk\u0161tos prid\u0117tin\u0117s vert\u0117s (APV) produkcij\u0105\u201c, kuris finansuojamas Europos S\u0105jungos l\u0117\u0161omis per Inovacij\u0173 Agent\u016br\u0105.<\/p>\n<p data-start=\"351\" data-end=\"421\">Projekto \u012fgyvendinimo laikotarpis: 2026-01-16 \u2013 2027-02-05.<\/p>\n<p data-start=\"423\" data-end=\"563\">Projekto tikslas \u2013 didinti UAB \u201eElseta\u201c kuriamos auk\u0161tos prid\u0117tin\u0117s vert\u0117s produkcijos konkurencingum\u0105 bei pl\u0117sti eksporto rinkas.<\/p>\n<p data-start=\"565\" data-end=\"716\">\u012egyvendinant projekt\u0105 numatoma sertifikuoti esam\u0105 ir naujai kuriam\u0105 \u012frang\u0105, u\u017etikrinant jos atitikt\u012f tarptautiniams energetikos sektoriaus reikalavimams.<\/p>\n<p data-start=\"718\" data-end=\"905\">Projekto rezultatas \u2013 sustiprintas \u012fmon\u0117s konkurencingumas tarptautin\u0117se rinkose bei oficialiai patvirtintas \u201eElseta\u201c \u012frangos atitikimas auk\u0161tiems energetikos sektoriaus standartams.<\/p>\n<p data-start=\"718\" data-end=\"905\"><span>Projekto biud\u017eetas \u2013 107,862.00 Eur, ES fondo skirta finansavimo suma &#8211; 53,931.00 Eur.<\/span><\/p>\n<p>[\/et_pb_text][et_pb_text _builder_version=&#8221;4.27.4&#8243; _module_preset=&#8221;default&#8221; header_font=&#8221;|700||on|||||&#8221; header_text_align=&#8221;center&#8221; header_2_text_align=&#8221;center&#8221; header_2_font_size=&#8221;20px&#8221; custom_padding=&#8221;16px||||false|false&#8221; global_colors_info=&#8221;{}&#8221;]<\/p>\n<h2 style=\"text-align: left;\">\u201eElseta\u201c \u012fgyvendina elektronin\u0117s prekybos modelio integravim\u0105, kur\u012f finansuoja Europos regionin\u0117s pl\u0117tros fondas (ERPF), kaip Europos S\u0105jungos atsak\u0105 \u012f kov\u0105 su Covid-19 pandemija.<\/h2>\n<p>&nbsp;<\/p>\n<p>Tikslas padidinti pardavimus ple\u010diant klient\u0173 baz\u0119 visame pasaulyje. \u012emon\u0117 siekia u\u017etikrinti puik\u0173 klient\u0173 aptarnavim\u0105, sukurdama internetin\u0117s prekybos platform\u0105, kurioje klientai gal\u0117t\u0173 sekti savo u\u017esakymus, pristatymo laik\u0105, mok\u0117jimus, parsisi\u0173sti s\u0105skaitas fakt\u016bras, gamini\u0173 dokumentacij\u0105, rasti preki\u0173 alternatyvas ir priedus, registruoti sugedusi\u0105 \u012frang\u0105 ir sekti jos remonto etap\u0105. Internetin\u0117s parduotuv\u0117s \u012fdiegimas pad\u0117s pasiekti auk\u0161tesni\u0173 pardavim\u0173 rezultat\u0173 ir suma\u017einti i\u0161laidas, turint efektyvesn\u012f preki\u0173 atsarg\u0173 ir u\u017esakym\u0173 valdym\u0105.<\/p>\n<p>Projekto prad\u017eia: 2022-02<br \/>Projekto pabaiga: 2023-01<\/p>\n<p>[\/et_pb_text][\/et_pb_column][\/et_pb_row][\/et_pb_section]<\/p>\n","protected":false},"excerpt":{"rendered":"<p>UAB \u201eElseta\u201c \u012fgyvendina projekt\u0105 \u201eUAB \u201eElseta\u201c eksporto rink\u0173 pl\u0117tra sertifikuojant auk\u0161tos prid\u0117tin\u0117s vert\u0117s (APV) produkcij\u0105\u201c, kuris finansuojamas Europos S\u0105jungos l\u0117\u0161omis per Inovacij\u0173 Agent\u016br\u0105. Projekto \u012fgyvendinimo laikotarpis: 2026-01-16 \u2013 2027-02-05. Projekto tikslas \u2013 didinti UAB \u201eElseta\u201c kuriamos auk\u0161tos prid\u0117tin\u0117s vert\u0117s produkcijos konkurencingum\u0105 bei pl\u0117sti eksporto rinkas. \u012egyvendinant projekt\u0105 numatoma sertifikuoti esam\u0105 ir naujai kuriam\u0105 \u012frang\u0105, u\u017etikrinant [&hellip;]<\/p>\n","protected":false},"author":1,"featured_media":0,"parent":593,"menu_order":0,"comment_status":"closed","ping_status":"closed","template":"","meta":{"_acf_changed":false,"_et_pb_use_builder":"on","_et_pb_old_content":"","_et_gb_content_width":"","footnotes":""},"class_list":["post-2207","page","type-page","status-publish","hentry"],"acf":[],"yoast_head":"<!-- This site is optimized with the Yoast SEO plugin v25.5 - https:\/\/yoast.com\/wordpress\/plugins\/seo\/ -->\n<title>ES Parama | elseta.com<\/title>\n<meta name=\"description\" content=\"\u201eElseta\u201c dalyvauja Europos S\u0105jungos finansuojamuose projektuose, siekdama diegti inovacijas ir pl\u0117toti tvarias energetikos automatizavimo technologijas.\" \/>\n<meta name=\"robots\" content=\"index, follow, max-snippet:-1, max-image-preview:large, max-video-preview:-1\" \/>\n<link rel=\"canonical\" href=\"https:\/\/elseta.com\/lt\/apie\/es-parama\/\" \/>\n<meta property=\"og:locale\" content=\"lt_LT\" \/>\n<meta property=\"og:type\" content=\"article\" \/>\n<meta property=\"og:title\" content=\"ES Parama | Elseta\" \/>\n<meta property=\"og:description\" content=\"\u201eElseta\u201c dalyvauja Europos S\u0105jungos finansuojamuose projektuose, siekdama diegti inovacijas ir pl\u0117toti tvarias energetikos automatizavimo technologijas.\" \/>\n<meta property=\"og:url\" content=\"https:\/\/elseta.com\/lt\/apie\/es-parama\/\" \/>\n<meta property=\"og:site_name\" content=\"Elseta\" \/>\n<meta property=\"article:publisher\" content=\"https:\/\/www.facebook.com\/elseta.co\" \/>\n<meta property=\"article:modified_time\" content=\"2026-04-08T11:49:41+00:00\" \/>\n<meta name=\"twitter:card\" content=\"summary_large_image\" \/>\n<meta name=\"twitter:label1\" content=\"Est. reading time\" \/>\n\t<meta name=\"twitter:data1\" content=\"2 minut\u0117s\" \/>\n<script type=\"application\/ld+json\" class=\"yoast-schema-graph\">{\"@context\":\"https:\/\/schema.org\",\"@graph\":[{\"@type\":\"WebPage\",\"@id\":\"https:\/\/elseta.com\/lt\/apie\/es-parama\/\",\"url\":\"https:\/\/elseta.com\/lt\/apie\/es-parama\/\",\"name\":\"ES Parama | Elseta\",\"isPartOf\":{\"@id\":\"https:\/\/elseta.com\/#website\"},\"datePublished\":\"2023-01-11T08:10:07+00:00\",\"dateModified\":\"2026-04-08T11:49:41+00:00\",\"description\":\"\u201eElseta\u201c dalyvauja Europos S\u0105jungos finansuojamuose projektuose, siekdama diegti inovacijas ir pl\u0117toti tvarias energetikos automatizavimo technologijas.\",\"breadcrumb\":{\"@id\":\"https:\/\/elseta.com\/lt\/apie\/es-parama\/#breadcrumb\"},\"inLanguage\":\"lt-LT\",\"potentialAction\":[{\"@type\":\"ReadAction\",\"target\":[\"https:\/\/elseta.com\/lt\/apie\/es-parama\/\"]}]},{\"@type\":\"BreadcrumbList\",\"@id\":\"https:\/\/elseta.com\/lt\/apie\/es-parama\/#breadcrumb\",\"itemListElement\":[{\"@type\":\"ListItem\",\"position\":1,\"name\":\"Home\",\"item\":\"https:\/\/elseta.com\/\"},{\"@type\":\"ListItem\",\"position\":2,\"name\":\"Apie\",\"item\":\"https:\/\/elseta.com\/lt\/apie\/\"},{\"@type\":\"ListItem\",\"position\":3,\"name\":\"ES Parama\"}]},{\"@type\":\"WebSite\",\"@id\":\"https:\/\/elseta.com\/#website\",\"url\":\"https:\/\/elseta.com\/\",\"name\":\"elseta.com\",\"description\":\"Medium and Low voltage electricity automation and digitalisation solutions\",\"publisher\":{\"@id\":\"https:\/\/elseta.com\/#organization\"},\"potentialAction\":[{\"@type\":\"SearchAction\",\"target\":{\"@type\":\"EntryPoint\",\"urlTemplate\":\"https:\/\/elseta.com\/?s={search_term_string}\"},\"query-input\":{\"@type\":\"PropertyValueSpecification\",\"valueRequired\":true,\"valueName\":\"search_term_string\"}}],\"inLanguage\":\"lt-LT\"},{\"@type\":\"Organization\",\"@id\":\"https:\/\/elseta.com\/#organization\",\"name\":\"Elseta\",\"url\":\"https:\/\/elseta.com\/\",\"logo\":{\"@type\":\"ImageObject\",\"inLanguage\":\"lt-LT\",\"@id\":\"https:\/\/elseta.com\/#\/schema\/logo\/image\/\",\"url\":\"https:\/\/elseta.com\/wp-content\/uploads\/ELSETA_logo.jpg\",\"contentUrl\":\"https:\/\/elseta.com\/wp-content\/uploads\/ELSETA_logo.jpg\",\"width\":590,\"height\":800,\"caption\":\"Elseta\"},\"image\":{\"@id\":\"https:\/\/elseta.com\/#\/schema\/logo\/image\/\"},\"sameAs\":[\"https:\/\/www.facebook.com\/elseta.co\",\"https:\/\/www.linkedin.com\/company\/elseta\/\"]}]}<\/script>\n<!-- \/ Yoast SEO plugin. -->","yoast_head_json":{"title":"ES Parama | elseta.com","description":"\u201eElseta\u201c dalyvauja Europos S\u0105jungos finansuojamuose projektuose, siekdama diegti inovacijas ir pl\u0117toti tvarias energetikos automatizavimo technologijas.","robots":{"index":"index","follow":"follow","max-snippet":"max-snippet:-1","max-image-preview":"max-image-preview:large","max-video-preview":"max-video-preview:-1"},"canonical":"https:\/\/elseta.com\/lt\/apie\/es-parama\/","og_locale":"lt_LT","og_type":"article","og_title":"ES Parama | Elseta","og_description":"\u201eElseta\u201c dalyvauja Europos S\u0105jungos finansuojamuose projektuose, siekdama diegti inovacijas ir pl\u0117toti tvarias energetikos automatizavimo technologijas.","og_url":"https:\/\/elseta.com\/lt\/apie\/es-parama\/","og_site_name":"Elseta","article_publisher":"https:\/\/www.facebook.com\/elseta.co","article_modified_time":"2026-04-08T11:49:41+00:00","twitter_card":"summary_large_image","twitter_misc":{"Est. reading time":"2 minut\u0117s"},"schema":{"@context":"https:\/\/schema.org","@graph":[{"@type":"WebPage","@id":"https:\/\/elseta.com\/lt\/apie\/es-parama\/","url":"https:\/\/elseta.com\/lt\/apie\/es-parama\/","name":"ES Parama | Elseta","isPartOf":{"@id":"https:\/\/elseta.com\/#website"},"datePublished":"2023-01-11T08:10:07+00:00","dateModified":"2026-04-08T11:49:41+00:00","description":"\u201eElseta\u201c dalyvauja Europos S\u0105jungos finansuojamuose projektuose, siekdama diegti inovacijas ir pl\u0117toti tvarias energetikos automatizavimo technologijas.","breadcrumb":{"@id":"https:\/\/elseta.com\/lt\/apie\/es-parama\/#breadcrumb"},"inLanguage":"lt-LT","potentialAction":[{"@type":"ReadAction","target":["https:\/\/elseta.com\/lt\/apie\/es-parama\/"]}]},{"@type":"BreadcrumbList","@id":"https:\/\/elseta.com\/lt\/apie\/es-parama\/#breadcrumb","itemListElement":[{"@type":"ListItem","position":1,"name":"Home","item":"https:\/\/elseta.com\/"},{"@type":"ListItem","position":2,"name":"Apie","item":"https:\/\/elseta.com\/lt\/apie\/"},{"@type":"ListItem","position":3,"name":"ES Parama"}]},{"@type":"WebSite","@id":"https:\/\/elseta.com\/#website","url":"https:\/\/elseta.com\/","name":"elseta.com","description":"Medium and Low voltage electricity automation and digitalisation solutions","publisher":{"@id":"https:\/\/elseta.com\/#organization"},"potentialAction":[{"@type":"SearchAction","target":{"@type":"EntryPoint","urlTemplate":"https:\/\/elseta.com\/?s={search_term_string}"},"query-input":{"@type":"PropertyValueSpecification","valueRequired":true,"valueName":"search_term_string"}}],"inLanguage":"lt-LT"},{"@type":"Organization","@id":"https:\/\/elseta.com\/#organization","name":"Elseta","url":"https:\/\/elseta.com\/","logo":{"@type":"ImageObject","inLanguage":"lt-LT","@id":"https:\/\/elseta.com\/#\/schema\/logo\/image\/","url":"https:\/\/elseta.com\/wp-content\/uploads\/ELSETA_logo.jpg","contentUrl":"https:\/\/elseta.com\/wp-content\/uploads\/ELSETA_logo.jpg","width":590,"height":800,"caption":"Elseta"},"image":{"@id":"https:\/\/elseta.com\/#\/schema\/logo\/image\/"},"sameAs":["https:\/\/www.facebook.com\/elseta.co","https:\/\/www.linkedin.com\/company\/elseta\/"]}]}},"_links":{"self":[{"href":"https:\/\/elseta.com\/lt\/wp-json\/wp\/v2\/pages\/2207","targetHints":{"allow":["GET"]}}],"collection":[{"href":"https:\/\/elseta.com\/lt\/wp-json\/wp\/v2\/pages"}],"about":[{"href":"https:\/\/elseta.com\/lt\/wp-json\/wp\/v2\/types\/page"}],"author":[{"embeddable":true,"href":"https:\/\/elseta.com\/lt\/wp-json\/wp\/v2\/users\/1"}],"replies":[{"embeddable":true,"href":"https:\/\/elseta.com\/lt\/wp-json\/wp\/v2\/comments?post=2207"}],"version-history":[{"count":15,"href":"https:\/\/elseta.com\/lt\/wp-json\/wp\/v2\/pages\/2207\/revisions"}],"predecessor-version":[{"id":5062,"href":"https:\/\/elseta.com\/lt\/wp-json\/wp\/v2\/pages\/2207\/revisions\/5062"}],"up":[{"embeddable":true,"href":"https:\/\/elseta.com\/lt\/wp-json\/wp\/v2\/pages\/593"}],"wp:attachment":[{"href":"https:\/\/elseta.com\/lt\/wp-json\/wp\/v2\/media?parent=2207"}],"curies":[{"name":"wp","href":"https:\/\/api.w.org\/{rel}","templated":true}]}}