{"id":2213,"date":"2023-02-01T22:22:33","date_gmt":"2023-02-01T20:22:33","guid":{"rendered":"https:\/\/elseta.com\/partneriai\/"},"modified":"2024-06-25T16:11:33","modified_gmt":"2024-06-25T13:11:33","slug":"partneriai","status":"publish","type":"page","link":"https:\/\/elseta.com\/lt\/partneriai\/","title":{"rendered":"Partneriai"},"content":{"rendered":"<p>[et_pb_section fb_built=&#8221;1&#8243; _builder_version=&#8221;4.17.6&#8243; _module_preset=&#8221;default&#8221; global_colors_info=&#8221;{}&#8221;][et_pb_row _builder_version=&#8221;4.17.6&#8243; _module_preset=&#8221;default&#8221; custom_margin=&#8221;||0px||false|false&#8221; custom_padding=&#8221;||0px||false|false&#8221; global_colors_info=&#8221;{}&#8221;][et_pb_column type=&#8221;4_4&#8243; _builder_version=&#8221;4.17.6&#8243; _module_preset=&#8221;default&#8221; global_colors_info=&#8221;{}&#8221;][et_pb_text _builder_version=&#8221;4.19.5&#8243; _module_preset=&#8221;default&#8221; header_font=&#8221;|700||on|||||&#8221; header_text_align=&#8221;center&#8221; header_2_text_align=&#8221;center&#8221; global_colors_info=&#8221;{}&#8221;]<\/p>\n<h2>Partneriai<\/h2>\n<p>[\/et_pb_text][et_pb_text _builder_version=&#8221;4.19.5&#8243; _module_preset=&#8221;default&#8221; global_colors_info=&#8221;{}&#8221;]<\/p>\n<p style=\"text-align: center;\"><strong>ELSETA PARTNERIAI<\/strong><\/p>\n<p>Veikl\u0105 u\u017esienyje siekiame vykdyti per partnerius, jei s\u0105ra\u0161e esantis partneris atstovauja m\u016bs\u0173 produktus nurodytoje \u0161alyje kvie\u010diame susisiekti su jais tiesiogiai, jei partnerio s\u0105ra\u0161e neradote ar jis jums neatsako \u012f u\u017eklaus\u0105 pra\u0161ome kreiptis \u012f mus el. pa\u0161tu sales@elseta.com<\/p>\n<p>[\/et_pb_text][\/et_pb_column][\/et_pb_row][et_pb_row column_structure=&#8221;1_4,1_2,1_4&#8243; use_custom_gutter=&#8221;on&#8221; gutter_width=&#8221;2&#8243; _builder_version=&#8221;4.19.5&#8243; _module_preset=&#8221;default&#8221; link_option_url=&#8221;http:\/\/aedilis.lt\/&#8221; link_option_url_new_window=&#8221;on&#8221; global_colors_info=&#8221;{}&#8221;][et_pb_column type=&#8221;1_4&#8243; _builder_version=&#8221;4.19.5&#8243; _module_preset=&#8221;default&#8221; global_colors_info=&#8221;{}&#8221;][et_pb_image src=&#8221;https:\/\/elseta.com\/wp-content\/uploads\/Aedilis-logo-NEW.jpg&#8221; title_text=&#8221;Aedilis-logo-NEW&#8221; align=&#8221;right&#8221; _builder_version=&#8221;4.19.5&#8243; _module_preset=&#8221;default&#8221; width=&#8221;50%&#8221; global_colors_info=&#8221;{}&#8221;][\/et_pb_image][\/et_pb_column][et_pb_column type=&#8221;1_2&#8243; _builder_version=&#8221;4.19.5&#8243; _module_preset=&#8221;default&#8221; global_colors_info=&#8221;{}&#8221;][et_pb_text _builder_version=&#8221;4.19.5&#8243; _module_preset=&#8221;default&#8221; global_colors_info=&#8221;{}&#8221;]<\/p>\n<h3>Aedilis integratorius Lietuvoje<\/h3>\n<p>AEDILIS yra in\u017einerin\u0117 \u012fmon\u0117, kuri specializuojasi pasto\u010di\u0173 automatizavimo ir pramon\u0117s automatikos infrastrukt\u016bros projektuose. <\/p>\n<p><a href=\"http:\/\/aedilis.lt\/\" target=\"_blank\" rel=\"noopener\">Aedilis<\/a><\/p>\n<p>[\/et_pb_text][\/et_pb_column][et_pb_column type=&#8221;1_4&#8243; _builder_version=&#8221;4.19.5&#8243; _module_preset=&#8221;default&#8221; global_colors_info=&#8221;{}&#8221;][\/et_pb_column][\/et_pb_row][et_pb_row column_structure=&#8221;1_4,1_2,1_4&#8243; use_custom_gutter=&#8221;on&#8221; gutter_width=&#8221;2&#8243; _builder_version=&#8221;4.19.5&#8243; _module_preset=&#8221;default&#8221; link_option_url=&#8221;https:\/\/elektrometal-energetyka.pl\/main-page\/&#8221; link_option_url_new_window=&#8221;on&#8221; global_colors_info=&#8221;{}&#8221;][et_pb_column type=&#8221;1_4&#8243; _builder_version=&#8221;4.19.5&#8243; _module_preset=&#8221;default&#8221; global_colors_info=&#8221;{}&#8221;][et_pb_image src=&#8221;https:\/\/elseta.com\/wp-content\/uploads\/elektrometal.png&#8221; title_text=&#8221;elektrometal&#8221; align=&#8221;right&#8221; _builder_version=&#8221;4.19.5&#8243; _module_preset=&#8221;default&#8221; width=&#8221;100%&#8221; global_colors_info=&#8221;{}&#8221;][\/et_pb_image][\/et_pb_column][et_pb_column type=&#8221;1_2&#8243; _builder_version=&#8221;4.19.5&#8243; _module_preset=&#8221;default&#8221; global_colors_info=&#8221;{}&#8221;][et_pb_text _builder_version=&#8221;4.19.5&#8243; _module_preset=&#8221;default&#8221; global_colors_info=&#8221;{}&#8221;]<\/p>\n<h3>Elektrometal Energetyka partneris Lenkijoje<\/h3>\n<p>Teikia elektros energetikos sprendimus Lenkijoje. Gamina vidutin\u0117s \u012ftampos elektros energijos skirstymo \u012frenginius, kuri\u0105 mikroprocesorines reles<br \/>ir valdymo sistemas.<\/p>\n<p><a href=\"https:\/\/elektrometal-energetyka.pl\/main-page\/\" target=\"_blank\" rel=\"noopener\">Elektrometal Energetyka<\/a><\/p>\n<p>[\/et_pb_text][\/et_pb_column][et_pb_column type=&#8221;1_4&#8243; _builder_version=&#8221;4.19.5&#8243; _module_preset=&#8221;default&#8221; global_colors_info=&#8221;{}&#8221;][\/et_pb_column][\/et_pb_row][et_pb_row column_structure=&#8221;1_4,1_2,1_4&#8243; use_custom_gutter=&#8221;on&#8221; gutter_width=&#8221;2&#8243; _builder_version=&#8221;4.19.5&#8243; _module_preset=&#8221;default&#8221; link_option_url=&#8221;http:\/\/nourden.com\/&#8221; link_option_url_new_window=&#8221;on&#8221; global_colors_info=&#8221;{}&#8221;][et_pb_column type=&#8221;1_4&#8243; _builder_version=&#8221;4.19.5&#8243; _module_preset=&#8221;default&#8221; global_colors_info=&#8221;{}&#8221;][et_pb_image src=&#8221;https:\/\/elseta.com\/wp-content\/uploads\/16207524778594.png&#8221; title_text=&#8221;16207524778594&#8243; align=&#8221;right&#8221; _builder_version=&#8221;4.19.5&#8243; _module_preset=&#8221;default&#8221; width=&#8221;55%&#8221; global_colors_info=&#8221;{}&#8221;][\/et_pb_image][\/et_pb_column][et_pb_column type=&#8221;1_2&#8243; _builder_version=&#8221;4.19.5&#8243; _module_preset=&#8221;default&#8221; global_colors_info=&#8221;{}&#8221;][et_pb_text _builder_version=&#8221;4.19.5&#8243; _module_preset=&#8221;default&#8221; global_colors_info=&#8221;{}&#8221;]<\/p>\n<h3>Nourden partneris Jordanijos karalyst\u0117je<\/h3>\n<p>\u012emon\u0117 Jordanijoje, tiekia auk\u0161tai ir vidutinei \u012ftampai skirtus skirstymo \u012frenginius ir pastotes, \u017eemos \u012ftampos skirstom\u0173j\u0173 \u012frengini\u0173 gaminius ir kit\u0105 susijusi\u0105 \u012frang\u0105.<\/p>\n<p><a href=\"http:\/\/nourden.com\/\" target=\"_blank\" rel=\"noopener\">NourDen<\/a><\/p>\n<p>[\/et_pb_text][\/et_pb_column][et_pb_column type=&#8221;1_4&#8243; _builder_version=&#8221;4.19.5&#8243; _module_preset=&#8221;default&#8221; global_colors_info=&#8221;{}&#8221;][\/et_pb_column][\/et_pb_row][et_pb_row column_structure=&#8221;1_4,1_2,1_4&#8243; use_custom_gutter=&#8221;on&#8221; gutter_width=&#8221;2&#8243; _builder_version=&#8221;4.19.5&#8243; _module_preset=&#8221;default&#8221; link_option_url=&#8221;https:\/\/emtele.com\/&#8221; link_option_url_new_window=&#8221;on&#8221; global_colors_info=&#8221;{}&#8221;][et_pb_column type=&#8221;1_4&#8243; _builder_version=&#8221;4.19.5&#8243; _module_preset=&#8221;default&#8221; global_colors_info=&#8221;{}&#8221;][et_pb_image src=&#8221;https:\/\/elseta.com\/wp-content\/uploads\/emtele_logo.png&#8221; title_text=&#8221;emtele_logo&#8221; align=&#8221;right&#8221; _builder_version=&#8221;4.19.5&#8243; _module_preset=&#8221;default&#8221; global_colors_info=&#8221;{}&#8221;][\/et_pb_image][\/et_pb_column][et_pb_column type=&#8221;1_2&#8243; _builder_version=&#8221;4.19.5&#8243; _module_preset=&#8221;default&#8221; global_colors_info=&#8221;{}&#8221;][et_pb_text _builder_version=&#8221;4.19.5&#8243; _module_preset=&#8221;default&#8221; global_colors_info=&#8221;{}&#8221;]<\/p>\n<h3>Emtele partneris Suomijoje<\/h3>\n<p>In\u017einerin\u0117 kompanija i\u0161 Suomijos. Emtele si\u016blo intelektualius sprendimus: ilgalaikes paslaug\u0173 sutartis, trunkan\u010dias net iki 15 met\u0173 arba vis\u0105 gyvavimo cikl\u0105 su vienu operatoriumi. Emtele prisiima vis\u0105 atsakomyb\u0119 u\u017e vis\u0105 ry\u0161io kanal\u0105 nuo pastot\u0117s iki valdymo sistemos ir r\u016bpinasi \u012frangos pristatymu, prie\u017ei\u016bra, bei gedim\u0173 \u0161alinimu eksploatacijos laikotarpiu.<\/p>\n<p><a href=\"https:\/\/emtele.com\/\" target=\"_blank\" rel=\"noopener\">Emtele<\/a><\/p>\n<p>[\/et_pb_text][\/et_pb_column][et_pb_column type=&#8221;1_4&#8243; _builder_version=&#8221;4.19.5&#8243; _module_preset=&#8221;default&#8221; global_colors_info=&#8221;{}&#8221;][\/et_pb_column][\/et_pb_row][et_pb_row column_structure=&#8221;1_4,1_2,1_4&#8243; use_custom_gutter=&#8221;on&#8221; gutter_width=&#8221;2&#8243; _builder_version=&#8221;4.20.2&#8243; _module_preset=&#8221;default&#8221; link_option_url=&#8221;https:\/\/www.protasis.net.gr&#8221; link_option_url_new_window=&#8221;on&#8221; global_colors_info=&#8221;{}&#8221;][et_pb_column type=&#8221;1_4&#8243; _builder_version=&#8221;4.19.5&#8243; _module_preset=&#8221;default&#8221; global_colors_info=&#8221;{}&#8221;][et_pb_image src=&#8221;https:\/\/elseta.com\/wp-content\/uploads\/Protasis-logo.png&#8221; title_text=&#8221;Protasis logo&#8221; url=&#8221;https:\/\/www.protasis.net.gr&#8221; align=&#8221;right&#8221; _builder_version=&#8221;4.20.2&#8243; _module_preset=&#8221;default&#8221; width=&#8221;63%&#8221; max_width=&#8221;71%&#8221; global_colors_info=&#8221;{}&#8221;][\/et_pb_image][\/et_pb_column][et_pb_column type=&#8221;1_2&#8243; _builder_version=&#8221;4.19.5&#8243; _module_preset=&#8221;default&#8221; global_colors_info=&#8221;{}&#8221;][et_pb_text _builder_version=&#8221;4.19.5&#8243; _module_preset=&#8221;default&#8221; global_colors_info=&#8221;{}&#8221;]<\/p>\n<h3>Protasis m\u016bs\u0173 partneris Graikijoje projektams atsinaujinan\u010dioje energetikoje <\/h3>\n<p>PROTASIS teikia <span>\u012fvairias ekspertines paslaugas elektros energijos gamybos \u012fmon\u0117ms, IPP ir <span style=\"text-decoration: underline;\">atsinaujinan\u010diosios energijos sektoriui<\/span>, \u012fskaitant vertinim\u0105, konsultavim\u0105, in\u017einerin\u012f projektavim\u0105, bandymus, technin\u0119 prie\u017ei\u016br\u0105, mokym\u0105 ir eksploatavim\u0105, kad b\u016bt\u0173 patenkinti bet kurios elektros energijos gamybos \u012fmon\u0117s strateginiai ir eksploataciniai reikalavimai<\/span>.<\/p>\n<p><a href=\"https:\/\/www.protasis.net.gr\" target=\"_blank\" rel=\"noopener\">Protasis<\/a><\/p>\n<p>[\/et_pb_text][\/et_pb_column][et_pb_column type=&#8221;1_4&#8243; _builder_version=&#8221;4.19.5&#8243; _module_preset=&#8221;default&#8221; global_colors_info=&#8221;{}&#8221;][\/et_pb_column][\/et_pb_row][et_pb_row column_structure=&#8221;1_4,1_2,1_4&#8243; use_custom_gutter=&#8221;on&#8221; gutter_width=&#8221;2&#8243; _builder_version=&#8221;4.20.2&#8243; _module_preset=&#8221;default&#8221; link_option_url=&#8221;https:\/\/www.safetrack.se&#8221; link_option_url_new_window=&#8221;on&#8221; hover_enabled=&#8221;0&#8243; global_colors_info=&#8221;{}&#8221; sticky_enabled=&#8221;0&#8243;][et_pb_column type=&#8221;1_4&#8243; _builder_version=&#8221;4.19.5&#8243; _module_preset=&#8221;default&#8221; global_colors_info=&#8221;{}&#8221;][et_pb_image src=&#8221;https:\/\/elseta.com\/wp-content\/uploads\/safetrack-logo.png&#8221; title_text=&#8221;safetrack-logo&#8221; url=&#8221;https:\/\/www.safetrack.se&#8221; align=&#8221;right&#8221; _builder_version=&#8221;4.20.2&#8243; _module_preset=&#8221;default&#8221; width=&#8221;63%&#8221; max_width=&#8221;71%&#8221; global_colors_info=&#8221;{}&#8221;][\/et_pb_image][\/et_pb_column][et_pb_column type=&#8221;1_2&#8243; _builder_version=&#8221;4.19.5&#8243; _module_preset=&#8221;default&#8221; global_colors_info=&#8221;{}&#8221;][et_pb_text _builder_version=&#8221;4.20.2&#8243; _module_preset=&#8221;default&#8221; hover_enabled=&#8221;0&#8243; global_colors_info=&#8221;{}&#8221; sticky_enabled=&#8221;0&#8243;]<\/p>\n<h3>Safetrack patneris Australijos rinkoje<\/h3>\n<p><span>&#8222;Safetrack&#8221; yra gerai \u017einomas gamintojas ir platintojas, kurio specializacija &#8211; katodin\u0117s apsaugos, \u012f\u017eeminimo ir elektros kabeli\u0173 sujungimo sistemos gele\u017einkeliams, bet \u010dia kompetencija neapsiriboja tik kabeli\u0173 sujungimo sistemomis. Jie tiekia specializuotas patalpas, ap\u0161vietim\u0105 ir saugos \u012frang\u0105 statyb\u0173, policijos ir gelb\u0117jimo sektoriams, teikdami auk\u0161\u010diausios kokyb\u0117s saug\u0105 ir visapusi\u0161kus sprendimus, padedan\u010dius vykdyti gyvybi\u0161kai svarbias operacijas.<\/span><\/p>\n<p><a href=\"https:\/\/www.safetrack.se\" target=\"_blank\" rel=\"noopener\">Safetrack<\/a><\/p>\n<p>[\/et_pb_text][\/et_pb_column][et_pb_column type=&#8221;1_4&#8243; _builder_version=&#8221;4.19.5&#8243; _module_preset=&#8221;default&#8221; global_colors_info=&#8221;{}&#8221;][\/et_pb_column][\/et_pb_row][\/et_pb_section]<\/p>\n","protected":false},"excerpt":{"rendered":"<p>PartneriaiELSETA PARTNERIAI Veikl\u0105 u\u017esienyje siekiame vykdyti per partnerius, jei s\u0105ra\u0161e esantis partneris atstovauja m\u016bs\u0173 produktus nurodytoje \u0161alyje kvie\u010diame susisiekti su jais tiesiogiai, jei partnerio s\u0105ra\u0161e neradote ar jis jums neatsako \u012f u\u017eklaus\u0105 pra\u0161ome kreiptis \u012f mus el. pa\u0161tu sales@elseta.comAedilis integratorius Lietuvoje AEDILIS yra in\u017einerin\u0117 \u012fmon\u0117, kuri specializuojasi pasto\u010di\u0173 automatizavimo ir pramon\u0117s automatikos infrastrukt\u016bros projektuose. AedilisElektrometal [&hellip;]<\/p>\n","protected":false},"author":1,"featured_media":0,"parent":0,"menu_order":0,"comment_status":"closed","ping_status":"closed","template":"","meta":{"_acf_changed":false,"_et_pb_use_builder":"on","_et_pb_old_content":"","_et_gb_content_width":"","footnotes":""},"class_list":["post-2213","page","type-page","status-publish","hentry"],"acf":[],"yoast_head":"<!-- This site is optimized with the Yoast SEO plugin v25.5 - https:\/\/yoast.com\/wordpress\/plugins\/seo\/ -->\n<title>Partneriai | elseta.com<\/title>\n<meta name=\"robots\" content=\"index, follow, max-snippet:-1, max-image-preview:large, max-video-preview:-1\" \/>\n<link rel=\"canonical\" href=\"https:\/\/elseta.com\/lt\/partneriai\/\" \/>\n<meta property=\"og:locale\" content=\"lt_LT\" \/>\n<meta property=\"og:type\" content=\"article\" \/>\n<meta property=\"og:title\" content=\"Partneriai | Elseta\" \/>\n<meta property=\"og:description\" content=\"PartneriaiELSETA PARTNERIAI Veikl\u0105 u\u017esienyje siekiame vykdyti per partnerius, jei s\u0105ra\u0161e esantis partneris atstovauja m\u016bs\u0173 produktus nurodytoje \u0161alyje kvie\u010diame susisiekti su jais tiesiogiai, jei partnerio s\u0105ra\u0161e neradote ar jis jums neatsako \u012f u\u017eklaus\u0105 pra\u0161ome kreiptis \u012f mus el. pa\u0161tu sales@elseta.comAedilis integratorius Lietuvoje AEDILIS yra in\u017einerin\u0117 \u012fmon\u0117, kuri specializuojasi pasto\u010di\u0173 automatizavimo ir pramon\u0117s automatikos infrastrukt\u016bros projektuose. AedilisElektrometal [&hellip;]\" \/>\n<meta property=\"og:url\" content=\"https:\/\/elseta.com\/lt\/partneriai\/\" \/>\n<meta property=\"og:site_name\" content=\"Elseta\" \/>\n<meta property=\"article:publisher\" content=\"https:\/\/www.facebook.com\/elseta.co\" \/>\n<meta property=\"article:modified_time\" content=\"2024-06-25T13:11:33+00:00\" \/>\n<meta name=\"twitter:card\" content=\"summary_large_image\" \/>\n<meta name=\"twitter:label1\" content=\"Est. reading time\" \/>\n\t<meta name=\"twitter:data1\" content=\"6 minut\u0117s\" \/>\n<script type=\"application\/ld+json\" class=\"yoast-schema-graph\">{\"@context\":\"https:\/\/schema.org\",\"@graph\":[{\"@type\":\"WebPage\",\"@id\":\"https:\/\/elseta.com\/lt\/partneriai\/\",\"url\":\"https:\/\/elseta.com\/lt\/partneriai\/\",\"name\":\"Partneriai | Elseta\",\"isPartOf\":{\"@id\":\"https:\/\/elseta.com\/#website\"},\"datePublished\":\"2023-02-01T20:22:33+00:00\",\"dateModified\":\"2024-06-25T13:11:33+00:00\",\"breadcrumb\":{\"@id\":\"https:\/\/elseta.com\/lt\/partneriai\/#breadcrumb\"},\"inLanguage\":\"lt-LT\",\"potentialAction\":[{\"@type\":\"ReadAction\",\"target\":[\"https:\/\/elseta.com\/lt\/partneriai\/\"]}]},{\"@type\":\"BreadcrumbList\",\"@id\":\"https:\/\/elseta.com\/lt\/partneriai\/#breadcrumb\",\"itemListElement\":[{\"@type\":\"ListItem\",\"position\":1,\"name\":\"Home\",\"item\":\"https:\/\/elseta.com\/\"},{\"@type\":\"ListItem\",\"position\":2,\"name\":\"Partneriai\"}]},{\"@type\":\"WebSite\",\"@id\":\"https:\/\/elseta.com\/#website\",\"url\":\"https:\/\/elseta.com\/\",\"name\":\"elseta.com\",\"description\":\"Medium and Low voltage electricity automation and digitalisation solutions\",\"publisher\":{\"@id\":\"https:\/\/elseta.com\/#organization\"},\"potentialAction\":[{\"@type\":\"SearchAction\",\"target\":{\"@type\":\"EntryPoint\",\"urlTemplate\":\"https:\/\/elseta.com\/?s={search_term_string}\"},\"query-input\":{\"@type\":\"PropertyValueSpecification\",\"valueRequired\":true,\"valueName\":\"search_term_string\"}}],\"inLanguage\":\"lt-LT\"},{\"@type\":\"Organization\",\"@id\":\"https:\/\/elseta.com\/#organization\",\"name\":\"Elseta\",\"url\":\"https:\/\/elseta.com\/\",\"logo\":{\"@type\":\"ImageObject\",\"inLanguage\":\"lt-LT\",\"@id\":\"https:\/\/elseta.com\/#\/schema\/logo\/image\/\",\"url\":\"https:\/\/elseta.com\/wp-content\/uploads\/ELSETA_logo.jpg\",\"contentUrl\":\"https:\/\/elseta.com\/wp-content\/uploads\/ELSETA_logo.jpg\",\"width\":590,\"height\":800,\"caption\":\"Elseta\"},\"image\":{\"@id\":\"https:\/\/elseta.com\/#\/schema\/logo\/image\/\"},\"sameAs\":[\"https:\/\/www.facebook.com\/elseta.co\",\"https:\/\/www.linkedin.com\/company\/elseta\/\"]}]}<\/script>\n<!-- \/ Yoast SEO plugin. -->","yoast_head_json":{"title":"Partneriai | elseta.com","robots":{"index":"index","follow":"follow","max-snippet":"max-snippet:-1","max-image-preview":"max-image-preview:large","max-video-preview":"max-video-preview:-1"},"canonical":"https:\/\/elseta.com\/lt\/partneriai\/","og_locale":"lt_LT","og_type":"article","og_title":"Partneriai | Elseta","og_description":"PartneriaiELSETA PARTNERIAI Veikl\u0105 u\u017esienyje siekiame vykdyti per partnerius, jei s\u0105ra\u0161e esantis partneris atstovauja m\u016bs\u0173 produktus nurodytoje \u0161alyje kvie\u010diame susisiekti su jais tiesiogiai, jei partnerio s\u0105ra\u0161e neradote ar jis jums neatsako \u012f u\u017eklaus\u0105 pra\u0161ome kreiptis \u012f mus el. pa\u0161tu sales@elseta.comAedilis integratorius Lietuvoje AEDILIS yra in\u017einerin\u0117 \u012fmon\u0117, kuri specializuojasi pasto\u010di\u0173 automatizavimo ir pramon\u0117s automatikos infrastrukt\u016bros projektuose. AedilisElektrometal [&hellip;]","og_url":"https:\/\/elseta.com\/lt\/partneriai\/","og_site_name":"Elseta","article_publisher":"https:\/\/www.facebook.com\/elseta.co","article_modified_time":"2024-06-25T13:11:33+00:00","twitter_card":"summary_large_image","twitter_misc":{"Est. reading time":"6 minut\u0117s"},"schema":{"@context":"https:\/\/schema.org","@graph":[{"@type":"WebPage","@id":"https:\/\/elseta.com\/lt\/partneriai\/","url":"https:\/\/elseta.com\/lt\/partneriai\/","name":"Partneriai | Elseta","isPartOf":{"@id":"https:\/\/elseta.com\/#website"},"datePublished":"2023-02-01T20:22:33+00:00","dateModified":"2024-06-25T13:11:33+00:00","breadcrumb":{"@id":"https:\/\/elseta.com\/lt\/partneriai\/#breadcrumb"},"inLanguage":"lt-LT","potentialAction":[{"@type":"ReadAction","target":["https:\/\/elseta.com\/lt\/partneriai\/"]}]},{"@type":"BreadcrumbList","@id":"https:\/\/elseta.com\/lt\/partneriai\/#breadcrumb","itemListElement":[{"@type":"ListItem","position":1,"name":"Home","item":"https:\/\/elseta.com\/"},{"@type":"ListItem","position":2,"name":"Partneriai"}]},{"@type":"WebSite","@id":"https:\/\/elseta.com\/#website","url":"https:\/\/elseta.com\/","name":"elseta.com","description":"Medium and Low voltage electricity automation and digitalisation solutions","publisher":{"@id":"https:\/\/elseta.com\/#organization"},"potentialAction":[{"@type":"SearchAction","target":{"@type":"EntryPoint","urlTemplate":"https:\/\/elseta.com\/?s={search_term_string}"},"query-input":{"@type":"PropertyValueSpecification","valueRequired":true,"valueName":"search_term_string"}}],"inLanguage":"lt-LT"},{"@type":"Organization","@id":"https:\/\/elseta.com\/#organization","name":"Elseta","url":"https:\/\/elseta.com\/","logo":{"@type":"ImageObject","inLanguage":"lt-LT","@id":"https:\/\/elseta.com\/#\/schema\/logo\/image\/","url":"https:\/\/elseta.com\/wp-content\/uploads\/ELSETA_logo.jpg","contentUrl":"https:\/\/elseta.com\/wp-content\/uploads\/ELSETA_logo.jpg","width":590,"height":800,"caption":"Elseta"},"image":{"@id":"https:\/\/elseta.com\/#\/schema\/logo\/image\/"},"sameAs":["https:\/\/www.facebook.com\/elseta.co","https:\/\/www.linkedin.com\/company\/elseta\/"]}]}},"_links":{"self":[{"href":"https:\/\/elseta.com\/lt\/wp-json\/wp\/v2\/pages\/2213","targetHints":{"allow":["GET"]}}],"collection":[{"href":"https:\/\/elseta.com\/lt\/wp-json\/wp\/v2\/pages"}],"about":[{"href":"https:\/\/elseta.com\/lt\/wp-json\/wp\/v2\/types\/page"}],"author":[{"embeddable":true,"href":"https:\/\/elseta.com\/lt\/wp-json\/wp\/v2\/users\/1"}],"replies":[{"embeddable":true,"href":"https:\/\/elseta.com\/lt\/wp-json\/wp\/v2\/comments?post=2213"}],"version-history":[{"count":10,"href":"https:\/\/elseta.com\/lt\/wp-json\/wp\/v2\/pages\/2213\/revisions"}],"predecessor-version":[{"id":3075,"href":"https:\/\/elseta.com\/lt\/wp-json\/wp\/v2\/pages\/2213\/revisions\/3075"}],"wp:attachment":[{"href":"https:\/\/elseta.com\/lt\/wp-json\/wp\/v2\/media?parent=2213"}],"curies":[{"name":"wp","href":"https:\/\/api.w.org\/{rel}","templated":true}]}}