{"id":2613,"date":"2023-01-03T20:08:43","date_gmt":"2023-01-03T18:08:43","guid":{"rendered":"https:\/\/elseta.com\/pagalba\/"},"modified":"2024-07-01T15:34:50","modified_gmt":"2024-07-01T12:34:50","slug":"pagalba","status":"publish","type":"page","link":"https:\/\/elseta.com\/lt\/pagalba\/","title":{"rendered":"Pagalba"},"content":{"rendered":"<p>[et_pb_section fb_built=&#8221;1&#8243; _builder_version=&#8221;4.17.6&#8243; _module_preset=&#8221;default&#8221; global_colors_info=&#8221;{}&#8221;][et_pb_row _builder_version=&#8221;4.17.6&#8243; _module_preset=&#8221;default&#8221; custom_margin=&#8221;||0px||false|false&#8221; custom_padding=&#8221;7px||0px||false|false&#8221; global_colors_info=&#8221;{}&#8221;][et_pb_column type=&#8221;4_4&#8243; _builder_version=&#8221;4.17.6&#8243; _module_preset=&#8221;default&#8221; global_colors_info=&#8221;{}&#8221;][\/et_pb_column][\/et_pb_row][et_pb_row column_structure=&#8221;2_5,3_5&#8243; _builder_version=&#8221;4.17.6&#8243; _module_preset=&#8221;default&#8221; custom_margin=&#8221;||0px||false|false&#8221; custom_padding=&#8221;||0px||false|false&#8221; global_colors_info=&#8221;{}&#8221;][et_pb_column type=&#8221;2_5&#8243; _builder_version=&#8221;4.17.6&#8243; _module_preset=&#8221;default&#8221; global_colors_info=&#8221;{}&#8221;][et_pb_image src=&#8221;https:\/\/elseta.com\/wp-content\/uploads\/elseta-logo-1024.png&#8221; title_text=&#8221;elseta-logo-1024&#8243; align=&#8221;center&#8221; _builder_version=&#8221;4.19.4&#8243; _module_preset=&#8221;default&#8221; global_colors_info=&#8221;{}&#8221;][\/et_pb_image][\/et_pb_column][et_pb_column type=&#8221;3_5&#8243; _builder_version=&#8221;4.17.6&#8243; _module_preset=&#8221;default&#8221; global_colors_info=&#8221;{}&#8221;][et_pb_text _builder_version=&#8221;4.19.4&#8243; _module_preset=&#8221;default&#8221; header_font=&#8221;|700||on|||||&#8221; header_text_align=&#8221;center&#8221; global_colors_info=&#8221;{}&#8221;]<\/p>\n<h1 style=\"text-align: left;\">Pagalba<\/h1>\n<p><span>Elsetoje mes suprantame, kad pagalba klientams yra labai svarbi siekiant u\u017etikrinti skland\u0173 m\u016bs\u0173 produkt\u0173 naudojim\u0105 ir maksimali\u0105 vert\u0119 klientui. M\u016bs\u0173 klient\u0173 palaikymo komanda yra pasirengusi pad\u0117ti jums spr\u0119sti bet kokius sunkumus, su kuriais susiduriate diegdami ar naudodami m\u016bs\u0173 produktas.<\/span><\/p>\n<h3><strong>Kaip galime Jums pad\u0117ti?<\/strong><\/h3>\n<p><strong>Padedame spr\u0119sti problemas<\/strong>: susid\u016br\u0117te su i\u0161\u0161\u016bkiais? M\u016bs\u0173 komanda yra pasirengusi pad\u0117ti jums greitai ir veiksmingai i\u0161spr\u0119sti problemas, u\u017etikrindama minimalias prastovas ir trikd\u017eius.<\/p>\n<p><strong style=\"font-size: 16px;\">Dalinam\u0117s \u017einiomis<\/strong><span style=\"font-size: 16px;\">: Tikime, kad savo klientams galime suteikti daugiau \u017eini\u0173 ir taip sukurti daugiau galimybi\u0173. M\u016bs\u0173 pagalba apima i\u0161samius gamini\u0173 naudojimo apra\u0161ymus, padedan\u010dius suprasti ir i\u0161naudoti visas m\u016bs\u0173 gamini\u0173 galimybes.<\/span><\/p>\n<p><strong style=\"font-size: 16px;\">Konfig\u016bravimo pagalba<\/strong><span style=\"font-size: 16px;\">: M\u016bs\u0173 gamini\u0173 konfig\u016bravimas gali b\u016bti sud\u0117tingas. Tad m\u016bs\u0173 komanda pad\u0117s jums atlikti \u0161\u012f proces\u0105 skland\u017eiau ir papras\u010diau. Mes supa\u017eindinsime su \u012franga ir konfig\u016bravimo galimyb\u0117mis.<\/span><\/p>\n<p><strong style=\"font-size: 16px;\">Padedame kurti sprendimus<\/strong><span style=\"font-size: 16px;\">: Norite sukurti unikal\u0173 sprendim\u0105? Mes padedame parinkti m\u016bs\u0173 gaminius prie j\u016bs\u0173 sprendimo reikalavim\u0173, bendradarbiaudami su jumis, kad pad\u0117tume jums \u012fgyvendinti savo dr\u0105sias id\u0117jas.<\/span><\/p>\n<p><strong>Susisiekite su mumis:<\/strong><\/p>\n<p>Jei turite su gaminiais susijusi\u0173 klausim\u0173, susisiekite su mumis el. pa\u0161tu <a target=\"_new\" href=\"mailto:%20support@elseta.com\" rel=\"noopener\">support@elseta.com<\/a>. M\u016bs\u0173 komanda yra mielai suteiks pagalb\u0105, kad J\u016bs\u0173 patirtis naudojant m\u016bs\u0173 produktus b\u016bt\u0173 sklandi ir produktyvi.<\/p>\n<p>J\u016bs\u0173 s\u0117km\u0117 yra m\u016bs\u0173 prioritetas. Leiskite pad\u0117ti jums \u012fveikti i\u0161\u0161\u016bkius ir maksimaliai i\u0161naudoti Elseta darbuotoj\u0173 patirt\u012f.<\/p>\n<p>&nbsp;<\/p>\n<p>[\/et_pb_text][et_pb_text _builder_version=&#8221;4.19.4&#8243; _module_preset=&#8221;default&#8221; global_colors_info=&#8221;{}&#8221;]<\/p>\n<h2>Atsisiuntimai<\/h2>\n<p>\u010cia rasite vartotoj\u0173 vadovus ir programin\u0117s \u012frangos atnaujinimus.<\/p>\n<p>Naujausi\u0105 informacij\u0105, rasite po pateiktomis nuorodomis:<\/p>\n<ul>\n<li><a href=\"https:\/\/wiki.elseta.com\/\" target=\"_blank\" rel=\"noopener\">WCClite<\/a><\/li>\n<li><a href=\"https:\/\/wiki.elseta.com\/\" target=\"_blank\" rel=\"noopener\">IOMod<\/a><\/li>\n<li><a href=\"https:\/\/wiki.elseta.com\/\" target=\"_blank\" rel=\"noopener\">MV Beacon<\/a><\/li>\n<li><a href=\"https:\/\/wiki.elseta.com\/\" target=\"_blank\" rel=\"noopener\">The Vinci Expert<\/a><\/li>\n<li><a href=\"https:\/\/wiki.elseta.com\/\" target=\"_blank\" rel=\"noopener\">The Vinci Software<\/a><\/li>\n<li><a href=\"https:\/\/wiki.elseta.com\/\" target=\"_blank\" rel=\"noopener\">VPN Hub<\/a><\/li>\n<\/ul>\n<p>&nbsp;<\/p>\n<p>[\/et_pb_text][\/et_pb_column][\/et_pb_row][et_pb_row column_structure=&#8221;2_5,3_5&#8243; module_id=&#8221;rma&#8221; _builder_version=&#8221;4.23.1&#8243; _module_preset=&#8221;default&#8221; global_colors_info=&#8221;{}&#8221;][et_pb_column type=&#8221;2_5&#8243; _builder_version=&#8221;4.23.1&#8243; _module_preset=&#8221;default&#8221; global_colors_info=&#8221;{}&#8221;][\/et_pb_column][et_pb_column type=&#8221;3_5&#8243; _builder_version=&#8221;4.23.1&#8243; _module_preset=&#8221;default&#8221; global_colors_info=&#8221;{}&#8221;][et_pb_text _builder_version=&#8221;4.23.1&#8243; _module_preset=&#8221;default&#8221; global_colors_info=&#8221;{}&#8221;]<\/p>\n<h2>Garantinis ir pogarantinis aptarnavimas (RMA)<\/h2>\n<p>Visi Elseta gaminiai atitinka specifinius pramon\u0117s reikalavimus nuo projektavimo, patvirtinimo gaminti iki gamybos. Visiems \u012frenginiams suteikiama 2 met\u0173 gamintojo garantija Elseta, UAB klientams.<\/p>\n<p><strong>Pastaba:<\/strong> Garantinis laikotarpis skai\u010diuojamas nuo Elseta PVM s\u0105skaitos fakt\u016bros i\u0161ra\u0161ymo datos, jei nebuvo sutarta kitaip.<\/p>\n<p>Jei gaminiui reikia prie\u017ei\u016bros ar remonto, susisiekite su Elseta, UAB garantinio ir pogarantinio aptarnavimo (RMA) centru support@elseta.com<\/p>\n<p><strong>Pastaba:<\/strong> Prie\u0161 i\u0161siun\u010diant mums gamin\u012f pra\u0161ome u\u017epildyti RMA form\u0105 ir j\u0105 atsi\u0173sti mums el. pa\u0161tu.<\/p>\n<p>Mes labai d\u017eiaugsim\u0117s gal\u0117dami jums pad\u0117ti.<\/p>\n<p><a href=\"https:\/\/elseta.com\/wp-content\/uploads\/RMA-form-v1.docx\">RMA forma<\/a><\/p>\n<h3>RMA kriterijai<\/h3>\n<p>\u0160i garantija netaikoma defektams ar gedimams, atsiradusiems d\u0117l netinkamo naudojimo, piktnaud\u017eiavimo ar netinkamos technin\u0117s prie\u017ei\u016bros, nesilaikant naudojimo instrukcij\u0173 arba naudojant ne pagal paskirt\u012f.<\/p>\n<p>Klientai gali gr\u0105\u017einti gaminius tik d\u0117l gaminio defekto ar gamybos klaidos ir tik tada, kai i\u0161duotas gr\u0105\u017eintin\u0173 med\u017eiag\u0173 leidimo (RMA) numeris.<\/p>\n<p>\u00b7 Produktai turi b\u016bti \u012fsigyti tiesiogiai i\u0161 Elseta, UAB.<\/p>\n<p>\u00b7 U\u017eklausas d\u0117l taisykli\u0173 neatitinkan\u010di\u0173 preki\u0173 gr\u0105\u017einimo turi priimti Elseta, UAB. Gali b\u016bti taikomas preki\u0173 transportavimo mokestis.<\/p>\n<p>\u00b7 Gaminiai turi b\u016bti pristatyti \u012f Elseta, UAB per 60 dien\u0173 nuo RMA formos i\u0161siuntimo dienos.<\/p>\n<p>Jei gamin\u012f \u012fsigijote ne tiesiogiai i\u0161 Elseta, UAB, vis\u0105 informacij\u0105 apie Elseta, UAB gamini\u0173 gr\u0105\u017einim\u0105 suteiks platintojo, integratoriaus arba perpardav\u0117jo kontaktiniai asmenys.<\/p>\n<h3>RMA gr\u0105\u017einimo instrukcijos<\/h3>\n<p>U\u017epildykite RMA WEB form\u0105 ir pateikite j\u0105 m\u016bs\u0173 sistemai, mes patikrinsime vis\u0105 informacij\u0105 ir atsakysime jums per 48 valandas. RMA numeris su RMA u\u017eklausos forma bus i\u0161si\u0173stas el. pa\u0161tu. Jei per 48 valandas negausite RMA numerio, ra\u0161ykite el. pa\u0161tu support@elseta.com.<\/p>\n<p>Med\u017eiaga turi b\u016bti tinkamai supakuota (pageidautina originalioje d\u0117\u017eut\u0117je);<\/p>\n<p>* Klientas prisiima vis\u0105 atsakomyb\u0119 u\u017e tinkam\u0105 Elseta, UAB gr\u0105\u017einamos \u012frangos supakavim\u0105;<\/p>\n<p>RMA numeris turi b\u016bti ai\u0161kiai pa\u017eym\u0117tas ant i\u0161orin\u0117s d\u0117\u017e\u0117s dalies;<\/p>\n<p>Atsispausdinkite gaut\u0105 prek\u0117s gr\u0105\u017einimo leidimo (RMA) pra\u0161ymo form\u0105 ir atsi\u0173skite j\u0105 kartu su \u012frenginiais.<\/p>\n<p>Gav\u0119 ir patikrin\u0119 gr\u0105\u017einam\u0105 prek\u0119, i\u0161si\u0173sime jums el. lai\u0161k\u0105, kuriuo informuosime, kad gavome j\u016bs\u0173 gr\u0105\u017einamus \u012frenginius ir j\u0173 garantinio aptarnavimo b\u016bkl\u0119.<\/p>\n<p>[\/et_pb_text][\/et_pb_column][\/et_pb_row][et_pb_row column_structure=&#8221;2_5,3_5&#8243; _builder_version=&#8221;4.23.1&#8243; _module_preset=&#8221;default&#8221; global_colors_info=&#8221;{}&#8221;][et_pb_column type=&#8221;2_5&#8243; _builder_version=&#8221;4.23.1&#8243; _module_preset=&#8221;default&#8221; global_colors_info=&#8221;{}&#8221;][\/et_pb_column][et_pb_column type=&#8221;3_5&#8243; _builder_version=&#8221;4.23.1&#8243; _module_preset=&#8221;default&#8221; global_colors_info=&#8221;{}&#8221;][et_pb_text _builder_version=&#8221;4.23.1&#8243; _module_preset=&#8221;default&#8221; global_colors_info=&#8221;{}&#8221;]<\/p>\n<h3>Preki\u0173 pristatymas<\/h3>\n<p>J\u016bs patys tur\u0117site apmok\u0117ti siuntimo i\u0161laidas, susijusias su prek\u0117s gr\u0105\u017einimu. Siuntimo i\u0161laidos negr\u0105\u017einamos. Rekomenduojame naudotis siunt\u0173 sekimo teikiama paslauga. Negarantuojame, kad gausime j\u016bs\u0173 gr\u0105\u017eintas prekes. RMA prekes reikia si\u0173sti \u0161iuo adresu: L. Zamenhofo g. 3, LT-06332 Vilnius, Lietuva, Tel: +370 5 2032302.<\/p>\n<p>Elseta neatsako u\u017e prarastas ar pavogtas siuntas, kuri\u0173 pristatymas patvirtintas u\u017esakymui \u012fvestu adresu.<\/p>\n<p>Negarantinis remontas: Atlikus negarantin\u012f remont\u0105, klientui i\u0161siun\u010diamas mok\u0117jimo pra\u0161ymas (i\u0161ankstin\u0117 arba PVM s\u0105skaita fakt\u016bra), prek\u0117s i\u0161siun\u010diamos per 3 darbo dienas po gauto apmok\u0117jimo. Jei Elseta, UAB negaus apmok\u0117jimo po 30 dien\u0173, mes pasiliekame teis\u0119 panaudoti gamin\u012f.<\/p>\n<p>Vadovaujantis BDAR reglamentu, pateikti privat\u016bs duomenys bus naudojami atsargiai ir tik garantijos u\u017etikrinimo tikslais.<\/p>\n<p>[\/et_pb_text][\/et_pb_column][\/et_pb_row][\/et_pb_section]<\/p>\n","protected":false},"excerpt":{"rendered":"<p>Pagalba Elsetoje mes suprantame, kad pagalba klientams yra labai svarbi siekiant u\u017etikrinti skland\u0173 m\u016bs\u0173 produkt\u0173 naudojim\u0105 ir maksimali\u0105 vert\u0119 klientui. M\u016bs\u0173 klient\u0173 palaikymo komanda yra pasirengusi pad\u0117ti jums spr\u0119sti bet kokius sunkumus, su kuriais susiduriate diegdami ar naudodami m\u016bs\u0173 produktas. Kaip galime Jums pad\u0117ti? Padedame spr\u0119sti problemas: susid\u016br\u0117te su i\u0161\u0161\u016bkiais? M\u016bs\u0173 komanda yra pasirengusi pad\u0117ti [&hellip;]<\/p>\n","protected":false},"author":1,"featured_media":0,"parent":0,"menu_order":0,"comment_status":"closed","ping_status":"closed","template":"","meta":{"_acf_changed":false,"_et_pb_use_builder":"on","_et_pb_old_content":"","_et_gb_content_width":"","footnotes":""},"class_list":["post-2613","page","type-page","status-publish","hentry"],"acf":[],"yoast_head":"<!-- This site is optimized with the Yoast SEO plugin v25.5 - https:\/\/yoast.com\/wordpress\/plugins\/seo\/ -->\n<title>Pagalba | elseta.com<\/title>\n<meta name=\"robots\" content=\"index, follow, max-snippet:-1, max-image-preview:large, max-video-preview:-1\" \/>\n<link rel=\"canonical\" href=\"https:\/\/elseta.com\/lt\/pagalba\/\" \/>\n<meta property=\"og:locale\" content=\"lt_LT\" \/>\n<meta property=\"og:type\" content=\"article\" \/>\n<meta property=\"og:title\" content=\"Pagalba | Elseta\" \/>\n<meta property=\"og:description\" content=\"Pagalba Elsetoje mes suprantame, kad pagalba klientams yra labai svarbi siekiant u\u017etikrinti skland\u0173 m\u016bs\u0173 produkt\u0173 naudojim\u0105 ir maksimali\u0105 vert\u0119 klientui. M\u016bs\u0173 klient\u0173 palaikymo komanda yra pasirengusi pad\u0117ti jums spr\u0119sti bet kokius sunkumus, su kuriais susiduriate diegdami ar naudodami m\u016bs\u0173 produktas. Kaip galime Jums pad\u0117ti? Padedame spr\u0119sti problemas: susid\u016br\u0117te su i\u0161\u0161\u016bkiais? M\u016bs\u0173 komanda yra pasirengusi pad\u0117ti [&hellip;]\" \/>\n<meta property=\"og:url\" content=\"https:\/\/elseta.com\/lt\/pagalba\/\" \/>\n<meta property=\"og:site_name\" content=\"Elseta\" \/>\n<meta property=\"article:publisher\" content=\"https:\/\/www.facebook.com\/elseta.co\" \/>\n<meta property=\"article:modified_time\" content=\"2024-07-01T12:34:50+00:00\" \/>\n<meta name=\"twitter:card\" content=\"summary_large_image\" \/>\n<meta name=\"twitter:label1\" content=\"Est. reading time\" \/>\n\t<meta name=\"twitter:data1\" content=\"5 minut\u0117s\" \/>\n<script type=\"application\/ld+json\" class=\"yoast-schema-graph\">{\"@context\":\"https:\/\/schema.org\",\"@graph\":[{\"@type\":\"WebPage\",\"@id\":\"https:\/\/elseta.com\/lt\/pagalba\/\",\"url\":\"https:\/\/elseta.com\/lt\/pagalba\/\",\"name\":\"Pagalba | Elseta\",\"isPartOf\":{\"@id\":\"https:\/\/elseta.com\/#website\"},\"datePublished\":\"2023-01-03T18:08:43+00:00\",\"dateModified\":\"2024-07-01T12:34:50+00:00\",\"breadcrumb\":{\"@id\":\"https:\/\/elseta.com\/lt\/pagalba\/#breadcrumb\"},\"inLanguage\":\"lt-LT\",\"potentialAction\":[{\"@type\":\"ReadAction\",\"target\":[\"https:\/\/elseta.com\/lt\/pagalba\/\"]}]},{\"@type\":\"BreadcrumbList\",\"@id\":\"https:\/\/elseta.com\/lt\/pagalba\/#breadcrumb\",\"itemListElement\":[{\"@type\":\"ListItem\",\"position\":1,\"name\":\"Home\",\"item\":\"https:\/\/elseta.com\/\"},{\"@type\":\"ListItem\",\"position\":2,\"name\":\"Pagalba\"}]},{\"@type\":\"WebSite\",\"@id\":\"https:\/\/elseta.com\/#website\",\"url\":\"https:\/\/elseta.com\/\",\"name\":\"elseta.com\",\"description\":\"Medium and Low voltage electricity automation and digitalisation solutions\",\"publisher\":{\"@id\":\"https:\/\/elseta.com\/#organization\"},\"potentialAction\":[{\"@type\":\"SearchAction\",\"target\":{\"@type\":\"EntryPoint\",\"urlTemplate\":\"https:\/\/elseta.com\/?s={search_term_string}\"},\"query-input\":{\"@type\":\"PropertyValueSpecification\",\"valueRequired\":true,\"valueName\":\"search_term_string\"}}],\"inLanguage\":\"lt-LT\"},{\"@type\":\"Organization\",\"@id\":\"https:\/\/elseta.com\/#organization\",\"name\":\"Elseta\",\"url\":\"https:\/\/elseta.com\/\",\"logo\":{\"@type\":\"ImageObject\",\"inLanguage\":\"lt-LT\",\"@id\":\"https:\/\/elseta.com\/#\/schema\/logo\/image\/\",\"url\":\"https:\/\/elseta.com\/wp-content\/uploads\/ELSETA_logo.jpg\",\"contentUrl\":\"https:\/\/elseta.com\/wp-content\/uploads\/ELSETA_logo.jpg\",\"width\":590,\"height\":800,\"caption\":\"Elseta\"},\"image\":{\"@id\":\"https:\/\/elseta.com\/#\/schema\/logo\/image\/\"},\"sameAs\":[\"https:\/\/www.facebook.com\/elseta.co\",\"https:\/\/www.linkedin.com\/company\/elseta\/\"]}]}<\/script>\n<!-- \/ Yoast SEO plugin. -->","yoast_head_json":{"title":"Pagalba | elseta.com","robots":{"index":"index","follow":"follow","max-snippet":"max-snippet:-1","max-image-preview":"max-image-preview:large","max-video-preview":"max-video-preview:-1"},"canonical":"https:\/\/elseta.com\/lt\/pagalba\/","og_locale":"lt_LT","og_type":"article","og_title":"Pagalba | Elseta","og_description":"Pagalba Elsetoje mes suprantame, kad pagalba klientams yra labai svarbi siekiant u\u017etikrinti skland\u0173 m\u016bs\u0173 produkt\u0173 naudojim\u0105 ir maksimali\u0105 vert\u0119 klientui. M\u016bs\u0173 klient\u0173 palaikymo komanda yra pasirengusi pad\u0117ti jums spr\u0119sti bet kokius sunkumus, su kuriais susiduriate diegdami ar naudodami m\u016bs\u0173 produktas. Kaip galime Jums pad\u0117ti? Padedame spr\u0119sti problemas: susid\u016br\u0117te su i\u0161\u0161\u016bkiais? M\u016bs\u0173 komanda yra pasirengusi pad\u0117ti [&hellip;]","og_url":"https:\/\/elseta.com\/lt\/pagalba\/","og_site_name":"Elseta","article_publisher":"https:\/\/www.facebook.com\/elseta.co","article_modified_time":"2024-07-01T12:34:50+00:00","twitter_card":"summary_large_image","twitter_misc":{"Est. reading time":"5 minut\u0117s"},"schema":{"@context":"https:\/\/schema.org","@graph":[{"@type":"WebPage","@id":"https:\/\/elseta.com\/lt\/pagalba\/","url":"https:\/\/elseta.com\/lt\/pagalba\/","name":"Pagalba | Elseta","isPartOf":{"@id":"https:\/\/elseta.com\/#website"},"datePublished":"2023-01-03T18:08:43+00:00","dateModified":"2024-07-01T12:34:50+00:00","breadcrumb":{"@id":"https:\/\/elseta.com\/lt\/pagalba\/#breadcrumb"},"inLanguage":"lt-LT","potentialAction":[{"@type":"ReadAction","target":["https:\/\/elseta.com\/lt\/pagalba\/"]}]},{"@type":"BreadcrumbList","@id":"https:\/\/elseta.com\/lt\/pagalba\/#breadcrumb","itemListElement":[{"@type":"ListItem","position":1,"name":"Home","item":"https:\/\/elseta.com\/"},{"@type":"ListItem","position":2,"name":"Pagalba"}]},{"@type":"WebSite","@id":"https:\/\/elseta.com\/#website","url":"https:\/\/elseta.com\/","name":"elseta.com","description":"Medium and Low voltage electricity automation and digitalisation solutions","publisher":{"@id":"https:\/\/elseta.com\/#organization"},"potentialAction":[{"@type":"SearchAction","target":{"@type":"EntryPoint","urlTemplate":"https:\/\/elseta.com\/?s={search_term_string}"},"query-input":{"@type":"PropertyValueSpecification","valueRequired":true,"valueName":"search_term_string"}}],"inLanguage":"lt-LT"},{"@type":"Organization","@id":"https:\/\/elseta.com\/#organization","name":"Elseta","url":"https:\/\/elseta.com\/","logo":{"@type":"ImageObject","inLanguage":"lt-LT","@id":"https:\/\/elseta.com\/#\/schema\/logo\/image\/","url":"https:\/\/elseta.com\/wp-content\/uploads\/ELSETA_logo.jpg","contentUrl":"https:\/\/elseta.com\/wp-content\/uploads\/ELSETA_logo.jpg","width":590,"height":800,"caption":"Elseta"},"image":{"@id":"https:\/\/elseta.com\/#\/schema\/logo\/image\/"},"sameAs":["https:\/\/www.facebook.com\/elseta.co","https:\/\/www.linkedin.com\/company\/elseta\/"]}]}},"_links":{"self":[{"href":"https:\/\/elseta.com\/lt\/wp-json\/wp\/v2\/pages\/2613","targetHints":{"allow":["GET"]}}],"collection":[{"href":"https:\/\/elseta.com\/lt\/wp-json\/wp\/v2\/pages"}],"about":[{"href":"https:\/\/elseta.com\/lt\/wp-json\/wp\/v2\/types\/page"}],"author":[{"embeddable":true,"href":"https:\/\/elseta.com\/lt\/wp-json\/wp\/v2\/users\/1"}],"replies":[{"embeddable":true,"href":"https:\/\/elseta.com\/lt\/wp-json\/wp\/v2\/comments?post=2613"}],"version-history":[{"count":14,"href":"https:\/\/elseta.com\/lt\/wp-json\/wp\/v2\/pages\/2613\/revisions"}],"predecessor-version":[{"id":3116,"href":"https:\/\/elseta.com\/lt\/wp-json\/wp\/v2\/pages\/2613\/revisions\/3116"}],"wp:attachment":[{"href":"https:\/\/elseta.com\/lt\/wp-json\/wp\/v2\/media?parent=2613"}],"curies":[{"name":"wp","href":"https:\/\/api.w.org\/{rel}","templated":true}]}}