{"id":2743,"date":"2023-12-11T15:45:26","date_gmt":"2023-12-11T13:45:26","guid":{"rendered":"https:\/\/elseta.com\/distribucija\/"},"modified":"2025-06-30T12:07:13","modified_gmt":"2025-06-30T09:07:13","slug":"distribucija","status":"publish","type":"page","link":"https:\/\/elseta.com\/lt\/distribucija\/","title":{"rendered":"Distribucija"},"content":{"rendered":"<p>[et_pb_section fb_built=&#8221;1&#8243; _builder_version=&#8221;4.17.6&#8243; _module_preset=&#8221;default&#8221; global_colors_info=&#8221;{}&#8221;][et_pb_row _builder_version=&#8221;4.17.6&#8243; _module_preset=&#8221;default&#8221; custom_margin=&#8221;||0px||false|false&#8221; custom_padding=&#8221;||0px||false|false&#8221; global_colors_info=&#8221;{}&#8221;][et_pb_column type=&#8221;4_4&#8243; _builder_version=&#8221;4.17.6&#8243; _module_preset=&#8221;default&#8221; global_colors_info=&#8221;{}&#8221;][et_pb_text _builder_version=&#8221;4.23.1&#8243; _module_preset=&#8221;default&#8221; header_font=&#8221;|700||on|||||&#8221; header_text_align=&#8221;center&#8221; header_2_text_align=&#8221;center&#8221; global_colors_info=&#8221;{}&#8221;]<\/p>\n<h2>Distribucija<\/h2>\n<p>[\/et_pb_text][et_pb_text _builder_version=&#8221;4.23.1&#8243; _module_preset=&#8221;default&#8221; global_colors_info=&#8221;{}&#8221;]<\/p>\n<p>\u0160iame puslapyje siekiame pristatyti m\u016bs\u0173 partnerius, kuri\u0173 produktus platiname, da\u017enai \u0161ie produktai i\u0161ple\u010dia &#8222;Elseta&#8221; produkt\u0173 galimybes, kad klientams suteiktume didesn\u0119 vert\u0119. \u010cia rasite m\u016bs\u0173 partnerius ir kuriuos mes atstovaujame, kurie kuri\u0105 klientams prid\u0117tin\u0119 vert\u0119 ir sprendimus.<\/p>\n<h3><strong>Pl\u0117sti Elseta geb\u0117jimus per strategin\u012f platinim\u0105<\/strong><\/h3>\n<p>Elseta, UAB i\u0161skirtines atstovavimo s\u0105lygas savo \u0161alyje ir regione.<\/p>\n<h3><strong>\u012evairiems poreikiams pritaikyti sprendimai<\/strong><\/h3>\n<p>Si\u016blome tiek produktus, tiek prisidedame prie sprendim\u0173 k\u016brimo \u012fvairiems sektoriams, u\u017etikrindami, kad m\u016bs\u0173 sprendimai atitikt\u0173 unikalius kiekvienos rinkos reikalavimus.<\/p>\n<h3><strong>Sklandi integracija ir palaikymas<\/strong><\/h3>\n<p>Garantuojame veiksming\u0105 pristatym\u0105 ir kvalifikuot\u0105 technin\u0119 pagalb\u0105, u\u017etikrinan\u010di\u0105 skland\u017ei\u0105 integracij\u0105 ir maksimaliai padidinan\u010di\u0105 j\u016bs\u0173 investicij\u0173 \u012f &#8222;Elseta&#8221; ir atstovaujam\u0173 partneri\u0173 gamini\u0173 vert\u0119.<\/p>\n<h3><strong>\u012esipareigojimas u\u017etikrinti kokyb\u0119 ir patikimum\u0105<\/strong><\/h3>\n<p>M\u016bs\u0173 platinimo procese laikomasi auk\u0161\u010diausi\u0173 kokyb\u0117s ir patikimumo standart\u0173, tod\u0117l kiekvienas gaminys yra testuojamas prie\u0161 imantis atstovavimo ir si\u016blymo klientams.<\/p>\n<h3><strong>Partneryst\u0117 siekiant abipus\u0117s s\u0117km\u0117s<\/strong><\/h3>\n<p>Kvie\u010diame \u012fmones prisijungti prie m\u016bs\u0173 platinimo tinklo ir bendradarbiauti ie\u0161kant novatori\u0161k\u0173 energijos valdymo sprendim\u0173.<\/p>\n<p>Susisiekite su mumis el. pa\u0161tu <a href=\"mailto:info@elseta.com\" target=\"_new\" rel=\"noopener\">info@elseta.com<\/a> ir aptarkime partneryst\u0117s galimybes.<\/p>\n<p>Susipa\u017einkite su m\u016bs\u0173 platinamais preki\u0173 \u017eenklais ir su\u017einokite, kaip jie gali padidinti j\u016bs\u0173 elektros tinkl\u0173 efektyvum\u0105, patikimum\u0105 ir i\u0161manum\u0105.<\/p>\n<p>[\/et_pb_text][\/et_pb_column][\/et_pb_row][et_pb_row column_structure=&#8221;1_4,1_2,1_4&#8243; use_custom_gutter=&#8221;on&#8221; gutter_width=&#8221;2&#8243; _builder_version=&#8221;4.23.1&#8243; _module_preset=&#8221;default&#8221; link_option_url=&#8221;https:\/\/www.greenwood-power.com&#8221; link_option_url_new_window=&#8221;on&#8221; global_colors_info=&#8221;{}&#8221;][et_pb_column type=&#8221;1_4&#8243; _builder_version=&#8221;4.19.5&#8243; _module_preset=&#8221;default&#8221; global_colors_info=&#8221;{}&#8221;][et_pb_image src=&#8221;https:\/\/elseta.com\/wp-content\/uploads\/gwp-logo-scaled.webp&#8221; title_text=&#8221;gwp logo&#8221; url=&#8221;https:\/\/www.greenwood-power.com&#8221; align=&#8221;right&#8221; _builder_version=&#8221;4.27.4&#8243; _module_preset=&#8221;default&#8221; width=&#8221;76%&#8221; hover_enabled=&#8221;0&#8243; global_colors_info=&#8221;{}&#8221; custom_margin=&#8221;34px|||54px|false|false&#8221; sticky_enabled=&#8221;0&#8243;][\/et_pb_image][\/et_pb_column][et_pb_column type=&#8221;1_2&#8243; _builder_version=&#8221;4.19.5&#8243; _module_preset=&#8221;default&#8221; global_colors_info=&#8221;{}&#8221;][et_pb_text _builder_version=&#8221;4.23.1&#8243; _module_preset=&#8221;default&#8221; global_colors_info=&#8221;{}&#8221;]<\/p>\n<h3>Green Wood Power<\/h3>\n<p><span>&#8222;Greenwood Power&#8221; partneryst\u0117 su &#8222;Elseta&#8221; suteikia galimyb\u0119 vidutin\u0117s \u012ftampos tinklams naudoti ekonomi\u0161kus, modernius \u012ftampos ir srov\u0117s jutiklius, kurie didina energijos skirstymo efektyvum\u0105 ir tikslum\u0105.<\/span><\/p>\n<p><a href=\"https:\/\/www.greenwood-power.com\" target=\"_blank\" rel=\"noopener\" title=\"GWP\">Green Wood Power<\/a><\/p>\n<p>[\/et_pb_text][\/et_pb_column][et_pb_column type=&#8221;1_4&#8243; _builder_version=&#8221;4.19.5&#8243; _module_preset=&#8221;default&#8221; global_colors_info=&#8221;{}&#8221;][\/et_pb_column][\/et_pb_row][et_pb_row column_structure=&#8221;1_4,1_2,1_4&#8243; use_custom_gutter=&#8221;on&#8221; gutter_width=&#8221;2&#8243; _builder_version=&#8221;4.23.1&#8243; _module_preset=&#8221;default&#8221; link_option_url=&#8221;https:\/\/www.korenix.com\/#&#8221; link_option_url_new_window=&#8221;on&#8221; global_colors_info=&#8221;{}&#8221;][et_pb_column type=&#8221;1_4&#8243; _builder_version=&#8221;4.19.5&#8243; _module_preset=&#8221;default&#8221; global_colors_info=&#8221;{}&#8221;][et_pb_image src=&#8221;https:\/\/elseta.com\/wp-content\/uploads\/korenix-logo.png&#8221; title_text=&#8221;korenix logo&#8221; align=&#8221;right&#8221; _builder_version=&#8221;4.27.4&#8243; _module_preset=&#8221;default&#8221; width=&#8221;82%&#8221; max_width=&#8221;100%&#8221; hover_enabled=&#8221;0&#8243; global_colors_info=&#8221;{}&#8221; custom_margin=&#8221;22px|||35px|false|false&#8221; sticky_enabled=&#8221;0&#8243;][\/et_pb_image][\/et_pb_column][et_pb_column type=&#8221;1_2&#8243; _builder_version=&#8221;4.19.5&#8243; _module_preset=&#8221;default&#8221; global_colors_info=&#8221;{}&#8221;][et_pb_text _builder_version=&#8221;4.23.1&#8243; _module_preset=&#8221;default&#8221; global_colors_info=&#8221;{}&#8221;]<\/p>\n<h3>Korenix<\/h3>\n<p><span>&#8222;Elseta&#8221; su pasidid\u017eiavimu platina &#8222;Korenix&#8221; auk\u0161tos kokyb\u0117s kompiuterinio tinklo produktus, si\u016blan\u010dius patikimus sprendimus energetikos ir pramon\u0117s klientams, ie\u0161kantiems patikim\u0173 ir pa\u017eangi\u0173 pramoninio ry\u0161io sprendim\u0173.<\/span><\/p>\n<p><a href=\"https:\/\/www.korenix.com\/\" target=\"_blank\" rel=\"noopener\" title=\"Korenix\">Korenix<\/a><\/p>\n<p>[\/et_pb_text][\/et_pb_column][et_pb_column type=&#8221;1_4&#8243; _builder_version=&#8221;4.19.5&#8243; _module_preset=&#8221;default&#8221; global_colors_info=&#8221;{}&#8221;][\/et_pb_column][\/et_pb_row][et_pb_row column_structure=&#8221;1_4,1_2,1_4&#8243; use_custom_gutter=&#8221;on&#8221; gutter_width=&#8221;2&#8243; _builder_version=&#8221;4.23.1&#8243; _module_preset=&#8221;default&#8221; link_option_url=&#8221;https:\/\/www.polyamp.com\/&#8221; link_option_url_new_window=&#8221;on&#8221; global_colors_info=&#8221;{}&#8221;][et_pb_column type=&#8221;1_4&#8243; _builder_version=&#8221;4.19.5&#8243; _module_preset=&#8221;default&#8221; global_colors_info=&#8221;{}&#8221;][et_pb_image src=&#8221;https:\/\/elseta.com\/wp-content\/uploads\/polyamp-logo-Edited.png&#8221; title_text=&#8221;polyamp logo &#8211; Edited&#8221; align=&#8221;right&#8221; _builder_version=&#8221;4.27.4&#8243; _module_preset=&#8221;default&#8221; width=&#8221;78%&#8221; hover_enabled=&#8221;0&#8243; global_colors_info=&#8221;{}&#8221; custom_margin=&#8221;58px|||50px|false|false&#8221; sticky_enabled=&#8221;0&#8243;][\/et_pb_image][\/et_pb_column][et_pb_column type=&#8221;1_2&#8243; _builder_version=&#8221;4.19.5&#8243; _module_preset=&#8221;default&#8221; global_colors_info=&#8221;{}&#8221;][et_pb_text _builder_version=&#8221;4.23.1&#8243; _module_preset=&#8221;default&#8221; global_colors_info=&#8221;{}&#8221;]<\/p>\n<h3>Polyamp<\/h3>\n<p><span>Elseta ple\u010dia savo asortiment\u0105 platindama patikimus Polyamp AC\/DC ir DC\/DC keitiklius kartu su Delta Elektronika laboratoriniais maitinimo \u0161altiniais ir Enedo AC\/DC asortimentu, u\u017etikrinan\u010diais auk\u0161t\u0105 patikimum\u0105 ir efektyvum\u0105.<\/span><\/p>\n<p><a href=\"https:\/\/www.polyamp.com\" target=\"_blank\" rel=\"noopener\" title=\"Polyamp\">Polyamp<\/a><\/p>\n<p>[\/et_pb_text][\/et_pb_column][et_pb_column type=&#8221;1_4&#8243; _builder_version=&#8221;4.19.5&#8243; _module_preset=&#8221;default&#8221; global_colors_info=&#8221;{}&#8221;][\/et_pb_column][\/et_pb_row][et_pb_row column_structure=&#8221;1_4,1_2,1_4&#8243; use_custom_gutter=&#8221;on&#8221; gutter_width=&#8221;2&#8243; _builder_version=&#8221;4.23.1&#8243; _module_preset=&#8221;default&#8221; link_option_url=&#8221;https:\/\/www.atoponline.com\/&#8221; link_option_url_new_window=&#8221;on&#8221; global_colors_info=&#8221;{}&#8221;][et_pb_column type=&#8221;1_4&#8243; _builder_version=&#8221;4.19.5&#8243; _module_preset=&#8221;default&#8221; global_colors_info=&#8221;{}&#8221;][et_pb_image src=&#8221;https:\/\/elseta.com\/wp-content\/uploads\/atop-logo.webp&#8221; title_text=&#8221;atop logo&#8221; align=&#8221;right&#8221; _builder_version=&#8221;4.27.4&#8243; _module_preset=&#8221;default&#8221; width=&#8221;87%&#8221; max_width=&#8221;86%&#8221; hover_enabled=&#8221;0&#8243; global_colors_info=&#8221;{}&#8221; custom_margin=&#8221;63px|||46px|false|false&#8221; sticky_enabled=&#8221;0&#8243;][\/et_pb_image][\/et_pb_column][et_pb_column type=&#8221;1_2&#8243; _builder_version=&#8221;4.19.5&#8243; _module_preset=&#8221;default&#8221; global_colors_info=&#8221;{}&#8221;][et_pb_text _builder_version=&#8221;4.23.1&#8243; _module_preset=&#8221;default&#8221; global_colors_info=&#8221;{}&#8221;]<\/p>\n<h3>ATOP technologies<\/h3>\n<p><span>Taivanie\u010di\u0173 \u012fmon\u0117 \u201eAtop Technologies\u201c, turinti daugiau nei 30 met\u0173 patirt\u012f, yra pramon\u0117s tinkl\u0173 sprendim\u0173 lyder\u0117. Jie projektuoja ir gamina patikim\u0105 \u012frang\u0105 sud\u0117tingoms aplinkoms, tokioms kaip elektros tinklai ir gele\u017einkeliai. J\u0173 gaminiuose yra duomen\u0173 perdavimo \u012franga pick-to-light sistemos, padedan\u010dios pramonei efektyviai veikti. \u201eAtop\u201c yra vertinga \u012fmon\u0117, nes ji teikia tiek nestandartinius, tiek standartinius sprendimus, u\u017etikrindama, kad gal\u0117s patenkinti unikalius klient\u0173 poreikius.<\/span><\/p>\n<p><a href=\"https:\/\/www.atoponline.com\/\" target=\"_blank\" rel=\"noopener\" title=\"ATOP technologies\">ATOP<\/a><\/p>\n<p>[\/et_pb_text][\/et_pb_column][et_pb_column type=&#8221;1_4&#8243; _builder_version=&#8221;4.19.5&#8243; _module_preset=&#8221;default&#8221; global_colors_info=&#8221;{}&#8221;][\/et_pb_column][\/et_pb_row][\/et_pb_section]<\/p>\n","protected":false},"excerpt":{"rendered":"<p>Distribucija\u0160iame puslapyje siekiame pristatyti m\u016bs\u0173 partnerius, kuri\u0173 produktus platiname, da\u017enai \u0161ie produktai i\u0161ple\u010dia &#8222;Elseta&#8221; produkt\u0173 galimybes, kad klientams suteiktume didesn\u0119 vert\u0119. \u010cia rasite m\u016bs\u0173 partnerius ir kuriuos mes atstovaujame, kurie kuri\u0105 klientams prid\u0117tin\u0119 vert\u0119 ir sprendimus. Pl\u0117sti Elseta geb\u0117jimus per strategin\u012f platinim\u0105 Elseta, UAB i\u0161skirtines atstovavimo s\u0105lygas savo \u0161alyje ir regione. \u012evairiems poreikiams pritaikyti sprendimai [&hellip;]<\/p>\n","protected":false},"author":1,"featured_media":0,"parent":0,"menu_order":0,"comment_status":"closed","ping_status":"closed","template":"","meta":{"_acf_changed":false,"_et_pb_use_builder":"on","_et_pb_old_content":"","_et_gb_content_width":"","footnotes":""},"class_list":["post-2743","page","type-page","status-publish","hentry"],"acf":[],"yoast_head":"<!-- This site is optimized with the Yoast SEO plugin v25.5 - https:\/\/yoast.com\/wordpress\/plugins\/seo\/ -->\n<title>Distribucija | elseta.com<\/title>\n<meta name=\"robots\" content=\"index, follow, max-snippet:-1, max-image-preview:large, max-video-preview:-1\" \/>\n<link rel=\"canonical\" href=\"https:\/\/elseta.com\/lt\/distribucija\/\" \/>\n<meta property=\"og:locale\" content=\"lt_LT\" \/>\n<meta property=\"og:type\" content=\"article\" \/>\n<meta property=\"og:title\" content=\"Distribucija | Elseta\" \/>\n<meta property=\"og:description\" content=\"Distribucija\u0160iame puslapyje siekiame pristatyti m\u016bs\u0173 partnerius, kuri\u0173 produktus platiname, da\u017enai \u0161ie produktai i\u0161ple\u010dia &quot;Elseta&quot; produkt\u0173 galimybes, kad klientams suteiktume didesn\u0119 vert\u0119. \u010cia rasite m\u016bs\u0173 partnerius ir kuriuos mes atstovaujame, kurie kuri\u0105 klientams prid\u0117tin\u0119 vert\u0119 ir sprendimus. Pl\u0117sti Elseta geb\u0117jimus per strategin\u012f platinim\u0105 Elseta, UAB i\u0161skirtines atstovavimo s\u0105lygas savo \u0161alyje ir regione. \u012evairiems poreikiams pritaikyti sprendimai [&hellip;]\" \/>\n<meta property=\"og:url\" content=\"https:\/\/elseta.com\/lt\/distribucija\/\" \/>\n<meta property=\"og:site_name\" content=\"Elseta\" \/>\n<meta property=\"article:publisher\" content=\"https:\/\/www.facebook.com\/elseta.co\" \/>\n<meta property=\"article:modified_time\" content=\"2025-06-30T09:07:13+00:00\" \/>\n<meta name=\"twitter:card\" content=\"summary_large_image\" \/>\n<meta name=\"twitter:label1\" content=\"Est. reading time\" \/>\n\t<meta name=\"twitter:data1\" content=\"5 minut\u0117s\" \/>\n<script type=\"application\/ld+json\" class=\"yoast-schema-graph\">{\"@context\":\"https:\/\/schema.org\",\"@graph\":[{\"@type\":\"WebPage\",\"@id\":\"https:\/\/elseta.com\/lt\/distribucija\/\",\"url\":\"https:\/\/elseta.com\/lt\/distribucija\/\",\"name\":\"Distribucija | Elseta\",\"isPartOf\":{\"@id\":\"https:\/\/elseta.com\/#website\"},\"datePublished\":\"2023-12-11T13:45:26+00:00\",\"dateModified\":\"2025-06-30T09:07:13+00:00\",\"breadcrumb\":{\"@id\":\"https:\/\/elseta.com\/lt\/distribucija\/#breadcrumb\"},\"inLanguage\":\"lt-LT\",\"potentialAction\":[{\"@type\":\"ReadAction\",\"target\":[\"https:\/\/elseta.com\/lt\/distribucija\/\"]}]},{\"@type\":\"BreadcrumbList\",\"@id\":\"https:\/\/elseta.com\/lt\/distribucija\/#breadcrumb\",\"itemListElement\":[{\"@type\":\"ListItem\",\"position\":1,\"name\":\"Home\",\"item\":\"https:\/\/elseta.com\/\"},{\"@type\":\"ListItem\",\"position\":2,\"name\":\"Distribucija\"}]},{\"@type\":\"WebSite\",\"@id\":\"https:\/\/elseta.com\/#website\",\"url\":\"https:\/\/elseta.com\/\",\"name\":\"elseta.com\",\"description\":\"Medium and Low voltage electricity automation and digitalisation solutions\",\"publisher\":{\"@id\":\"https:\/\/elseta.com\/#organization\"},\"potentialAction\":[{\"@type\":\"SearchAction\",\"target\":{\"@type\":\"EntryPoint\",\"urlTemplate\":\"https:\/\/elseta.com\/?s={search_term_string}\"},\"query-input\":{\"@type\":\"PropertyValueSpecification\",\"valueRequired\":true,\"valueName\":\"search_term_string\"}}],\"inLanguage\":\"lt-LT\"},{\"@type\":\"Organization\",\"@id\":\"https:\/\/elseta.com\/#organization\",\"name\":\"Elseta\",\"url\":\"https:\/\/elseta.com\/\",\"logo\":{\"@type\":\"ImageObject\",\"inLanguage\":\"lt-LT\",\"@id\":\"https:\/\/elseta.com\/#\/schema\/logo\/image\/\",\"url\":\"https:\/\/elseta.com\/wp-content\/uploads\/ELSETA_logo.jpg\",\"contentUrl\":\"https:\/\/elseta.com\/wp-content\/uploads\/ELSETA_logo.jpg\",\"width\":590,\"height\":800,\"caption\":\"Elseta\"},\"image\":{\"@id\":\"https:\/\/elseta.com\/#\/schema\/logo\/image\/\"},\"sameAs\":[\"https:\/\/www.facebook.com\/elseta.co\",\"https:\/\/www.linkedin.com\/company\/elseta\/\"]}]}<\/script>\n<!-- \/ Yoast SEO plugin. -->","yoast_head_json":{"title":"Distribucija | elseta.com","robots":{"index":"index","follow":"follow","max-snippet":"max-snippet:-1","max-image-preview":"max-image-preview:large","max-video-preview":"max-video-preview:-1"},"canonical":"https:\/\/elseta.com\/lt\/distribucija\/","og_locale":"lt_LT","og_type":"article","og_title":"Distribucija | Elseta","og_description":"Distribucija\u0160iame puslapyje siekiame pristatyti m\u016bs\u0173 partnerius, kuri\u0173 produktus platiname, da\u017enai \u0161ie produktai i\u0161ple\u010dia \"Elseta\" produkt\u0173 galimybes, kad klientams suteiktume didesn\u0119 vert\u0119. \u010cia rasite m\u016bs\u0173 partnerius ir kuriuos mes atstovaujame, kurie kuri\u0105 klientams prid\u0117tin\u0119 vert\u0119 ir sprendimus. Pl\u0117sti Elseta geb\u0117jimus per strategin\u012f platinim\u0105 Elseta, UAB i\u0161skirtines atstovavimo s\u0105lygas savo \u0161alyje ir regione. \u012evairiems poreikiams pritaikyti sprendimai [&hellip;]","og_url":"https:\/\/elseta.com\/lt\/distribucija\/","og_site_name":"Elseta","article_publisher":"https:\/\/www.facebook.com\/elseta.co","article_modified_time":"2025-06-30T09:07:13+00:00","twitter_card":"summary_large_image","twitter_misc":{"Est. reading time":"5 minut\u0117s"},"schema":{"@context":"https:\/\/schema.org","@graph":[{"@type":"WebPage","@id":"https:\/\/elseta.com\/lt\/distribucija\/","url":"https:\/\/elseta.com\/lt\/distribucija\/","name":"Distribucija | Elseta","isPartOf":{"@id":"https:\/\/elseta.com\/#website"},"datePublished":"2023-12-11T13:45:26+00:00","dateModified":"2025-06-30T09:07:13+00:00","breadcrumb":{"@id":"https:\/\/elseta.com\/lt\/distribucija\/#breadcrumb"},"inLanguage":"lt-LT","potentialAction":[{"@type":"ReadAction","target":["https:\/\/elseta.com\/lt\/distribucija\/"]}]},{"@type":"BreadcrumbList","@id":"https:\/\/elseta.com\/lt\/distribucija\/#breadcrumb","itemListElement":[{"@type":"ListItem","position":1,"name":"Home","item":"https:\/\/elseta.com\/"},{"@type":"ListItem","position":2,"name":"Distribucija"}]},{"@type":"WebSite","@id":"https:\/\/elseta.com\/#website","url":"https:\/\/elseta.com\/","name":"elseta.com","description":"Medium and Low voltage electricity automation and digitalisation solutions","publisher":{"@id":"https:\/\/elseta.com\/#organization"},"potentialAction":[{"@type":"SearchAction","target":{"@type":"EntryPoint","urlTemplate":"https:\/\/elseta.com\/?s={search_term_string}"},"query-input":{"@type":"PropertyValueSpecification","valueRequired":true,"valueName":"search_term_string"}}],"inLanguage":"lt-LT"},{"@type":"Organization","@id":"https:\/\/elseta.com\/#organization","name":"Elseta","url":"https:\/\/elseta.com\/","logo":{"@type":"ImageObject","inLanguage":"lt-LT","@id":"https:\/\/elseta.com\/#\/schema\/logo\/image\/","url":"https:\/\/elseta.com\/wp-content\/uploads\/ELSETA_logo.jpg","contentUrl":"https:\/\/elseta.com\/wp-content\/uploads\/ELSETA_logo.jpg","width":590,"height":800,"caption":"Elseta"},"image":{"@id":"https:\/\/elseta.com\/#\/schema\/logo\/image\/"},"sameAs":["https:\/\/www.facebook.com\/elseta.co","https:\/\/www.linkedin.com\/company\/elseta\/"]}]}},"_links":{"self":[{"href":"https:\/\/elseta.com\/lt\/wp-json\/wp\/v2\/pages\/2743","targetHints":{"allow":["GET"]}}],"collection":[{"href":"https:\/\/elseta.com\/lt\/wp-json\/wp\/v2\/pages"}],"about":[{"href":"https:\/\/elseta.com\/lt\/wp-json\/wp\/v2\/types\/page"}],"author":[{"embeddable":true,"href":"https:\/\/elseta.com\/lt\/wp-json\/wp\/v2\/users\/1"}],"replies":[{"embeddable":true,"href":"https:\/\/elseta.com\/lt\/wp-json\/wp\/v2\/comments?post=2743"}],"version-history":[{"count":20,"href":"https:\/\/elseta.com\/lt\/wp-json\/wp\/v2\/pages\/2743\/revisions"}],"predecessor-version":[{"id":4096,"href":"https:\/\/elseta.com\/lt\/wp-json\/wp\/v2\/pages\/2743\/revisions\/4096"}],"wp:attachment":[{"href":"https:\/\/elseta.com\/lt\/wp-json\/wp\/v2\/media?parent=2743"}],"curies":[{"name":"wp","href":"https:\/\/api.w.org\/{rel}","templated":true}]}}