{"id":2788,"date":"2022-07-26T14:57:41","date_gmt":"2022-07-26T11:57:41","guid":{"rendered":"https:\/\/elseta.com\/privatumo-politika\/"},"modified":"2024-05-02T20:05:15","modified_gmt":"2024-05-02T17:05:15","slug":"privatumo-politika","status":"publish","type":"page","link":"https:\/\/elseta.com\/lt\/privatumo-politika\/","title":{"rendered":"Privatumo politika"},"content":{"rendered":"\n<p>Paskutin\u012f kart\u0105 atnaujinta: 2023 m. kovo 15 d.<\/p>\n\n<h2 class=\"wp-block-heading\">Kas mes esame<\/h2>\n\n<p><strong>\u0160ioje privatumo politikoje paai\u0161kinama, kaip ELSETA, UAB tvarko j\u016bs\u0173 asmenin\u0119 informacij\u0105, kaip ir kokiu tikslu ji renkama lankantis svetain\u0117je elseta.com. \u0160i privatumo politika atitinka 2018 m. ES Bendrojo duomen\u0173 apsaugos reglamento akt\u0105, taip pat Asmens duomen\u0173 \u012fstatymo 19 ir 18 straipsnio 1 dal\u012f.<\/strong><\/p>\n\n<h2 class=\"wp-block-heading\">Bendra informacija<\/h2>\n\n<p>U\u017e j\u016bs\u0173 asmens duomenis UAB &#8222;Elseta&#8221; atsakingas duomen\u0173 valdytojas yra generalinis direktorius. Nar\u0161ydami elseta.com, elseta.lt, the-vinci.com, cloudindustries.eu ir j\u0173 polapiuose arba u\u017esisakydami \u012fvairias paslaugas puslapyje, svetain\u0117je besilankantys asmenys savanori\u0161kai pateikia &#8222;Elseta&#8221; asmens duomenis. Ta\u010diau mes pra\u0161ysime j\u016bs\u0173 leisti mums rinkti asmens duomenis, jei nenurodyta kitaip.<\/p>\n\n<p>Duomenys, renkami d\u0117l svetain\u0117s prie\u017ei\u016bros, saugomi ir laikomi Elseta, UAB serveriuose (esan\u010diuose Vilniuje, Lietuvoje). \u0160iuos serverius valdo Elseta, UAB. Prieig\u0105 prie surinktos informacijos turi tik Elseta, UAB. <\/p>\n\n<h2 class=\"wp-block-heading\">Interneto analiz\u0117 ir slapukai<\/h2>\n\n<h3 class=\"wp-block-heading\">Google Analytics<\/h3>\n\n<p>Kaip svarbi\u0105 pastang\u0173 sukurti patogi\u0105 naudotojui svetain\u0119 dal\u012f, mes stebime m\u016bs\u0173 svetain\u0117s lankytoj\u0173 naudotoj\u0173 elgesio model\u012f. Informacijai analizuoti naudojame analiz\u0117s \u012frank\u012f &#8222;Google Analytics&#8221;. Naudojant &#8222;Google Analytics&#8221; naudojami slapukai, kurie registruoja naudotojo IP adres\u0105 ir pateikia informacij\u0105 apie konkretaus naudotojo jud\u0117jim\u0105 internete. \u0160ie statistiniai duomenys suteikia mums atsakymus, pavyzd\u017eiui, kiek naudotoj\u0173 apsilanko skirtinguose puslapiuose, kiek laiko trunka j\u0173 apsilankymai, i\u0161 koki\u0173 svetaini\u0173 jie ateina ir kokias nar\u0161ykles naudoja. N\u0117 vienas i\u0161 slapuk\u0173 nesuteikia mums galimyb\u0117s susieti informacijos apie jus kaip asmen\u012f su j\u016bs\u0173 jud\u0117jimu svetain\u0117je.<\/p>\n\n<p>&#8222;Google Analytics&#8221; surinkta informacija saugoma &#8222;Google&#8221; serveriuose JAV. Gautai informacijai taikoma &#8222;Google&#8221; privatumo politika.<\/p>\n\n<p>IP adresas apibr\u0117\u017eiamas kaip asmenin\u0117 informacija, nes j\u012f galima susieti su konkre\u010dia \u012franga, taigi ir su asmeniu. Elseta, UAB naudoja &#8222;Google Analytics&#8221; steb\u0117jimo kod\u0105, kuris nuasmenina IP adres\u0105 prie\u0161 &#8222;Google&#8221; i\u0161saugant ir apdorojant informacij\u0105. I\u0161 saugomo IP adreso negalima nustatyti konkretaus naudotojo tapatyb\u0117s.<\/p>\n\n<p>Daugiau informacijos apie &#8222;Google&#8221; privatumo politik\u0105 rasite &#8222;Google&#8221; privatumo ir s\u0105lyg\u0173 tinklalapyje: <a rel=\"noreferrer noopener\" href=\"https:\/\/policies.google.com\/privacy\" target=\"_blank\">https:\/\/policies.google.com\/privacy<\/a><\/p>\n\n<h3 class=\"wp-block-heading\">Google tag manager tvarkykl\u0117<\/h3>\n\n<p>Nuolat stengiam\u0117s gerinti naudotoj\u0173 patirt\u012f m\u016bs\u0173 svetain\u0117je, pritaikydami ir teikdami tikslin\u012f turin\u012f. \u0160iuo tikslu naudojame &#8222;Google Tag Manager&#8221; (GTM). GTM yra nedidelis kodas, kuris padeda mums steb\u0117ti naudotoj\u0173 elgsen\u0105 m\u016bs\u0173 svetain\u0117je. \u0160i informacija anonimi\u0161kai perduodama \u012f m\u016bs\u0173 &#8222;Google Analytics&#8221; paskyr\u0105. Ir susieti informacij\u0105 su naudotoj\u0173 elgsena &#8222;Facebook&#8221;, &#8222;LinkedIn&#8221; ir &#8222;Youtube&#8221; platformose.<\/p>\n\n<p>Daugiau informacijos apie &#8222;Google&#8221; privatumo politik\u0105 rasite &#8222;Google&#8221; privatumo ir s\u0105lyg\u0173 tinklalapyje: <a rel=\"noreferrer noopener\" href=\"https:\/\/policies.google.com\/privacy\" target=\"_blank\">https:\/\/policies.google.com\/privacy<\/a><\/p>\n\n<h3 class=\"wp-block-heading\">Slapukai<\/h3>\n\n<p>Mes naudojame Slapukus ir pana\u0161ias sekimo technologijas, kad gal\u0117tume steb\u0117ti veikl\u0105 m\u016bs\u0173 puslapiuose ir saugoti tam tikr\u0105 informacij\u0105. Naudojamos sekimo technologijos yra \u0161vytur\u0117liai, \u017eymos ir scenarijai, skirti informacijai rinkti ir sekti bei m\u016bs\u0173 tinklapius tobulinti ir analizuoti. M\u016bs\u0173 naudojamos technologijos gali b\u016bti \u0161ios:<\/p>\n\n<ul class=\"wp-block-list\">\n<li><strong>slapukus arba nar\u0161ykl\u0117s slapukus.<\/strong> Slapukas &#8211; tai nedidelis failas, patalpintas J\u016bs\u0173 prietaise. Galite nurodyti savo nar\u0161yklei atsisakyti vis\u0173 Slapuk\u0173 arba nurodyti, kada slapukas siun\u010diamas. Ta\u010diau, jei nesutinkate su Slapukais, galite negal\u0117ti naudotis kai kuriomis m\u016bs\u0173 Paslaugos dalimis. Jei nesate nustat\u0119 savo nar\u0161ykl\u0117s nustatym\u0173 taip, kad ji atsisakyt\u0173 slapuk\u0173, m\u016bs\u0173 puslapiuose gali b\u016bti naudojami slapukai.<\/li>\n\n\n\n<li><strong>\u017diniatinklio \u0161vyturiai.<\/strong> Tam tikruose m\u016bs\u0173 Paslaugos skyriuose ir m\u016bs\u0173 el. lai\u0161kuose gali b\u016bti ma\u017e\u0173 elektronini\u0173 fail\u0173, vadinam\u0173 \u017einiatinklio \u0161vytur\u0117liais (dar vadinam\u0173 ai\u0161kiomis dovan\u0117l\u0117mis, pikseli\u0173 \u017eym\u0117mis ir vieno pikselio dovan\u0117l\u0117mis), kurie leid\u017eia Bendrovei, pavyzd\u017eiui, suskai\u010diuoti naudotojus, apsilankiusius tuose puslapiuose arba atvertusius el. lai\u0161k\u0105, ir vykdyti kit\u0105 susijusi\u0105 svetain\u0117s statistik\u0105 (pavyzd\u017eiui, fiksuoti tam tikro skyriaus populiarum\u0105 ir tikrinti sistemos bei serverio vientisum\u0105).<\/li>\n<\/ul>\n\n<p>Slapukai gali b\u016bti &#8222;nuolatiniai&#8221; arba &#8222;sesijos&#8221; slapukai. Nuolatiniai slapukai lieka J\u016bs\u0173 asmeniniame kompiuteryje arba mobiliajame \u012frenginyje, kai J\u016bs i\u0161einate i\u0161 interneto, o sesijos slapukai i\u0161trinami, kai tik u\u017edarote savo interneto nar\u0161ykl\u0119.<\/p>\n\n<h2 class=\"wp-block-heading\">\u012eterptas turinys i\u0161 kit\u0173 svetaini\u0173<\/h2>\n\n<p>\u0160ios svetain\u0117s gali rinkti duomenis apie Jus, naudoti slapukus, \u012fterpti papildom\u0105 tre\u010di\u0173j\u0173 \u0161ali\u0173 steb\u0117jim\u0105 ir steb\u0117ti J\u016bs\u0173 s\u0105veik\u0105 su tuo \u012fterptu turiniu, \u012fskaitant J\u016bs\u0173 s\u0105veikos su \u012fterptu turiniu steb\u0117jim\u0105, jei turite paskyr\u0105 ir esate prisijung\u0119 prie tos svetain\u0117s.<\/p>\n\n<h3 class=\"wp-block-heading\">Mailerlite<\/h3>\n\n<p> Savo el. pa\u0161to rinkodaros prenumeratori\u0173 s\u0105ra\u0161ui tvarkyti ir el. lai\u0161kams prenumeratoriams si\u0173sti naudojame &#8222;MailerLite&#8221;. MailerLite yra tre\u010diosios \u0161alies paslaug\u0173 teik\u0117jas, kuris gali tvarkyti j\u016bs\u0173 duomenis naudodamas pramon\u0117je \u012fprastas technologijas, kad pad\u0117t\u0173 mums steb\u0117ti ir tobulinti naujienlai\u0161k\u012f. <\/p>\n\n<p>M\u016bs\u0173 naujienlai\u0161kio prenumeratos galite atsisakyti paspaud\u0119 kiekvieno naujienlai\u0161kio pabaigoje pateikt\u0105 atsisakymo nuorod\u0105.<\/p>\n\n<p>Daugiau informacijos apie &#8222;Mailerlite&#8221; privatumo praktik\u0105 rasite &#8222;Mailerlite&#8221; privatumo ir s\u0105lyg\u0173 tinklalapyje: <a href=\"https:\/\/www.mailerlite.com\/legal\/privacy-policy\" target=\"_blank\" rel=\"noreferrer noopener\">https:\/\/www.mailerlite.com\/legal\/privacy-policy<\/a><\/p>\n\n<h2 class=\"wp-block-heading\">Kokias teises turite savo duomen\u0173 at\u017evilgiu?<\/h2>\n\n<p>Jei turite paskyr\u0105 \u0161ioje svetain\u0117je arba esate palik\u0119 komentar\u0173, galite papra\u0161yti gauti eksportuot\u0105 m\u016bs\u0173 turim\u0173 j\u016bs\u0173 asmens duomen\u0173 fail\u0105, \u012fskaitant visus duomenis, kuriuos mums pateik\u0117te. Taip pat galite pra\u0161yti, kad i\u0161trintume visus turimus j\u016bs\u0173 asmens duomenis. Tai neapima joki\u0173 duomen\u0173, kuriuos privalome saugoti administraciniais, teisiniais ar saugumo tikslais.<\/p>\n\n<h2 class=\"wp-block-heading\">Kaip tvarkyti slapukus nar\u0161ykl\u0117je<\/h2>\n\n<p>Svetain\u0117je <a href=\"https:\/\/allaboutcookies.org\/how-to-manage-cookies\" data-type=\"URL\" data-id=\"https:\/\/allaboutcookies.org\/how-to-manage-cookies\" target=\"_blank\" rel=\"noreferrer noopener\">allaboutcookies.org\/manage-cookies<\/a>, galite paskaityti, kaip konfig\u016bruoti nar\u0161ykl\u0119, kad ji priimt\u0173 arba atmest\u0173 slapukus, ir gauti patarim\u0173, kaip saugiau naudotis internetu.<\/p>\n\n<h2 class=\"wp-block-heading\">Susisiekite su mumis<\/h2>\n\n<p>Jei turite klausim\u0173 apie \u0161i\u0105 privatumo politik\u0105, galite susisiekti su mumis:<\/p>\n\n<ul class=\"wp-block-list\">\n<li>apsilank\u0119 \u0161iame m\u016bs\u0173 svetain\u0117s puslapyje: <a href=\"https:\/\/elseta.com\/lt\/kontaktai\/\">https:\/\/elseta.com\/lt\/contacts\/<\/a><\/li>\n<\/ul>\n","protected":false},"excerpt":{"rendered":"<p>Paskutin\u012f kart\u0105 atnaujinta: 2023 m. kovo 15 d. Kas mes esame \u0160ioje privatumo politikoje paai\u0161kinama, kaip ELSETA, UAB tvarko j\u016bs\u0173 asmenin\u0119 informacij\u0105, kaip ir kokiu tikslu ji renkama lankantis svetain\u0117je elseta.com. \u0160i privatumo politika atitinka 2018 m. ES Bendrojo duomen\u0173 apsaugos reglamento akt\u0105, taip pat Asmens duomen\u0173 \u012fstatymo 19 ir 18 straipsnio 1 dal\u012f. Bendra [&hellip;]<\/p>\n","protected":false},"author":1,"featured_media":0,"parent":0,"menu_order":0,"comment_status":"closed","ping_status":"open","template":"","meta":{"_acf_changed":false,"_et_pb_use_builder":"","_et_pb_old_content":"","_et_gb_content_width":"","footnotes":""},"class_list":["post-2788","page","type-page","status-publish","hentry"],"acf":[],"yoast_head":"<!-- This site is optimized with the Yoast SEO plugin v25.5 - https:\/\/yoast.com\/wordpress\/plugins\/seo\/ -->\n<title>Privatumo politika | elseta.com<\/title>\n<meta name=\"robots\" content=\"index, follow, max-snippet:-1, max-image-preview:large, max-video-preview:-1\" \/>\n<link rel=\"canonical\" href=\"https:\/\/elseta.com\/lt\/privatumo-politika\/\" \/>\n<meta property=\"og:locale\" content=\"lt_LT\" \/>\n<meta property=\"og:type\" content=\"article\" \/>\n<meta property=\"og:title\" content=\"Privatumo politika | Elseta\" \/>\n<meta property=\"og:description\" content=\"Paskutin\u012f kart\u0105 atnaujinta: 2023 m. kovo 15 d. Kas mes esame \u0160ioje privatumo politikoje paai\u0161kinama, kaip ELSETA, UAB tvarko j\u016bs\u0173 asmenin\u0119 informacij\u0105, kaip ir kokiu tikslu ji renkama lankantis svetain\u0117je elseta.com. \u0160i privatumo politika atitinka 2018 m. ES Bendrojo duomen\u0173 apsaugos reglamento akt\u0105, taip pat Asmens duomen\u0173 \u012fstatymo 19 ir 18 straipsnio 1 dal\u012f. Bendra [&hellip;]\" \/>\n<meta property=\"og:url\" content=\"https:\/\/elseta.com\/lt\/privatumo-politika\/\" \/>\n<meta property=\"og:site_name\" content=\"Elseta\" \/>\n<meta property=\"article:publisher\" content=\"https:\/\/www.facebook.com\/elseta.co\" \/>\n<meta property=\"article:modified_time\" content=\"2024-05-02T17:05:15+00:00\" \/>\n<meta name=\"twitter:card\" content=\"summary_large_image\" \/>\n<meta name=\"twitter:label1\" content=\"Est. reading time\" \/>\n\t<meta name=\"twitter:data1\" content=\"4 minut\u0117s\" \/>\n<script type=\"application\/ld+json\" class=\"yoast-schema-graph\">{\"@context\":\"https:\/\/schema.org\",\"@graph\":[{\"@type\":\"WebPage\",\"@id\":\"https:\/\/elseta.com\/lt\/privatumo-politika\/\",\"url\":\"https:\/\/elseta.com\/lt\/privatumo-politika\/\",\"name\":\"Privatumo politika | Elseta\",\"isPartOf\":{\"@id\":\"https:\/\/elseta.com\/#website\"},\"datePublished\":\"2022-07-26T11:57:41+00:00\",\"dateModified\":\"2024-05-02T17:05:15+00:00\",\"breadcrumb\":{\"@id\":\"https:\/\/elseta.com\/lt\/privatumo-politika\/#breadcrumb\"},\"inLanguage\":\"lt-LT\",\"potentialAction\":[{\"@type\":\"ReadAction\",\"target\":[\"https:\/\/elseta.com\/lt\/privatumo-politika\/\"]}]},{\"@type\":\"BreadcrumbList\",\"@id\":\"https:\/\/elseta.com\/lt\/privatumo-politika\/#breadcrumb\",\"itemListElement\":[{\"@type\":\"ListItem\",\"position\":1,\"name\":\"Home\",\"item\":\"https:\/\/elseta.com\/\"},{\"@type\":\"ListItem\",\"position\":2,\"name\":\"Privatumo politika\"}]},{\"@type\":\"WebSite\",\"@id\":\"https:\/\/elseta.com\/#website\",\"url\":\"https:\/\/elseta.com\/\",\"name\":\"elseta.com\",\"description\":\"Medium and Low voltage electricity automation and digitalisation solutions\",\"publisher\":{\"@id\":\"https:\/\/elseta.com\/#organization\"},\"potentialAction\":[{\"@type\":\"SearchAction\",\"target\":{\"@type\":\"EntryPoint\",\"urlTemplate\":\"https:\/\/elseta.com\/?s={search_term_string}\"},\"query-input\":{\"@type\":\"PropertyValueSpecification\",\"valueRequired\":true,\"valueName\":\"search_term_string\"}}],\"inLanguage\":\"lt-LT\"},{\"@type\":\"Organization\",\"@id\":\"https:\/\/elseta.com\/#organization\",\"name\":\"Elseta\",\"url\":\"https:\/\/elseta.com\/\",\"logo\":{\"@type\":\"ImageObject\",\"inLanguage\":\"lt-LT\",\"@id\":\"https:\/\/elseta.com\/#\/schema\/logo\/image\/\",\"url\":\"https:\/\/elseta.com\/wp-content\/uploads\/ELSETA_logo.jpg\",\"contentUrl\":\"https:\/\/elseta.com\/wp-content\/uploads\/ELSETA_logo.jpg\",\"width\":590,\"height\":800,\"caption\":\"Elseta\"},\"image\":{\"@id\":\"https:\/\/elseta.com\/#\/schema\/logo\/image\/\"},\"sameAs\":[\"https:\/\/www.facebook.com\/elseta.co\",\"https:\/\/www.linkedin.com\/company\/elseta\/\"]}]}<\/script>\n<!-- \/ Yoast SEO plugin. -->","yoast_head_json":{"title":"Privatumo politika | elseta.com","robots":{"index":"index","follow":"follow","max-snippet":"max-snippet:-1","max-image-preview":"max-image-preview:large","max-video-preview":"max-video-preview:-1"},"canonical":"https:\/\/elseta.com\/lt\/privatumo-politika\/","og_locale":"lt_LT","og_type":"article","og_title":"Privatumo politika | Elseta","og_description":"Paskutin\u012f kart\u0105 atnaujinta: 2023 m. kovo 15 d. Kas mes esame \u0160ioje privatumo politikoje paai\u0161kinama, kaip ELSETA, UAB tvarko j\u016bs\u0173 asmenin\u0119 informacij\u0105, kaip ir kokiu tikslu ji renkama lankantis svetain\u0117je elseta.com. \u0160i privatumo politika atitinka 2018 m. ES Bendrojo duomen\u0173 apsaugos reglamento akt\u0105, taip pat Asmens duomen\u0173 \u012fstatymo 19 ir 18 straipsnio 1 dal\u012f. Bendra [&hellip;]","og_url":"https:\/\/elseta.com\/lt\/privatumo-politika\/","og_site_name":"Elseta","article_publisher":"https:\/\/www.facebook.com\/elseta.co","article_modified_time":"2024-05-02T17:05:15+00:00","twitter_card":"summary_large_image","twitter_misc":{"Est. reading time":"4 minut\u0117s"},"schema":{"@context":"https:\/\/schema.org","@graph":[{"@type":"WebPage","@id":"https:\/\/elseta.com\/lt\/privatumo-politika\/","url":"https:\/\/elseta.com\/lt\/privatumo-politika\/","name":"Privatumo politika | Elseta","isPartOf":{"@id":"https:\/\/elseta.com\/#website"},"datePublished":"2022-07-26T11:57:41+00:00","dateModified":"2024-05-02T17:05:15+00:00","breadcrumb":{"@id":"https:\/\/elseta.com\/lt\/privatumo-politika\/#breadcrumb"},"inLanguage":"lt-LT","potentialAction":[{"@type":"ReadAction","target":["https:\/\/elseta.com\/lt\/privatumo-politika\/"]}]},{"@type":"BreadcrumbList","@id":"https:\/\/elseta.com\/lt\/privatumo-politika\/#breadcrumb","itemListElement":[{"@type":"ListItem","position":1,"name":"Home","item":"https:\/\/elseta.com\/"},{"@type":"ListItem","position":2,"name":"Privatumo politika"}]},{"@type":"WebSite","@id":"https:\/\/elseta.com\/#website","url":"https:\/\/elseta.com\/","name":"elseta.com","description":"Medium and Low voltage electricity automation and digitalisation solutions","publisher":{"@id":"https:\/\/elseta.com\/#organization"},"potentialAction":[{"@type":"SearchAction","target":{"@type":"EntryPoint","urlTemplate":"https:\/\/elseta.com\/?s={search_term_string}"},"query-input":{"@type":"PropertyValueSpecification","valueRequired":true,"valueName":"search_term_string"}}],"inLanguage":"lt-LT"},{"@type":"Organization","@id":"https:\/\/elseta.com\/#organization","name":"Elseta","url":"https:\/\/elseta.com\/","logo":{"@type":"ImageObject","inLanguage":"lt-LT","@id":"https:\/\/elseta.com\/#\/schema\/logo\/image\/","url":"https:\/\/elseta.com\/wp-content\/uploads\/ELSETA_logo.jpg","contentUrl":"https:\/\/elseta.com\/wp-content\/uploads\/ELSETA_logo.jpg","width":590,"height":800,"caption":"Elseta"},"image":{"@id":"https:\/\/elseta.com\/#\/schema\/logo\/image\/"},"sameAs":["https:\/\/www.facebook.com\/elseta.co","https:\/\/www.linkedin.com\/company\/elseta\/"]}]}},"_links":{"self":[{"href":"https:\/\/elseta.com\/lt\/wp-json\/wp\/v2\/pages\/2788","targetHints":{"allow":["GET"]}}],"collection":[{"href":"https:\/\/elseta.com\/lt\/wp-json\/wp\/v2\/pages"}],"about":[{"href":"https:\/\/elseta.com\/lt\/wp-json\/wp\/v2\/types\/page"}],"author":[{"embeddable":true,"href":"https:\/\/elseta.com\/lt\/wp-json\/wp\/v2\/users\/1"}],"replies":[{"embeddable":true,"href":"https:\/\/elseta.com\/lt\/wp-json\/wp\/v2\/comments?post=2788"}],"version-history":[{"count":3,"href":"https:\/\/elseta.com\/lt\/wp-json\/wp\/v2\/pages\/2788\/revisions"}],"predecessor-version":[{"id":2791,"href":"https:\/\/elseta.com\/lt\/wp-json\/wp\/v2\/pages\/2788\/revisions\/2791"}],"wp:attachment":[{"href":"https:\/\/elseta.com\/lt\/wp-json\/wp\/v2\/media?parent=2788"}],"curies":[{"name":"wp","href":"https:\/\/api.w.org\/{rel}","templated":true}]}}