{"id":3259,"date":"2024-08-08T14:50:50","date_gmt":"2024-08-08T11:50:50","guid":{"rendered":"https:\/\/elseta.com\/karjera\/jaunesnysis-inzinierius-automatizavimas-2024\/"},"modified":"2024-08-08T19:04:09","modified_gmt":"2024-08-08T16:04:09","slug":"jaunesnysis-inzinierius-automatizavimas-2024","status":"publish","type":"page","link":"https:\/\/elseta.com\/lt\/karjera\/jaunesnysis-inzinierius-automatizavimas-2024\/","title":{"rendered":"Jaunesnysis in\u017einierius (automatizavimas) 2024"},"content":{"rendered":"<p>[et_pb_section fb_built=&#8221;1&#8243; fullwidth=&#8221;on&#8221; theme_builder_area=&#8221;post_content&#8221; _builder_version=&#8221;4.25.1&#8243; _module_preset=&#8221;default&#8221;][et_pb_fullwidth_header title=&#8221;Jaunesnysis In\u017einierius (Elektronika ir Automatika)&#8221; _builder_version=&#8221;4.25.1&#8243; _module_preset=&#8221;default&#8221; theme_builder_area=&#8221;post_content&#8221; title_text=&#8221;A (1)&#8221; background_image=&#8221;https:\/\/elseta.com\/wp-content\/uploads\/A-1.png&#8221; child_filter_contrast=&#8221;102%&#8221; child_filter_brightness=&#8221;101%&#8221; custom_button_one=&#8221;on&#8221; button_one_text_size=&#8221;17px&#8221; button_one_use_icon=&#8221;off&#8221; button_one_border_width=&#8221;7px&#8221; custom_padding=&#8221;39px||25px||false|false&#8221; hover_enabled=&#8221;0&#8243; sticky_enabled=&#8221;0&#8243;]<\/p>\n<p>Vilnius, Lietuva<\/p>\n<p>[\/et_pb_fullwidth_header][\/et_pb_section][et_pb_section fb_built=&#8221;1&#8243; fullwidth=&#8221;on&#8221; theme_builder_area=&#8221;post_content&#8221; _builder_version=&#8221;4.25.1&#8243; _module_preset=&#8221;default&#8221;][et_pb_fullwidth_header button_one_text=&#8221;Aplikuoti&#8221; _builder_version=&#8221;4.25.1&#8243; _module_preset=&#8221;default&#8221; theme_builder_area=&#8221;post_content&#8221; background_color=&#8221;#FFFFFF&#8221; title_text_color=&#8221;#000000&#8243; background_layout=&#8221;light&#8221; custom_button_one=&#8221;on&#8221; hover_enabled=&#8221;0&#8243; sticky_enabled=&#8221;0&#8243; custom_margin=&#8221;3px||||false|false&#8221; custom_padding=&#8221;16px||||false|false&#8221; button_one_letter_spacing=&#8221;1px&#8221; button_one_custom_margin=&#8221;30px||-12px||false|false&#8221; button_one_custom_padding=&#8221;||5px||false|false&#8221; button_one_url=&#8221;mailto:info@elseta.com?subject=Jaunesnysis%20In\u017einierius%20(Elektronika%20ir%20Automatika)&#8221; link_option_url_new_window=&#8221;on&#8221;]<\/p>\n<h4>Darbo apra\u0161ymas<\/h4>\n<p>&nbsp;<\/p>\n<p>\u0160ioje pozicijoje dirbsi su m\u016bs\u0173 kuriama \u012franga, kurios paskirtis yra automatizuoti el. tinkl\u0173 darb\u0105<br \/>ir valdyti paskirstyt\u0105 atsinaujinan\u010di\u0105 energetik\u0105. Taip pat pl\u0117si savo \u017einias ir \u012fgysi praktini\u0173 \u012fg\u016bd\u017ei\u0173<br \/>apie komunikacinius protokolus bei \u012frangos funkcionalumus. <\/p>\n<p>&nbsp;<\/p>\n<ul>\n<li>Testuosi programin\u0117s \u012frangos atnaujinimus<\/li>\n<li>Kursi sprendimus \u012fmon\u0117s produktams<\/li>\n<li>Ai\u0161kinsiesi ir testuosi tre\u010di\u0173 \u0161ali\u0173 \u012frangos integravimo galimybes<\/li>\n<li>Ruo\u0161i konfig\u016bracijas<\/li>\n<li>Konsultuosi klientus, tirsi incidentus<\/li>\n<li>Administruosi monitoringo (IOT) sistem\u0105<\/li>\n<\/ul>\n<h4>Reikalavimai kandidatui<\/h4>\n<ul>\n<li>Studijuoji\/turi in\u017einerin\u0117s krypties i\u0161silavinim\u0105 (pvz.: automatika, elektros ar IT in\u017einerija,<br \/>telekomunikacijos, elektronika)<\/li>\n<li>Gebi suprasti technin\u0119 informacij\u0105: br\u0117\u017einius, specifikacijas<\/li>\n<li>Ypa\u010d vertinsime patirt\u012f su elektros\/automatikos sistemomis<\/li>\n<li>Tikim\u0117s, kad gebi gerai ra\u0161tu ir \u017eod\u017eiu bendrauti angl\u0173 kalba<\/li>\n<\/ul>\n<h4>Elseta si\u016blo<\/h4>\n<ul>\n<li>Apmokymus bei supa\u017eindinim\u0105 su \u012franga ir darbo specifika<\/li>\n<li>Komandin\u012f darb\u0105 ir profesin\u012f augim\u0105<\/li>\n<li>Lankst\u0173 darbo grafik\u0105<\/li>\n<li>Ger\u0105 atmosfer\u0105 kolektyve, pagarba ir pasitik\u0117jimu gr\u012fstus santykius<\/li>\n<\/ul>\n<h4>Atlyginimas<\/h4>\n<p>Nuo 1000 \u20ac\/m\u0117n. \u012f rankas (net)<br \/>Atlyg\u012f sutarsime pagal patirt\u012f ir kompetencijas<\/p>\n<p>[\/et_pb_fullwidth_header][\/et_pb_section]<\/p>\n","protected":false},"excerpt":{"rendered":"<p>Vilnius, LietuvaDarbo apra\u0161ymas &nbsp; \u0160ioje pozicijoje dirbsi su m\u016bs\u0173 kuriama \u012franga, kurios paskirtis yra automatizuoti el. tinkl\u0173 darb\u0105ir valdyti paskirstyt\u0105 atsinaujinan\u010di\u0105 energetik\u0105. Taip pat pl\u0117si savo \u017einias ir \u012fgysi praktini\u0173 \u012fg\u016bd\u017ei\u0173apie komunikacinius protokolus bei \u012frangos funkcionalumus. &nbsp; Testuosi programin\u0117s \u012frangos atnaujinimus Kursi sprendimus \u012fmon\u0117s produktams Ai\u0161kinsiesi ir testuosi tre\u010di\u0173 \u0161ali\u0173 \u012frangos integravimo galimybes Ruo\u0161i konfig\u016bracijas [&hellip;]<\/p>\n","protected":false},"author":7,"featured_media":0,"parent":2184,"menu_order":0,"comment_status":"closed","ping_status":"closed","template":"","meta":{"_acf_changed":false,"_et_pb_use_builder":"on","_et_pb_old_content":"","_et_gb_content_width":"","footnotes":""},"class_list":["post-3259","page","type-page","status-publish","hentry"],"acf":[],"yoast_head":"<!-- This site is optimized with the Yoast SEO plugin v25.5 - https:\/\/yoast.com\/wordpress\/plugins\/seo\/ -->\n<title>Jaunesnysis in\u017einierius (automatizavimas) 2024 | elseta.com<\/title>\n<meta name=\"robots\" content=\"index, follow, max-snippet:-1, max-image-preview:large, max-video-preview:-1\" \/>\n<link rel=\"canonical\" href=\"https:\/\/elseta.com\/lt\/karjera\/jaunesnysis-inzinierius-automatizavimas-2024\/\" \/>\n<meta property=\"og:locale\" content=\"lt_LT\" \/>\n<meta property=\"og:type\" content=\"article\" \/>\n<meta property=\"og:title\" content=\"Jaunesnysis in\u017einierius (automatizavimas) 2024 | Elseta\" \/>\n<meta property=\"og:description\" content=\"Vilnius, LietuvaDarbo apra\u0161ymas &nbsp; \u0160ioje pozicijoje dirbsi su m\u016bs\u0173 kuriama \u012franga, kurios paskirtis yra automatizuoti el. tinkl\u0173 darb\u0105ir valdyti paskirstyt\u0105 atsinaujinan\u010di\u0105 energetik\u0105. Taip pat pl\u0117si savo \u017einias ir \u012fgysi praktini\u0173 \u012fg\u016bd\u017ei\u0173apie komunikacinius protokolus bei \u012frangos funkcionalumus. &nbsp; Testuosi programin\u0117s \u012frangos atnaujinimus Kursi sprendimus \u012fmon\u0117s produktams Ai\u0161kinsiesi ir testuosi tre\u010di\u0173 \u0161ali\u0173 \u012frangos integravimo galimybes Ruo\u0161i konfig\u016bracijas [&hellip;]\" \/>\n<meta property=\"og:url\" content=\"https:\/\/elseta.com\/lt\/karjera\/jaunesnysis-inzinierius-automatizavimas-2024\/\" \/>\n<meta property=\"og:site_name\" content=\"Elseta\" \/>\n<meta property=\"article:publisher\" content=\"https:\/\/www.facebook.com\/elseta.co\" \/>\n<meta property=\"article:modified_time\" content=\"2024-08-08T16:04:09+00:00\" \/>\n<meta name=\"twitter:card\" content=\"summary_large_image\" \/>\n<meta name=\"twitter:label1\" content=\"Est. reading time\" \/>\n\t<meta name=\"twitter:data1\" content=\"2 minut\u0117s\" \/>\n<script type=\"application\/ld+json\" class=\"yoast-schema-graph\">{\"@context\":\"https:\/\/schema.org\",\"@graph\":[{\"@type\":\"WebPage\",\"@id\":\"https:\/\/elseta.com\/lt\/karjera\/jaunesnysis-inzinierius-automatizavimas-2024\/\",\"url\":\"https:\/\/elseta.com\/lt\/karjera\/jaunesnysis-inzinierius-automatizavimas-2024\/\",\"name\":\"Jaunesnysis in\u017einierius (automatizavimas) 2024 | Elseta\",\"isPartOf\":{\"@id\":\"https:\/\/elseta.com\/#website\"},\"datePublished\":\"2024-08-08T11:50:50+00:00\",\"dateModified\":\"2024-08-08T16:04:09+00:00\",\"breadcrumb\":{\"@id\":\"https:\/\/elseta.com\/lt\/karjera\/jaunesnysis-inzinierius-automatizavimas-2024\/#breadcrumb\"},\"inLanguage\":\"lt-LT\",\"potentialAction\":[{\"@type\":\"ReadAction\",\"target\":[\"https:\/\/elseta.com\/lt\/karjera\/jaunesnysis-inzinierius-automatizavimas-2024\/\"]}]},{\"@type\":\"BreadcrumbList\",\"@id\":\"https:\/\/elseta.com\/lt\/karjera\/jaunesnysis-inzinierius-automatizavimas-2024\/#breadcrumb\",\"itemListElement\":[{\"@type\":\"ListItem\",\"position\":1,\"name\":\"Home\",\"item\":\"https:\/\/elseta.com\/\"},{\"@type\":\"ListItem\",\"position\":2,\"name\":\"Karjera\",\"item\":\"https:\/\/elseta.com\/lt\/karjera\/\"},{\"@type\":\"ListItem\",\"position\":3,\"name\":\"Jaunesnysis in\u017einierius (automatizavimas) 2024\"}]},{\"@type\":\"WebSite\",\"@id\":\"https:\/\/elseta.com\/#website\",\"url\":\"https:\/\/elseta.com\/\",\"name\":\"elseta.com\",\"description\":\"Medium and Low voltage electricity automation and digitalisation solutions\",\"publisher\":{\"@id\":\"https:\/\/elseta.com\/#organization\"},\"potentialAction\":[{\"@type\":\"SearchAction\",\"target\":{\"@type\":\"EntryPoint\",\"urlTemplate\":\"https:\/\/elseta.com\/?s={search_term_string}\"},\"query-input\":{\"@type\":\"PropertyValueSpecification\",\"valueRequired\":true,\"valueName\":\"search_term_string\"}}],\"inLanguage\":\"lt-LT\"},{\"@type\":\"Organization\",\"@id\":\"https:\/\/elseta.com\/#organization\",\"name\":\"Elseta\",\"url\":\"https:\/\/elseta.com\/\",\"logo\":{\"@type\":\"ImageObject\",\"inLanguage\":\"lt-LT\",\"@id\":\"https:\/\/elseta.com\/#\/schema\/logo\/image\/\",\"url\":\"https:\/\/elseta.com\/wp-content\/uploads\/ELSETA_logo.jpg\",\"contentUrl\":\"https:\/\/elseta.com\/wp-content\/uploads\/ELSETA_logo.jpg\",\"width\":590,\"height\":800,\"caption\":\"Elseta\"},\"image\":{\"@id\":\"https:\/\/elseta.com\/#\/schema\/logo\/image\/\"},\"sameAs\":[\"https:\/\/www.facebook.com\/elseta.co\",\"https:\/\/www.linkedin.com\/company\/elseta\/\"]}]}<\/script>\n<!-- \/ Yoast SEO plugin. -->","yoast_head_json":{"title":"Jaunesnysis in\u017einierius (automatizavimas) 2024 | elseta.com","robots":{"index":"index","follow":"follow","max-snippet":"max-snippet:-1","max-image-preview":"max-image-preview:large","max-video-preview":"max-video-preview:-1"},"canonical":"https:\/\/elseta.com\/lt\/karjera\/jaunesnysis-inzinierius-automatizavimas-2024\/","og_locale":"lt_LT","og_type":"article","og_title":"Jaunesnysis in\u017einierius (automatizavimas) 2024 | Elseta","og_description":"Vilnius, LietuvaDarbo apra\u0161ymas &nbsp; \u0160ioje pozicijoje dirbsi su m\u016bs\u0173 kuriama \u012franga, kurios paskirtis yra automatizuoti el. tinkl\u0173 darb\u0105ir valdyti paskirstyt\u0105 atsinaujinan\u010di\u0105 energetik\u0105. Taip pat pl\u0117si savo \u017einias ir \u012fgysi praktini\u0173 \u012fg\u016bd\u017ei\u0173apie komunikacinius protokolus bei \u012frangos funkcionalumus. &nbsp; Testuosi programin\u0117s \u012frangos atnaujinimus Kursi sprendimus \u012fmon\u0117s produktams Ai\u0161kinsiesi ir testuosi tre\u010di\u0173 \u0161ali\u0173 \u012frangos integravimo galimybes Ruo\u0161i konfig\u016bracijas [&hellip;]","og_url":"https:\/\/elseta.com\/lt\/karjera\/jaunesnysis-inzinierius-automatizavimas-2024\/","og_site_name":"Elseta","article_publisher":"https:\/\/www.facebook.com\/elseta.co","article_modified_time":"2024-08-08T16:04:09+00:00","twitter_card":"summary_large_image","twitter_misc":{"Est. reading time":"2 minut\u0117s"},"schema":{"@context":"https:\/\/schema.org","@graph":[{"@type":"WebPage","@id":"https:\/\/elseta.com\/lt\/karjera\/jaunesnysis-inzinierius-automatizavimas-2024\/","url":"https:\/\/elseta.com\/lt\/karjera\/jaunesnysis-inzinierius-automatizavimas-2024\/","name":"Jaunesnysis in\u017einierius (automatizavimas) 2024 | Elseta","isPartOf":{"@id":"https:\/\/elseta.com\/#website"},"datePublished":"2024-08-08T11:50:50+00:00","dateModified":"2024-08-08T16:04:09+00:00","breadcrumb":{"@id":"https:\/\/elseta.com\/lt\/karjera\/jaunesnysis-inzinierius-automatizavimas-2024\/#breadcrumb"},"inLanguage":"lt-LT","potentialAction":[{"@type":"ReadAction","target":["https:\/\/elseta.com\/lt\/karjera\/jaunesnysis-inzinierius-automatizavimas-2024\/"]}]},{"@type":"BreadcrumbList","@id":"https:\/\/elseta.com\/lt\/karjera\/jaunesnysis-inzinierius-automatizavimas-2024\/#breadcrumb","itemListElement":[{"@type":"ListItem","position":1,"name":"Home","item":"https:\/\/elseta.com\/"},{"@type":"ListItem","position":2,"name":"Karjera","item":"https:\/\/elseta.com\/lt\/karjera\/"},{"@type":"ListItem","position":3,"name":"Jaunesnysis in\u017einierius (automatizavimas) 2024"}]},{"@type":"WebSite","@id":"https:\/\/elseta.com\/#website","url":"https:\/\/elseta.com\/","name":"elseta.com","description":"Medium and Low voltage electricity automation and digitalisation solutions","publisher":{"@id":"https:\/\/elseta.com\/#organization"},"potentialAction":[{"@type":"SearchAction","target":{"@type":"EntryPoint","urlTemplate":"https:\/\/elseta.com\/?s={search_term_string}"},"query-input":{"@type":"PropertyValueSpecification","valueRequired":true,"valueName":"search_term_string"}}],"inLanguage":"lt-LT"},{"@type":"Organization","@id":"https:\/\/elseta.com\/#organization","name":"Elseta","url":"https:\/\/elseta.com\/","logo":{"@type":"ImageObject","inLanguage":"lt-LT","@id":"https:\/\/elseta.com\/#\/schema\/logo\/image\/","url":"https:\/\/elseta.com\/wp-content\/uploads\/ELSETA_logo.jpg","contentUrl":"https:\/\/elseta.com\/wp-content\/uploads\/ELSETA_logo.jpg","width":590,"height":800,"caption":"Elseta"},"image":{"@id":"https:\/\/elseta.com\/#\/schema\/logo\/image\/"},"sameAs":["https:\/\/www.facebook.com\/elseta.co","https:\/\/www.linkedin.com\/company\/elseta\/"]}]}},"_links":{"self":[{"href":"https:\/\/elseta.com\/lt\/wp-json\/wp\/v2\/pages\/3259","targetHints":{"allow":["GET"]}}],"collection":[{"href":"https:\/\/elseta.com\/lt\/wp-json\/wp\/v2\/pages"}],"about":[{"href":"https:\/\/elseta.com\/lt\/wp-json\/wp\/v2\/types\/page"}],"author":[{"embeddable":true,"href":"https:\/\/elseta.com\/lt\/wp-json\/wp\/v2\/users\/7"}],"replies":[{"embeddable":true,"href":"https:\/\/elseta.com\/lt\/wp-json\/wp\/v2\/comments?post=3259"}],"version-history":[{"count":2,"href":"https:\/\/elseta.com\/lt\/wp-json\/wp\/v2\/pages\/3259\/revisions"}],"predecessor-version":[{"id":3261,"href":"https:\/\/elseta.com\/lt\/wp-json\/wp\/v2\/pages\/3259\/revisions\/3261"}],"up":[{"embeddable":true,"href":"https:\/\/elseta.com\/lt\/wp-json\/wp\/v2\/pages\/2184"}],"wp:attachment":[{"href":"https:\/\/elseta.com\/lt\/wp-json\/wp\/v2\/media?parent=3259"}],"curies":[{"name":"wp","href":"https:\/\/api.w.org\/{rel}","templated":true}]}}