{"id":3263,"date":"2024-08-08T15:50:16","date_gmt":"2024-08-08T12:50:16","guid":{"rendered":"https:\/\/elseta.com\/karjera\/jaunesnysis-inzinierius-pv-2024\/"},"modified":"2025-02-14T13:34:57","modified_gmt":"2025-02-14T11:34:57","slug":"jaunesnysis-inzinierius-pv-2024","status":"publish","type":"page","link":"https:\/\/elseta.com\/lt\/karjera\/jaunesnysis-inzinierius-pv-2024\/","title":{"rendered":"Jaunesnysis in\u017einierius (PV) 2024"},"content":{"rendered":"<p>[et_pb_section fb_built=&#8221;1&#8243; fullwidth=&#8221;on&#8221; _builder_version=&#8221;4.25.1&#8243; _module_preset=&#8221;default&#8221; global_colors_info=&#8221;{}&#8221;][et_pb_fullwidth_header title=&#8221;Projekt\u0173 In\u017einierius (Atsinaujinan\u010dios Energijos Valdymo Sistemos)&#8221; _builder_version=&#8221;4.25.1&#8243; _module_preset=&#8221;default&#8221; background_image=&#8221;https:\/\/elseta.com\/wp-content\/uploads\/A-3.png&#8221; custom_button_one=&#8221;on&#8221; button_one_text_size=&#8221;17px&#8221; button_one_border_width=&#8221;7px&#8221; button_one_use_icon=&#8221;off&#8221; custom_padding=&#8221;39px||25px||false|false&#8221; child_filter_brightness=&#8221;101%&#8221; child_filter_contrast=&#8221;102%&#8221; global_colors_info=&#8221;{}&#8221;]<\/p>\n<p>Vilnius, Lietuva<\/p>\n<p>[\/et_pb_fullwidth_header][\/et_pb_section][et_pb_section fb_built=&#8221;1&#8243; fullwidth=&#8221;on&#8221; _builder_version=&#8221;4.25.1&#8243; _module_preset=&#8221;default&#8221; background_image=&#8221;https:\/\/elseta.com\/wp-content\/uploads\/A-3.png&#8221; transform_scale_linked=&#8221;off&#8221; transform_translate=&#8221;0px|-217px&#8221; transform_translate_linked=&#8221;off&#8221; global_colors_info=&#8221;{}&#8221;][et_pb_fullwidth_header _builder_version=&#8221;4.25.1&#8243; _module_preset=&#8221;default&#8221; background_color=&#8221;RGBA(255,255,255,0)&#8221; custom_padding=&#8221;167px|||||&#8221; global_colors_info=&#8221;{}&#8221;][\/et_pb_fullwidth_header][\/et_pb_section][et_pb_section fb_built=&#8221;1&#8243; fullwidth=&#8221;on&#8221; _builder_version=&#8221;4.27.4&#8243; _module_preset=&#8221;default&#8221; hover_enabled=&#8221;0&#8243; global_colors_info=&#8221;{}&#8221; sticky_enabled=&#8221;0&#8243; custom_margin=&#8221;||112px||false|false&#8221;][et_pb_fullwidth_header button_one_text=&#8221;Aplikuoti&#8221; button_one_url=&#8221;mailto:info@elseta.com?subject=Jaunesnysis%20In\u017einierius%20(Atsinaujinan\u010dios%20Energijos%20Sistemos)&#8221; _builder_version=&#8221;4.25.1&#8243; _module_preset=&#8221;default&#8221; title_text_color=&#8221;#000000&#8243; background_color=&#8221;#FFFFFF&#8221; custom_button_one=&#8221;on&#8221; button_one_letter_spacing=&#8221;1px&#8221; button_one_custom_margin=&#8221;30px||-12px||false|false&#8221; button_one_custom_padding=&#8221;||5px||false|false&#8221; background_layout=&#8221;light&#8221; min_height=&#8221;983.6px&#8221; custom_margin=&#8221;-219px||-69px||false|false&#8221; custom_padding=&#8221;15px||0px||false|false&#8221; link_option_url_new_window=&#8221;on&#8221; global_colors_info=&#8221;{}&#8221;]<\/p>\n<h4>Darbo apra\u0161ymas<\/h4>\n<p>\u0160ioje pozicijoje dirbsi su m\u016bs\u0173 kuriamais sprendimais, kuri\u0173 paskirtis yra automatizuoti el. tinkl\u0173 darb\u0105 ir valdyti atsinaujinan\u010di\u0105 energetik\u0105.<\/p>\n<ul>\n<li>Diegsi, konfig\u016bruosi ir derinsi saul\u0117s, v\u0117jo elektrini\u0173 ir baterij\u0173 valdymo sistemas;<\/li>\n<li>Atliksi signal\u0173 bandymus su AB ESO, AB Litgrid ir UAB Elseta SCADA sistemomis;<\/li>\n<li>Pagal ESO ir Litgrid reikalavimus atliksi elektrini\u0173 nat\u016brinius bandymus;<\/li>\n<li>Rengsi reikiam\u0105 technin\u0119 dokumentacij\u0105;<\/li>\n<li>Komunikuosi su u\u017esakovais;<\/li>\n<li>Atliksi \u012frangos gedim\u0173 \u0161alinim\u0105\/\u012frangos keitim\u0105.<\/li>\n<\/ul>\n<h2><strong>Reikalavimai darbuotojui<\/strong><\/h2>\n<ul>\n<li>Studijuoji\/turi in\u017einerin\u0117s krypties i\u0161silavinim\u0105 (pvz.: automatika, elektros in\u017einerija, telekomunikacijos, elektronika);<\/li>\n<li>Gebi suprasti technin\u0119 informacij\u0105: br\u0117\u017einius, specifikacijas;<\/li>\n<li>Turi patirties su PLV, TSP\u012e ar kit\u0173 valdikli\u0173 konfig\u016bravimu, programavimu;<\/li>\n<li>Turi technini\u0173 \u012fg\u016bd\u017ei\u0173 ir supratim\u0105 apie tinkl\u0173 in\u017einerij\u0105, duomen\u0173 perdavim\u0105 ir ry\u0161io sistemas (TCP\/IP, serial);<\/li>\n<li>Turi gerus darbo kompiuteriu \u012fg\u016bd\u017eius (MS Office);<\/li>\n<li>Turi bent 2 met\u0173 darbo patirt\u012f\u00a0automatikos, elektros ar telekomunikacij\u0173 in\u017einerijos srityse;<\/li>\n<li>Esi komunikabilus, mobilus, gebi dirbti savaranki\u0161kai;<\/li>\n<li>Turi galimyb\u0119 vykti \u012f komandiruotes;<\/li>\n<li>Turi B kategorijos vairuotojo pa\u017eym\u0117jim\u0105;<\/li>\n<li>Privalumas, jei turi \u017eini\u0173 apie MODBUS, IEC104 komunikacinius protokolus;<\/li>\n<li>Privalumas, jei turi Energetikos darbuotojo pa\u017eym\u0117jim\u0105 iki 1000V.<\/li>\n<\/ul>\n<p>&nbsp;<\/p>\n<h2><strong>\u012emon\u0117 si\u016blo<\/strong><\/h2>\n<ul>\n<li>Mokymus bei supa\u017eindinim\u0105 su \u012franga ir darbo specifika;<\/li>\n<li>Galimyb\u0119 dirbti su patyrusiais specialistais, i\u0161 kuri\u0173 gali mokytis kasdien;<\/li>\n<li>Komandin\u012f darb\u0105 ir profesin\u012f augim\u0105;<\/li>\n<li>Lankst\u0173 darbo grafik\u0105;<\/li>\n<li>Ger\u0105 atmosfer\u0105 kolektyve, pagarba ir pasitik\u0117jimu gr\u012fstus santykius.<\/li>\n<\/ul>\n<p>&nbsp;<\/p>\n<h2><strong>Atlyginimas<\/strong><\/h2>\n<p>1400-2200 \u20ac\/m\u0117n. \u012f rankas.<br \/>Konkretus darbo u\u017emokestis si\u016blomas atsi\u017evelgiant \u012f darbo patirt\u012f ir kompetencij\u0105.<\/p>\n<p>[\/et_pb_fullwidth_header][\/et_pb_section]<\/p>\n","protected":false},"excerpt":{"rendered":"<p>Vilnius, LietuvaDarbo apra\u0161ymas \u0160ioje pozicijoje dirbsi su m\u016bs\u0173 kuriamais sprendimais, kuri\u0173 paskirtis yra automatizuoti el. tinkl\u0173 darb\u0105 ir valdyti atsinaujinan\u010di\u0105 energetik\u0105. Diegsi, konfig\u016bruosi ir derinsi saul\u0117s, v\u0117jo elektrini\u0173 ir baterij\u0173 valdymo sistemas; Atliksi signal\u0173 bandymus su AB ESO, AB Litgrid ir UAB Elseta SCADA sistemomis; Pagal ESO ir Litgrid reikalavimus atliksi elektrini\u0173 nat\u016brinius bandymus; Rengsi [&hellip;]<\/p>\n","protected":false},"author":7,"featured_media":0,"parent":2184,"menu_order":0,"comment_status":"closed","ping_status":"closed","template":"","meta":{"_acf_changed":false,"_et_pb_use_builder":"on","_et_pb_old_content":"","_et_gb_content_width":"","footnotes":""},"class_list":["post-3263","page","type-page","status-publish","hentry"],"acf":[],"yoast_head":"<!-- This site is optimized with the Yoast SEO plugin v25.5 - https:\/\/yoast.com\/wordpress\/plugins\/seo\/ -->\n<title>Jaunesnysis in\u017einierius (PV) 2024 | elseta.com<\/title>\n<meta name=\"robots\" content=\"index, follow, max-snippet:-1, max-image-preview:large, max-video-preview:-1\" \/>\n<link rel=\"canonical\" href=\"https:\/\/elseta.com\/lt\/karjera\/jaunesnysis-inzinierius-pv-2024\/\" \/>\n<meta property=\"og:locale\" content=\"lt_LT\" \/>\n<meta property=\"og:type\" content=\"article\" \/>\n<meta property=\"og:title\" content=\"Jaunesnysis in\u017einierius (PV) 2024 | Elseta\" \/>\n<meta property=\"og:description\" content=\"Vilnius, LietuvaDarbo apra\u0161ymas \u0160ioje pozicijoje dirbsi su m\u016bs\u0173 kuriamais sprendimais, kuri\u0173 paskirtis yra automatizuoti el. tinkl\u0173 darb\u0105 ir valdyti atsinaujinan\u010di\u0105 energetik\u0105. Diegsi, konfig\u016bruosi ir derinsi saul\u0117s, v\u0117jo elektrini\u0173 ir baterij\u0173 valdymo sistemas; Atliksi signal\u0173 bandymus su AB ESO, AB Litgrid ir UAB Elseta SCADA sistemomis; Pagal ESO ir Litgrid reikalavimus atliksi elektrini\u0173 nat\u016brinius bandymus; Rengsi [&hellip;]\" \/>\n<meta property=\"og:url\" content=\"https:\/\/elseta.com\/lt\/karjera\/jaunesnysis-inzinierius-pv-2024\/\" \/>\n<meta property=\"og:site_name\" content=\"Elseta\" \/>\n<meta property=\"article:publisher\" content=\"https:\/\/www.facebook.com\/elseta.co\" \/>\n<meta property=\"article:modified_time\" content=\"2025-02-14T11:34:57+00:00\" \/>\n<meta name=\"twitter:card\" content=\"summary_large_image\" \/>\n<meta name=\"twitter:label1\" content=\"Est. reading time\" \/>\n\t<meta name=\"twitter:data1\" content=\"3 minut\u0117s\" \/>\n<script type=\"application\/ld+json\" class=\"yoast-schema-graph\">{\"@context\":\"https:\/\/schema.org\",\"@graph\":[{\"@type\":\"WebPage\",\"@id\":\"https:\/\/elseta.com\/lt\/karjera\/jaunesnysis-inzinierius-pv-2024\/\",\"url\":\"https:\/\/elseta.com\/lt\/karjera\/jaunesnysis-inzinierius-pv-2024\/\",\"name\":\"Jaunesnysis in\u017einierius (PV) 2024 | Elseta\",\"isPartOf\":{\"@id\":\"https:\/\/elseta.com\/#website\"},\"datePublished\":\"2024-08-08T12:50:16+00:00\",\"dateModified\":\"2025-02-14T11:34:57+00:00\",\"breadcrumb\":{\"@id\":\"https:\/\/elseta.com\/lt\/karjera\/jaunesnysis-inzinierius-pv-2024\/#breadcrumb\"},\"inLanguage\":\"lt-LT\",\"potentialAction\":[{\"@type\":\"ReadAction\",\"target\":[\"https:\/\/elseta.com\/lt\/karjera\/jaunesnysis-inzinierius-pv-2024\/\"]}]},{\"@type\":\"BreadcrumbList\",\"@id\":\"https:\/\/elseta.com\/lt\/karjera\/jaunesnysis-inzinierius-pv-2024\/#breadcrumb\",\"itemListElement\":[{\"@type\":\"ListItem\",\"position\":1,\"name\":\"Home\",\"item\":\"https:\/\/elseta.com\/\"},{\"@type\":\"ListItem\",\"position\":2,\"name\":\"Karjera\",\"item\":\"https:\/\/elseta.com\/lt\/karjera\/\"},{\"@type\":\"ListItem\",\"position\":3,\"name\":\"Jaunesnysis in\u017einierius (PV) 2024\"}]},{\"@type\":\"WebSite\",\"@id\":\"https:\/\/elseta.com\/#website\",\"url\":\"https:\/\/elseta.com\/\",\"name\":\"elseta.com\",\"description\":\"Medium and Low voltage electricity automation and digitalisation solutions\",\"publisher\":{\"@id\":\"https:\/\/elseta.com\/#organization\"},\"potentialAction\":[{\"@type\":\"SearchAction\",\"target\":{\"@type\":\"EntryPoint\",\"urlTemplate\":\"https:\/\/elseta.com\/?s={search_term_string}\"},\"query-input\":{\"@type\":\"PropertyValueSpecification\",\"valueRequired\":true,\"valueName\":\"search_term_string\"}}],\"inLanguage\":\"lt-LT\"},{\"@type\":\"Organization\",\"@id\":\"https:\/\/elseta.com\/#organization\",\"name\":\"Elseta\",\"url\":\"https:\/\/elseta.com\/\",\"logo\":{\"@type\":\"ImageObject\",\"inLanguage\":\"lt-LT\",\"@id\":\"https:\/\/elseta.com\/#\/schema\/logo\/image\/\",\"url\":\"https:\/\/elseta.com\/wp-content\/uploads\/ELSETA_logo.jpg\",\"contentUrl\":\"https:\/\/elseta.com\/wp-content\/uploads\/ELSETA_logo.jpg\",\"width\":590,\"height\":800,\"caption\":\"Elseta\"},\"image\":{\"@id\":\"https:\/\/elseta.com\/#\/schema\/logo\/image\/\"},\"sameAs\":[\"https:\/\/www.facebook.com\/elseta.co\",\"https:\/\/www.linkedin.com\/company\/elseta\/\"]}]}<\/script>\n<!-- \/ Yoast SEO plugin. -->","yoast_head_json":{"title":"Jaunesnysis in\u017einierius (PV) 2024 | elseta.com","robots":{"index":"index","follow":"follow","max-snippet":"max-snippet:-1","max-image-preview":"max-image-preview:large","max-video-preview":"max-video-preview:-1"},"canonical":"https:\/\/elseta.com\/lt\/karjera\/jaunesnysis-inzinierius-pv-2024\/","og_locale":"lt_LT","og_type":"article","og_title":"Jaunesnysis in\u017einierius (PV) 2024 | Elseta","og_description":"Vilnius, LietuvaDarbo apra\u0161ymas \u0160ioje pozicijoje dirbsi su m\u016bs\u0173 kuriamais sprendimais, kuri\u0173 paskirtis yra automatizuoti el. tinkl\u0173 darb\u0105 ir valdyti atsinaujinan\u010di\u0105 energetik\u0105. Diegsi, konfig\u016bruosi ir derinsi saul\u0117s, v\u0117jo elektrini\u0173 ir baterij\u0173 valdymo sistemas; Atliksi signal\u0173 bandymus su AB ESO, AB Litgrid ir UAB Elseta SCADA sistemomis; Pagal ESO ir Litgrid reikalavimus atliksi elektrini\u0173 nat\u016brinius bandymus; Rengsi [&hellip;]","og_url":"https:\/\/elseta.com\/lt\/karjera\/jaunesnysis-inzinierius-pv-2024\/","og_site_name":"Elseta","article_publisher":"https:\/\/www.facebook.com\/elseta.co","article_modified_time":"2025-02-14T11:34:57+00:00","twitter_card":"summary_large_image","twitter_misc":{"Est. reading time":"3 minut\u0117s"},"schema":{"@context":"https:\/\/schema.org","@graph":[{"@type":"WebPage","@id":"https:\/\/elseta.com\/lt\/karjera\/jaunesnysis-inzinierius-pv-2024\/","url":"https:\/\/elseta.com\/lt\/karjera\/jaunesnysis-inzinierius-pv-2024\/","name":"Jaunesnysis in\u017einierius (PV) 2024 | Elseta","isPartOf":{"@id":"https:\/\/elseta.com\/#website"},"datePublished":"2024-08-08T12:50:16+00:00","dateModified":"2025-02-14T11:34:57+00:00","breadcrumb":{"@id":"https:\/\/elseta.com\/lt\/karjera\/jaunesnysis-inzinierius-pv-2024\/#breadcrumb"},"inLanguage":"lt-LT","potentialAction":[{"@type":"ReadAction","target":["https:\/\/elseta.com\/lt\/karjera\/jaunesnysis-inzinierius-pv-2024\/"]}]},{"@type":"BreadcrumbList","@id":"https:\/\/elseta.com\/lt\/karjera\/jaunesnysis-inzinierius-pv-2024\/#breadcrumb","itemListElement":[{"@type":"ListItem","position":1,"name":"Home","item":"https:\/\/elseta.com\/"},{"@type":"ListItem","position":2,"name":"Karjera","item":"https:\/\/elseta.com\/lt\/karjera\/"},{"@type":"ListItem","position":3,"name":"Jaunesnysis in\u017einierius (PV) 2024"}]},{"@type":"WebSite","@id":"https:\/\/elseta.com\/#website","url":"https:\/\/elseta.com\/","name":"elseta.com","description":"Medium and Low voltage electricity automation and digitalisation solutions","publisher":{"@id":"https:\/\/elseta.com\/#organization"},"potentialAction":[{"@type":"SearchAction","target":{"@type":"EntryPoint","urlTemplate":"https:\/\/elseta.com\/?s={search_term_string}"},"query-input":{"@type":"PropertyValueSpecification","valueRequired":true,"valueName":"search_term_string"}}],"inLanguage":"lt-LT"},{"@type":"Organization","@id":"https:\/\/elseta.com\/#organization","name":"Elseta","url":"https:\/\/elseta.com\/","logo":{"@type":"ImageObject","inLanguage":"lt-LT","@id":"https:\/\/elseta.com\/#\/schema\/logo\/image\/","url":"https:\/\/elseta.com\/wp-content\/uploads\/ELSETA_logo.jpg","contentUrl":"https:\/\/elseta.com\/wp-content\/uploads\/ELSETA_logo.jpg","width":590,"height":800,"caption":"Elseta"},"image":{"@id":"https:\/\/elseta.com\/#\/schema\/logo\/image\/"},"sameAs":["https:\/\/www.facebook.com\/elseta.co","https:\/\/www.linkedin.com\/company\/elseta\/"]}]}},"_links":{"self":[{"href":"https:\/\/elseta.com\/lt\/wp-json\/wp\/v2\/pages\/3263","targetHints":{"allow":["GET"]}}],"collection":[{"href":"https:\/\/elseta.com\/lt\/wp-json\/wp\/v2\/pages"}],"about":[{"href":"https:\/\/elseta.com\/lt\/wp-json\/wp\/v2\/types\/page"}],"author":[{"embeddable":true,"href":"https:\/\/elseta.com\/lt\/wp-json\/wp\/v2\/users\/7"}],"replies":[{"embeddable":true,"href":"https:\/\/elseta.com\/lt\/wp-json\/wp\/v2\/comments?post=3263"}],"version-history":[{"count":3,"href":"https:\/\/elseta.com\/lt\/wp-json\/wp\/v2\/pages\/3263\/revisions"}],"predecessor-version":[{"id":3610,"href":"https:\/\/elseta.com\/lt\/wp-json\/wp\/v2\/pages\/3263\/revisions\/3610"}],"up":[{"embeddable":true,"href":"https:\/\/elseta.com\/lt\/wp-json\/wp\/v2\/pages\/2184"}],"wp:attachment":[{"href":"https:\/\/elseta.com\/lt\/wp-json\/wp\/v2\/media?parent=3263"}],"curies":[{"name":"wp","href":"https:\/\/api.w.org\/{rel}","templated":true}]}}