{"id":3541,"date":"2025-01-08T15:10:58","date_gmt":"2025-01-08T13:10:58","guid":{"rendered":"https:\/\/elseta.com\/apie\/imones-politikos\/"},"modified":"2025-01-09T15:37:29","modified_gmt":"2025-01-09T13:37:29","slug":"imones-politikos","status":"publish","type":"page","link":"https:\/\/elseta.com\/lt\/apie\/imones-politikos\/","title":{"rendered":"\u012emon\u0117s politikos"},"content":{"rendered":"<p>[et_pb_section fb_built=&#8221;1&#8243; _builder_version=&#8221;4.27.4&#8243; _module_preset=&#8221;default&#8221; global_colors_info=&#8221;{}&#8221;][et_pb_row _builder_version=&#8221;4.27.4&#8243; _module_preset=&#8221;default&#8221; global_colors_info=&#8221;{}&#8221;][et_pb_column type=&#8221;4_4&#8243; _builder_version=&#8221;4.27.4&#8243; _module_preset=&#8221;default&#8221; global_colors_info=&#8221;{}&#8221;][et_pb_heading title=&#8221;%22Elseta%22 \u012fmon\u0117s politikos&#8221; _builder_version=&#8221;4.27.4&#8243; _module_preset=&#8221;default&#8221; global_colors_info=&#8221;{}&#8221;][\/et_pb_heading][\/et_pb_column][\/et_pb_row][et_pb_row _builder_version=&#8221;4.27.4&#8243; _module_preset=&#8221;default&#8221; custom_margin=&#8221;||-47px||false|false&#8221; global_colors_info=&#8221;{}&#8221;][et_pb_column type=&#8221;4_4&#8243; _builder_version=&#8221;4.27.4&#8243; _module_preset=&#8221;default&#8221; global_colors_info=&#8221;{}&#8221;][et_pb_heading title=&#8221;Kovos su ky\u0161ininkavimu ir korupcija politika&#8221; _builder_version=&#8221;4.27.4&#8243; _module_preset=&#8221;default&#8221; title_level=&#8221;h3&#8243; global_colors_info=&#8221;{}&#8221;][\/et_pb_heading][\/et_pb_column][\/et_pb_row][et_pb_row _builder_version=&#8221;4.27.4&#8243; _module_preset=&#8221;default&#8221; hover_enabled=&#8221;0&#8243; global_colors_info=&#8221;{}&#8221; sticky_enabled=&#8221;0&#8243;][et_pb_column type=&#8221;4_4&#8243; _builder_version=&#8221;4.27.4&#8243; _module_preset=&#8221;default&#8221; global_colors_info=&#8221;{}&#8221;][et_pb_text _builder_version=&#8221;4.27.4&#8243; _module_preset=&#8221;default&#8221; hover_enabled=&#8221;0&#8243; global_colors_info=&#8221;{}&#8221; sticky_enabled=&#8221;0&#8243;]<\/p>\n<p>\u201eElseta\u201c yra \u012fsipareigojusi vykdyti savo veikl\u0105 laikydamasi auk\u0161\u010diausi\u0173 s\u0105\u017einingumo, skaidrumo ir atsakomyb\u0117s standart\u0173. M\u016bs\u0173 nulin\u0117s tolerancijos politika ky\u0161ininkavimui, korupcijai ir suk\u010diavimui u\u017etikrina tarptautini\u0173 ir vietini\u0173 kovos su korupcija \u012fstatym\u0173 laikym\u0105si. \u0160i politika taikoma visiems darbuotojams ir tre\u010diosioms \u0161alims, veikian\u010dioms \u201eElseta\u201c vardu, ir grie\u017etai draud\u017eia ky\u0161ius, palengvinan\u010dius mok\u0117jimus ir netinkamas dovanas. Per grie\u017etus mokymus, steb\u0117senos bei ataskait\u0173 teikimo mechanizmus mes puosel\u0117jame eti\u0161ko elgesio kult\u016br\u0105 ir saugome savo reputacij\u0105.<\/p>\n<p>[\/et_pb_text][\/et_pb_column][\/et_pb_row][et_pb_row _builder_version=&#8221;4.27.4&#8243; _module_preset=&#8221;default&#8221; global_colors_info=&#8221;{}&#8221;][et_pb_column type=&#8221;4_4&#8243; _builder_version=&#8221;4.27.4&#8243; _module_preset=&#8221;default&#8221; global_colors_info=&#8221;{}&#8221;][et_pb_button button_url=&#8221;https:\/\/elseta.com\/wp-content\/uploads\/Elseta-Anti-Bribery-and-Anti-Corruption-Policy.pdf&#8221; url_new_window=&#8221;on&#8221; button_text=&#8221;Atsisi\u0173sti \u010dia&#8221; _builder_version=&#8221;4.27.4&#8243; _module_preset=&#8221;default&#8221; custom_margin=&#8221;-33px||||false|false&#8221; global_colors_info=&#8221;{}&#8221;][\/et_pb_button][\/et_pb_column][\/et_pb_row][et_pb_row _builder_version=&#8221;4.27.4&#8243; _module_preset=&#8221;default&#8221; custom_margin=&#8221;0px||||false|false&#8221; global_colors_info=&#8221;{}&#8221;][et_pb_column type=&#8221;4_4&#8243; _builder_version=&#8221;4.27.4&#8243; _module_preset=&#8221;default&#8221; global_colors_info=&#8221;{}&#8221;][et_pb_divider _builder_version=&#8221;4.27.4&#8243; _module_preset=&#8221;default&#8221; custom_margin=&#8221;-30px||0px||false|false&#8221; custom_padding=&#8221;||0px||false|false&#8221; global_colors_info=&#8221;{}&#8221;][\/et_pb_divider][\/et_pb_column][\/et_pb_row][et_pb_row _builder_version=&#8221;4.27.4&#8243; _module_preset=&#8221;default&#8221; custom_margin=&#8221;-50px||-47px||false|false&#8221; global_colors_info=&#8221;{}&#8221;][et_pb_column type=&#8221;4_4&#8243; _builder_version=&#8221;4.27.4&#8243; _module_preset=&#8221;default&#8221; global_colors_info=&#8221;{}&#8221;][et_pb_heading title=&#8221;Kovos su diskriminacija ir lygi\u0173 galimybi\u0173 politika&#8221; _builder_version=&#8221;4.27.4&#8243; _module_preset=&#8221;default&#8221; title_level=&#8221;h3&#8243; global_colors_info=&#8221;{}&#8221;][\/et_pb_heading][\/et_pb_column][\/et_pb_row][et_pb_row _builder_version=&#8221;4.27.4&#8243; _module_preset=&#8221;default&#8221; hover_enabled=&#8221;0&#8243; global_colors_info=&#8221;{}&#8221; sticky_enabled=&#8221;0&#8243;][et_pb_column type=&#8221;4_4&#8243; _builder_version=&#8221;4.27.4&#8243; _module_preset=&#8221;default&#8221; global_colors_info=&#8221;{}&#8221;][et_pb_text _builder_version=&#8221;4.27.4&#8243; _module_preset=&#8221;default&#8221; hover_enabled=&#8221;0&#8243; global_colors_info=&#8221;{}&#8221; sticky_enabled=&#8221;0&#8243;]<\/p>\n<p>\u201eElseta\u201c siekia kurti \u012ftraukian\u010di\u0105, \u012fvairialyp\u0119 ir pagarb\u0105 puosel\u0117jan\u010di\u0105 darbo aplink\u0105, kurioje kiekvienas \u017emogus yra vertinamas ir su juo elgiamasi s\u0105\u017einingai. Diskriminacija ar priekabiavimas d\u0117l bet koki\u0173 teisi\u0161kai saugom\u0173 po\u017eymi\u0173 yra grie\u017etai draud\u017eiami. \u0160i politika u\u017etikrina lygyb\u0119 visose u\u017eimtumo srityse ir atitinka Europos kovos su diskriminacija teis\u0117s aktus. Per mokymus, param\u0105 ir ai\u0161kius ataskait\u0173 teikimo mechanizmus stengiam\u0117s palaikyti darbo viet\u0105, kurioje kiekvienas jau\u010diasi \u012fgalintas ir gerbiamas.<\/p>\n<p>[\/et_pb_text][\/et_pb_column][\/et_pb_row][et_pb_row _builder_version=&#8221;4.27.4&#8243; _module_preset=&#8221;default&#8221; global_colors_info=&#8221;{}&#8221;][et_pb_column type=&#8221;4_4&#8243; _builder_version=&#8221;4.27.4&#8243; _module_preset=&#8221;default&#8221; global_colors_info=&#8221;{}&#8221;][et_pb_button button_url=&#8221;https:\/\/elseta.com\/wp-content\/uploads\/Elseta-Anti-Discrimination-and-Equal-Opportunity-Policy.pdf&#8221; url_new_window=&#8221;on&#8221; button_text=&#8221;Atsisi\u0173sti \u010dia&#8221; _builder_version=&#8221;4.27.4&#8243; _module_preset=&#8221;default&#8221; custom_margin=&#8221;-33px||||false|false&#8221; global_colors_info=&#8221;{}&#8221;][\/et_pb_button][\/et_pb_column][\/et_pb_row][et_pb_row _builder_version=&#8221;4.27.4&#8243; _module_preset=&#8221;default&#8221; global_colors_info=&#8221;{}&#8221;][et_pb_column type=&#8221;4_4&#8243; _builder_version=&#8221;4.27.4&#8243; _module_preset=&#8221;default&#8221; global_colors_info=&#8221;{}&#8221;][et_pb_divider _builder_version=&#8221;4.27.4&#8243; _module_preset=&#8221;default&#8221; custom_margin=&#8221;-30px||0px||false|false&#8221; global_colors_info=&#8221;{}&#8221;][\/et_pb_divider][\/et_pb_column][\/et_pb_row][et_pb_row _builder_version=&#8221;4.27.4&#8243; _module_preset=&#8221;default&#8221; custom_margin=&#8221;-50px||-47px||false|false&#8221; global_colors_info=&#8221;{}&#8221;][et_pb_column type=&#8221;4_4&#8243; _builder_version=&#8221;4.27.4&#8243; _module_preset=&#8221;default&#8221; global_colors_info=&#8221;{}&#8221;][et_pb_heading title=&#8221;\u012emoni\u0173 socialin\u0117s atsakomyb\u0117s (\u012eSA) politika&#8221; _builder_version=&#8221;4.27.4&#8243; _module_preset=&#8221;default&#8221; title_level=&#8221;h3&#8243; global_colors_info=&#8221;{}&#8221;][\/et_pb_heading][\/et_pb_column][\/et_pb_row][et_pb_row _builder_version=&#8221;4.27.4&#8243; _module_preset=&#8221;default&#8221; global_colors_info=&#8221;{}&#8221;][et_pb_column type=&#8221;4_4&#8243; _builder_version=&#8221;4.27.4&#8243; _module_preset=&#8221;default&#8221; global_colors_info=&#8221;{}&#8221;][et_pb_text _builder_version=&#8221;4.27.4&#8243; _module_preset=&#8221;default&#8221; hover_enabled=&#8221;0&#8243; global_colors_info=&#8221;{}&#8221; sticky_enabled=&#8221;0&#8243;]<\/p>\n<p>\u201eElseta\u201c integruoja socialin\u0119 atsakomyb\u0119 \u012f visas savo veiklos sritis, akcentuodama tvar\u0173 vystym\u0105si, eti\u0161k\u0105 verslo praktik\u0105 ir bendruomen\u0117s \u012ftraukim\u0105. Siekiame suma\u017einti savo poveik\u012f aplinkai, remti vietos bendruomenes ir laikytis auk\u0161\u010diausi\u0173 s\u0105\u017einingumo bei skaidrumo standart\u0173. Bendradarbiaudami su suinteresuotosiomis \u0161alimis prisidedame prie tvarios ir teisingos ateities k\u016brimo, tuo pa\u010diu siekdami ilgalaikio augimo.<\/p>\n<p>[\/et_pb_text][\/et_pb_column][\/et_pb_row][et_pb_row _builder_version=&#8221;4.27.4&#8243; _module_preset=&#8221;default&#8221; global_colors_info=&#8221;{}&#8221;][et_pb_column type=&#8221;4_4&#8243; _builder_version=&#8221;4.27.4&#8243; _module_preset=&#8221;default&#8221; global_colors_info=&#8221;{}&#8221;][et_pb_button button_url=&#8221;https:\/\/elseta.com\/wp-content\/uploads\/Elseta-CSR-policy.pdf&#8221; url_new_window=&#8221;on&#8221; button_text=&#8221;Atsisi\u0173sti \u010dia&#8221; _builder_version=&#8221;4.27.4&#8243; _module_preset=&#8221;default&#8221; custom_margin=&#8221;-33px||||false|false&#8221; global_colors_info=&#8221;{}&#8221;][\/et_pb_button][\/et_pb_column][\/et_pb_row][\/et_pb_section]<\/p>\n","protected":false},"excerpt":{"rendered":"<p>\u201eElseta\u201c yra \u012fsipareigojusi vykdyti savo veikl\u0105 laikydamasi auk\u0161\u010diausi\u0173 s\u0105\u017einingumo, skaidrumo ir atsakomyb\u0117s standart\u0173. M\u016bs\u0173 nulin\u0117s tolerancijos politika ky\u0161ininkavimui, korupcijai ir suk\u010diavimui u\u017etikrina tarptautini\u0173 ir vietini\u0173 kovos su korupcija \u012fstatym\u0173 laikym\u0105si. \u0160i politika taikoma visiems darbuotojams ir tre\u010diosioms \u0161alims, veikian\u010dioms \u201eElseta\u201c vardu, ir grie\u017etai draud\u017eia ky\u0161ius, palengvinan\u010dius mok\u0117jimus ir netinkamas dovanas. Per grie\u017etus mokymus, steb\u0117senos bei [&hellip;]<\/p>\n","protected":false},"author":7,"featured_media":0,"parent":593,"menu_order":0,"comment_status":"closed","ping_status":"closed","template":"","meta":{"_acf_changed":false,"_et_pb_use_builder":"on","_et_pb_old_content":"","_et_gb_content_width":"","footnotes":""},"class_list":["post-3541","page","type-page","status-publish","hentry"],"acf":[],"yoast_head":"<!-- This site is optimized with the Yoast SEO plugin v25.5 - https:\/\/yoast.com\/wordpress\/plugins\/seo\/ -->\n<title>\u012emon\u0117s politikos | elseta.com<\/title>\n<meta name=\"robots\" content=\"index, follow, max-snippet:-1, max-image-preview:large, max-video-preview:-1\" \/>\n<link rel=\"canonical\" href=\"https:\/\/elseta.com\/lt\/apie\/imones-politikos\/\" \/>\n<meta property=\"og:locale\" content=\"lt_LT\" \/>\n<meta property=\"og:type\" content=\"article\" \/>\n<meta property=\"og:title\" content=\"\u012emon\u0117s politikos | Elseta\" \/>\n<meta property=\"og:description\" content=\"\u201eElseta\u201c yra \u012fsipareigojusi vykdyti savo veikl\u0105 laikydamasi auk\u0161\u010diausi\u0173 s\u0105\u017einingumo, skaidrumo ir atsakomyb\u0117s standart\u0173. M\u016bs\u0173 nulin\u0117s tolerancijos politika ky\u0161ininkavimui, korupcijai ir suk\u010diavimui u\u017etikrina tarptautini\u0173 ir vietini\u0173 kovos su korupcija \u012fstatym\u0173 laikym\u0105si. \u0160i politika taikoma visiems darbuotojams ir tre\u010diosioms \u0161alims, veikian\u010dioms \u201eElseta\u201c vardu, ir grie\u017etai draud\u017eia ky\u0161ius, palengvinan\u010dius mok\u0117jimus ir netinkamas dovanas. Per grie\u017etus mokymus, steb\u0117senos bei [&hellip;]\" \/>\n<meta property=\"og:url\" content=\"https:\/\/elseta.com\/lt\/apie\/imones-politikos\/\" \/>\n<meta property=\"og:site_name\" content=\"Elseta\" \/>\n<meta property=\"article:publisher\" content=\"https:\/\/www.facebook.com\/elseta.co\" \/>\n<meta property=\"article:modified_time\" content=\"2025-01-09T13:37:29+00:00\" \/>\n<meta name=\"twitter:card\" content=\"summary_large_image\" \/>\n<meta name=\"twitter:label1\" content=\"Est. reading time\" \/>\n\t<meta name=\"twitter:data1\" content=\"5 minut\u0117s\" \/>\n<script type=\"application\/ld+json\" class=\"yoast-schema-graph\">{\"@context\":\"https:\/\/schema.org\",\"@graph\":[{\"@type\":\"WebPage\",\"@id\":\"https:\/\/elseta.com\/lt\/apie\/imones-politikos\/\",\"url\":\"https:\/\/elseta.com\/lt\/apie\/imones-politikos\/\",\"name\":\"\u012emon\u0117s politikos | Elseta\",\"isPartOf\":{\"@id\":\"https:\/\/elseta.com\/#website\"},\"datePublished\":\"2025-01-08T13:10:58+00:00\",\"dateModified\":\"2025-01-09T13:37:29+00:00\",\"breadcrumb\":{\"@id\":\"https:\/\/elseta.com\/lt\/apie\/imones-politikos\/#breadcrumb\"},\"inLanguage\":\"lt-LT\",\"potentialAction\":[{\"@type\":\"ReadAction\",\"target\":[\"https:\/\/elseta.com\/lt\/apie\/imones-politikos\/\"]}]},{\"@type\":\"BreadcrumbList\",\"@id\":\"https:\/\/elseta.com\/lt\/apie\/imones-politikos\/#breadcrumb\",\"itemListElement\":[{\"@type\":\"ListItem\",\"position\":1,\"name\":\"Home\",\"item\":\"https:\/\/elseta.com\/\"},{\"@type\":\"ListItem\",\"position\":2,\"name\":\"Apie\",\"item\":\"https:\/\/elseta.com\/lt\/apie\/\"},{\"@type\":\"ListItem\",\"position\":3,\"name\":\"\u012emon\u0117s politikos\"}]},{\"@type\":\"WebSite\",\"@id\":\"https:\/\/elseta.com\/#website\",\"url\":\"https:\/\/elseta.com\/\",\"name\":\"elseta.com\",\"description\":\"Medium and Low voltage electricity automation and digitalisation solutions\",\"publisher\":{\"@id\":\"https:\/\/elseta.com\/#organization\"},\"potentialAction\":[{\"@type\":\"SearchAction\",\"target\":{\"@type\":\"EntryPoint\",\"urlTemplate\":\"https:\/\/elseta.com\/?s={search_term_string}\"},\"query-input\":{\"@type\":\"PropertyValueSpecification\",\"valueRequired\":true,\"valueName\":\"search_term_string\"}}],\"inLanguage\":\"lt-LT\"},{\"@type\":\"Organization\",\"@id\":\"https:\/\/elseta.com\/#organization\",\"name\":\"Elseta\",\"url\":\"https:\/\/elseta.com\/\",\"logo\":{\"@type\":\"ImageObject\",\"inLanguage\":\"lt-LT\",\"@id\":\"https:\/\/elseta.com\/#\/schema\/logo\/image\/\",\"url\":\"https:\/\/elseta.com\/wp-content\/uploads\/ELSETA_logo.jpg\",\"contentUrl\":\"https:\/\/elseta.com\/wp-content\/uploads\/ELSETA_logo.jpg\",\"width\":590,\"height\":800,\"caption\":\"Elseta\"},\"image\":{\"@id\":\"https:\/\/elseta.com\/#\/schema\/logo\/image\/\"},\"sameAs\":[\"https:\/\/www.facebook.com\/elseta.co\",\"https:\/\/www.linkedin.com\/company\/elseta\/\"]}]}<\/script>\n<!-- \/ Yoast SEO plugin. -->","yoast_head_json":{"title":"\u012emon\u0117s politikos | elseta.com","robots":{"index":"index","follow":"follow","max-snippet":"max-snippet:-1","max-image-preview":"max-image-preview:large","max-video-preview":"max-video-preview:-1"},"canonical":"https:\/\/elseta.com\/lt\/apie\/imones-politikos\/","og_locale":"lt_LT","og_type":"article","og_title":"\u012emon\u0117s politikos | Elseta","og_description":"\u201eElseta\u201c yra \u012fsipareigojusi vykdyti savo veikl\u0105 laikydamasi auk\u0161\u010diausi\u0173 s\u0105\u017einingumo, skaidrumo ir atsakomyb\u0117s standart\u0173. M\u016bs\u0173 nulin\u0117s tolerancijos politika ky\u0161ininkavimui, korupcijai ir suk\u010diavimui u\u017etikrina tarptautini\u0173 ir vietini\u0173 kovos su korupcija \u012fstatym\u0173 laikym\u0105si. \u0160i politika taikoma visiems darbuotojams ir tre\u010diosioms \u0161alims, veikian\u010dioms \u201eElseta\u201c vardu, ir grie\u017etai draud\u017eia ky\u0161ius, palengvinan\u010dius mok\u0117jimus ir netinkamas dovanas. Per grie\u017etus mokymus, steb\u0117senos bei [&hellip;]","og_url":"https:\/\/elseta.com\/lt\/apie\/imones-politikos\/","og_site_name":"Elseta","article_publisher":"https:\/\/www.facebook.com\/elseta.co","article_modified_time":"2025-01-09T13:37:29+00:00","twitter_card":"summary_large_image","twitter_misc":{"Est. reading time":"5 minut\u0117s"},"schema":{"@context":"https:\/\/schema.org","@graph":[{"@type":"WebPage","@id":"https:\/\/elseta.com\/lt\/apie\/imones-politikos\/","url":"https:\/\/elseta.com\/lt\/apie\/imones-politikos\/","name":"\u012emon\u0117s politikos | Elseta","isPartOf":{"@id":"https:\/\/elseta.com\/#website"},"datePublished":"2025-01-08T13:10:58+00:00","dateModified":"2025-01-09T13:37:29+00:00","breadcrumb":{"@id":"https:\/\/elseta.com\/lt\/apie\/imones-politikos\/#breadcrumb"},"inLanguage":"lt-LT","potentialAction":[{"@type":"ReadAction","target":["https:\/\/elseta.com\/lt\/apie\/imones-politikos\/"]}]},{"@type":"BreadcrumbList","@id":"https:\/\/elseta.com\/lt\/apie\/imones-politikos\/#breadcrumb","itemListElement":[{"@type":"ListItem","position":1,"name":"Home","item":"https:\/\/elseta.com\/"},{"@type":"ListItem","position":2,"name":"Apie","item":"https:\/\/elseta.com\/lt\/apie\/"},{"@type":"ListItem","position":3,"name":"\u012emon\u0117s politikos"}]},{"@type":"WebSite","@id":"https:\/\/elseta.com\/#website","url":"https:\/\/elseta.com\/","name":"elseta.com","description":"Medium and Low voltage electricity automation and digitalisation solutions","publisher":{"@id":"https:\/\/elseta.com\/#organization"},"potentialAction":[{"@type":"SearchAction","target":{"@type":"EntryPoint","urlTemplate":"https:\/\/elseta.com\/?s={search_term_string}"},"query-input":{"@type":"PropertyValueSpecification","valueRequired":true,"valueName":"search_term_string"}}],"inLanguage":"lt-LT"},{"@type":"Organization","@id":"https:\/\/elseta.com\/#organization","name":"Elseta","url":"https:\/\/elseta.com\/","logo":{"@type":"ImageObject","inLanguage":"lt-LT","@id":"https:\/\/elseta.com\/#\/schema\/logo\/image\/","url":"https:\/\/elseta.com\/wp-content\/uploads\/ELSETA_logo.jpg","contentUrl":"https:\/\/elseta.com\/wp-content\/uploads\/ELSETA_logo.jpg","width":590,"height":800,"caption":"Elseta"},"image":{"@id":"https:\/\/elseta.com\/#\/schema\/logo\/image\/"},"sameAs":["https:\/\/www.facebook.com\/elseta.co","https:\/\/www.linkedin.com\/company\/elseta\/"]}]}},"_links":{"self":[{"href":"https:\/\/elseta.com\/lt\/wp-json\/wp\/v2\/pages\/3541","targetHints":{"allow":["GET"]}}],"collection":[{"href":"https:\/\/elseta.com\/lt\/wp-json\/wp\/v2\/pages"}],"about":[{"href":"https:\/\/elseta.com\/lt\/wp-json\/wp\/v2\/types\/page"}],"author":[{"embeddable":true,"href":"https:\/\/elseta.com\/lt\/wp-json\/wp\/v2\/users\/7"}],"replies":[{"embeddable":true,"href":"https:\/\/elseta.com\/lt\/wp-json\/wp\/v2\/comments?post=3541"}],"version-history":[{"count":3,"href":"https:\/\/elseta.com\/lt\/wp-json\/wp\/v2\/pages\/3541\/revisions"}],"predecessor-version":[{"id":3544,"href":"https:\/\/elseta.com\/lt\/wp-json\/wp\/v2\/pages\/3541\/revisions\/3544"}],"up":[{"embeddable":true,"href":"https:\/\/elseta.com\/lt\/wp-json\/wp\/v2\/pages\/593"}],"wp:attachment":[{"href":"https:\/\/elseta.com\/lt\/wp-json\/wp\/v2\/media?parent=3541"}],"curies":[{"name":"wp","href":"https:\/\/api.w.org\/{rel}","templated":true}]}}