{"id":4763,"date":"2026-03-06T09:20:33","date_gmt":"2026-03-06T07:20:33","guid":{"rendered":"https:\/\/elseta.com\/?page_id=4763"},"modified":"2026-03-06T13:37:57","modified_gmt":"2026-03-06T11:37:57","slug":"paslaugos","status":"publish","type":"page","link":"https:\/\/elseta.com\/lt\/paslaugos\/","title":{"rendered":"Paslaugos"},"content":{"rendered":"<p>[et_pb_section fb_built=&#8221;1&#8243; _builder_version=&#8221;4.27.4&#8243; _module_preset=&#8221;default&#8221; custom_margin=&#8221;||-51px||false|false&#8221; custom_padding=&#8221;11px||0px||false|false&#8221; animation_style=&#8221;fade&#8221; global_colors_info=&#8221;{}&#8221;][et_pb_row admin_label=&#8221;Row&#8221; _builder_version=&#8221;4.27.4&#8243; _module_preset=&#8221;default&#8221; custom_padding=&#8221;||0px|||&#8221; global_colors_info=&#8221;{}&#8221;][et_pb_column type=&#8221;4_4&#8243; _builder_version=&#8221;4.27.4&#8243; _module_preset=&#8221;default&#8221; global_colors_info=&#8221;{}&#8221;][et_pb_heading title=&#8221;M\u016bs\u0173 teikiamos paslaugos&#8221; _builder_version=&#8221;4.27.4&#8243; _module_preset=&#8221;default&#8221; global_colors_info=&#8221;{}&#8221;][\/et_pb_heading][et_pb_text _builder_version=&#8221;4.27.4&#8243; _module_preset=&#8221;default&#8221; global_colors_info=&#8221;{}&#8221;]<\/p>\n<p class=\"FirstParagraph\"><span lang=\"EN-US\">Elseta teikia kompleksines paslaugas elektros energijos gamybos ir kaupimo objektams \u2013 nuo TSP\u012e projektavimo ir \u012frengimo iki nuolatin\u0117s prie\u017ei\u016bros bei kibernetinio saugumo atitikties u\u017etikrinimo. M\u016bs\u0173 sprendimai orientuoti \u012f vien\u0105 tiksl\u0105 \u2013 u\u017etikrinti, kad elektrin\u0117 ar energijos kaupimo \u012frenginys patikimai, saugiai ir teis\u0117tai veikt\u0173 viso eksploatavimo laikotarpiu.<o:p><\/o:p><\/span><\/p>\n<p>[\/et_pb_text][\/et_pb_column][\/et_pb_row][et_pb_row _builder_version=&#8221;4.27.4&#8243; _module_preset=&#8221;default&#8221; custom_padding=&#8221;11px|||||&#8221; animation_style=&#8221;fade&#8221; global_colors_info=&#8221;{}&#8221;][et_pb_column type=&#8221;4_4&#8243; _builder_version=&#8221;4.27.4&#8243; _module_preset=&#8221;default&#8221; global_colors_info=&#8221;{}&#8221;][et_pb_divider _builder_version=&#8221;4.27.4&#8243; _module_preset=&#8221;default&#8221; global_colors_info=&#8221;{}&#8221;][\/et_pb_divider][\/et_pb_column][\/et_pb_row][\/et_pb_section][et_pb_section fb_built=&#8221;1&#8243; _builder_version=&#8221;4.27.4&#8243; _module_preset=&#8221;default&#8221; custom_margin=&#8221;||||false|false&#8221; custom_padding=&#8221;8px||||false|false&#8221; global_colors_info=&#8221;{}&#8221;][et_pb_row column_structure=&#8221;1_2,1_2&#8243; _builder_version=&#8221;4.27.4&#8243; _module_preset=&#8221;default&#8221; border_width_bottom=&#8221;1px&#8221; border_color_bottom=&#8221;#E02B20&#8243; global_colors_info=&#8221;{}&#8221;][et_pb_column type=&#8221;1_2&#8243; _builder_version=&#8221;4.27.4&#8243; _module_preset=&#8221;default&#8221; global_colors_info=&#8221;{}&#8221;][et_pb_image src=&#8221;https:\/\/elseta.com\/wp-content\/uploads\/32-1.jpg&#8221; title_text=&#8221;- (32)&#8221; _builder_version=&#8221;4.27.4&#8243; _module_preset=&#8221;default&#8221; width=&#8221;79%&#8221; global_colors_info=&#8221;{}&#8221;][\/et_pb_image][\/et_pb_column][et_pb_column type=&#8221;1_2&#8243; _builder_version=&#8221;4.27.4&#8243; _module_preset=&#8221;default&#8221; global_colors_info=&#8221;{}&#8221;][et_pb_text _builder_version=&#8221;4.27.4&#8243; _module_preset=&#8221;default&#8221; width=&#8221;100%&#8221; custom_margin=&#8221;|||-47px||&#8221; global_colors_info=&#8221;{}&#8221;]<\/p>\n<h2>TSP\u012e \u012frengimas<\/h2>\n<p>Teleinformacijos surinkimo ir perdavimo \u012frenginio parinkimas, diegimas bei integracij\u0105 pagal tinklo operatoriaus technines s\u0105lygas. \u012egyvendiname aktyviosios galios ribojim\u0105, nuotolin\u012f valdym\u0105 i\u0161 DMS, cos \u03c6 ir Q(U) funkcijas, IEC 60870-5-104 komunikacij\u0105, inverteri\u0173 parametrizavim\u0105 bei energijos kaupimo \u012frengini\u0173 integracij\u0105, \u012fskaitant Nord Pool kain\u0173 arbitra\u017eo ar tre\u010di\u0173j\u0173 \u0161ali\u0173 (agregatoriaus) valdymo logik\u0105. Po kompleksini\u0173 signal\u0173 derinimo atliekame nat\u016brinius bandymus, patvirtinan\u010dius sistemos atitikt\u012f ir veikim\u0105 realiomis s\u0105lygomis.<\/p>\n<p>[\/et_pb_text][et_pb_button button_url=&#8221;https:\/\/elseta.com\/lt\/paslaugos\/tspi-irengimas-elektrinems\/&#8221; button_text=&#8221;Su\u017einoti daugiau&#8221; button_alignment=&#8221;left&#8221; _builder_version=&#8221;4.27.4&#8243; _module_preset=&#8221;default&#8221; custom_margin=&#8221;16px|||-45px|false|false&#8221; custom_padding=&#8221;||||false|false&#8221; global_colors_info=&#8221;{}&#8221;][\/et_pb_button][\/et_pb_column][\/et_pb_row][et_pb_row column_structure=&#8221;1_2,1_2&#8243; _builder_version=&#8221;4.27.4&#8243; _module_preset=&#8221;default&#8221; border_width_bottom=&#8221;1px&#8221; border_color_bottom=&#8221;#E02B20&#8243; global_colors_info=&#8221;{}&#8221;][et_pb_column type=&#8221;1_2&#8243; _builder_version=&#8221;4.27.4&#8243; _module_preset=&#8221;default&#8221; global_colors_info=&#8221;{}&#8221;][et_pb_image src=&#8221;https:\/\/elseta.com\/wp-content\/uploads\/33.jpg&#8221; title_text=&#8221;- (33)&#8221; _builder_version=&#8221;4.27.4&#8243; _module_preset=&#8221;default&#8221; width=&#8221;79%&#8221; global_colors_info=&#8221;{}&#8221;][\/et_pb_image][\/et_pb_column][et_pb_column type=&#8221;1_2&#8243; _builder_version=&#8221;4.27.4&#8243; _module_preset=&#8221;default&#8221; global_colors_info=&#8221;{}&#8221;][et_pb_text _builder_version=&#8221;4.27.4&#8243; _module_preset=&#8221;default&#8221; width=&#8221;100%&#8221; custom_margin=&#8221;|||-47px||&#8221; global_colors_info=&#8221;{}&#8221;]<\/p>\n<h2>TSP\u012e prie\u017ei\u016bra<\/h2>\n<p><span>TSPI\u0328 priez\u030ciu\u0304ros paslauga u\u017etikrina stabil\u0173 ir nepertraukiam\u0105 sistemos veikim\u0105 po \u012frengimo. Vykdome nuolatin\u0119 ry\u0161io ir \u012frangos steb\u0117sen\u0105, registruojame ir \u0161aliname incidentus, atliekame programin\u0117s \u012frangos bei kritinius ugniasieni\u0173 saugumo atnaujinimus. Taip pat galime teikti privataus mobilaus ry\u0161io paslaug\u0105 technologiniam valdymui, u\u017etikrinan\u010di\u0105 saug\u0173 ir izoliuot\u0105 duomen\u0173 perdavim\u0105 iki operatoriaus tinklo. Klientams suteikiama prieiga prie saugios monitoringo sistemos, leid\u017eian\u010dios realiu laiku steb\u0117ti gamybos duomenis bei identifikuoti galimus sutrikimus.<\/span><\/p>\n<p>[\/et_pb_text][et_pb_button button_url=&#8221;https:\/\/elseta.com\/lt\/paslaugos\/tspi-prieziuros-paslaugos\/&#8221; button_text=&#8221;Su\u017einoti daugiau&#8221; button_alignment=&#8221;left&#8221; _builder_version=&#8221;4.27.4&#8243; _module_preset=&#8221;default&#8221; custom_margin=&#8221;16px|||-45px|false|false&#8221; custom_padding=&#8221;||||false|false&#8221; global_colors_info=&#8221;{}&#8221;][\/et_pb_button][\/et_pb_column][\/et_pb_row][et_pb_row column_structure=&#8221;1_2,1_2&#8243; _builder_version=&#8221;4.27.4&#8243; _module_preset=&#8221;default&#8221; global_colors_info=&#8221;{}&#8221;][et_pb_column type=&#8221;1_2&#8243; _builder_version=&#8221;4.27.4&#8243; _module_preset=&#8221;default&#8221; global_colors_info=&#8221;{}&#8221;][et_pb_image src=&#8221;https:\/\/elseta.com\/wp-content\/uploads\/34.jpg&#8221; title_text=&#8221;- (34)&#8221; _builder_version=&#8221;4.27.4&#8243; _module_preset=&#8221;default&#8221; width=&#8221;79%&#8221; global_colors_info=&#8221;{}&#8221;][\/et_pb_image][\/et_pb_column][et_pb_column type=&#8221;1_2&#8243; _builder_version=&#8221;4.27.4&#8243; _module_preset=&#8221;default&#8221; global_colors_info=&#8221;{}&#8221;][et_pb_text _builder_version=&#8221;4.27.4&#8243; _module_preset=&#8221;default&#8221; width=&#8221;100%&#8221; custom_margin=&#8221;|||-47px||&#8221; global_colors_info=&#8221;{}&#8221;]<\/p>\n<h2>Kibernetinio saugumo atitikties auditas<\/h2>\n<p>Saugumo atitikties deklaravimas skirtas u\u017etikrinti, kad valdymo sistema atitikt\u0173 galiojan\u010dius kibernetinio saugumo reikalavimus objektams, kuri\u0173 galia vir\u0161ija 100 kW. \u012evertiname esam\u0105 ar projektuojam\u0105 TSP\u012e architekt\u016br\u0105, parenkame ir sukonfig\u016bruojame ugniasienes, u\u017etikriname tinklo segmentavim\u0105, \u0161ifruot\u0105 ry\u0161\u012f ir nuotolin\u0117s prieigos kontrol\u0119. Diegiamos technin\u0117s priemon\u0117s u\u017ekerta keli\u0105 nesankcionuotam valdymui, \u012fskaitant bandymus pasiekti sistem\u0105 i\u0161 nesaugiomis \u012fvardint\u0173 valstybi\u0173, ir sudaro pagrind\u0105 pagr\u012fstai saugumo deklaracijai bei auditui.<\/p>\n<p>[\/et_pb_text][et_pb_button button_text=&#8221;Su\u017einoti daugiau&#8221; button_alignment=&#8221;left&#8221; _builder_version=&#8221;4.27.4&#8243; _module_preset=&#8221;default&#8221; custom_margin=&#8221;16px|||-45px|false|false&#8221; custom_padding=&#8221;||||false|false&#8221; hover_enabled=&#8221;0&#8243; global_colors_info=&#8221;{}&#8221; button_url=&#8221;https:\/\/elseta.com\/lt\/paslaugos\/kibernetinio-saugumo-atitiktis\/&#8221; sticky_enabled=&#8221;0&#8243;][\/et_pb_button][\/et_pb_column][\/et_pb_row][et_pb_row admin_label=&#8221;Row&#8221; _builder_version=&#8221;4.27.4&#8243; _module_preset=&#8221;default&#8221; custom_padding=&#8221;||0px|||&#8221; border_width_top=&#8221;1px&#8221; border_color_top=&#8221;#E02B20&#8243; global_colors_info=&#8221;{}&#8221;][et_pb_column type=&#8221;4_4&#8243; _builder_version=&#8221;4.27.4&#8243; _module_preset=&#8221;default&#8221; global_colors_info=&#8221;{}&#8221;][et_pb_text _builder_version=&#8221;4.27.4&#8243; _module_preset=&#8221;default&#8221; global_colors_info=&#8221;{}&#8221;]<\/p>\n<p><span>Veikdami kaip vienas partneris visame cikle \u2013 sprendimo parinkimas, \u012frengimas, testavimas, pridavimas, prie\u017ei\u016bra ir saugumo u\u017etikrinimas \u2013 suteikiame klientui ne tik technin\u012f sprendim\u0105, bet ir ilgalaik\u012f patikimum\u0105. Rezultatas \u2013 su tinklo operatoriaus reikalavimais suderinta, saugi ir stabiliai veikianti valdymo sistema, ma\u017eesn\u0117 prastov\u0173 ir neatitikties rizika bei ai\u0161kiai apibr\u0117\u017eta atsakomyb\u0117 u\u017e technologin\u0117s infrastrukt\u016bros veikim\u0105.<\/span><\/p>\n<p>[\/et_pb_text][\/et_pb_column][\/et_pb_row][\/et_pb_section]<\/p>\n","protected":false},"excerpt":{"rendered":"<p>Elseta teikia kompleksines paslaugas elektros energijos gamybos ir kaupimo objektams \u2013 nuo TSP\u012e projektavimo ir \u012frengimo iki nuolatin\u0117s prie\u017ei\u016bros bei kibernetinio saugumo atitikties u\u017etikrinimo. M\u016bs\u0173 sprendimai orientuoti \u012f vien\u0105 tiksl\u0105 \u2013 u\u017etikrinti, kad elektrin\u0117 ar energijos kaupimo \u012frenginys patikimai, saugiai ir teis\u0117tai veikt\u0173 viso eksploatavimo laikotarpiu.TSP\u012e \u012frengimas Teleinformacijos surinkimo ir perdavimo \u012frenginio parinkimas, diegimas bei [&hellip;]<\/p>\n","protected":false},"author":7,"featured_media":0,"parent":0,"menu_order":0,"comment_status":"closed","ping_status":"closed","template":"","meta":{"_acf_changed":false,"_et_pb_use_builder":"on","_et_pb_old_content":"","_et_gb_content_width":"","footnotes":""},"class_list":["post-4763","page","type-page","status-publish","hentry"],"acf":[],"yoast_head":"<!-- This site is optimized with the Yoast SEO plugin v25.5 - https:\/\/yoast.com\/wordpress\/plugins\/seo\/ -->\n<title>TSP\u012e \u012frengimas, prie\u017ei\u016bra ir saugumo atitiktis elektrin\u0117ms | elseta.com<\/title>\n<meta name=\"description\" content=\"TSP\u012e \u012frengimas, prie\u017ei\u016bra ir kibernetinio saugumo atitiktis saul\u0117s ar v\u0117jo elektrin\u0117ms ir kaupimo \u012frenginiams. Nuotolinis valdymas, monitoringas ir ESO reikalavim\u0173 \u012fgyvendinimas.\" \/>\n<meta name=\"robots\" content=\"index, follow, max-snippet:-1, max-image-preview:large, max-video-preview:-1\" \/>\n<link rel=\"canonical\" href=\"https:\/\/elseta.com\/lt\/paslaugos\/\" \/>\n<meta property=\"og:locale\" content=\"lt_LT\" \/>\n<meta property=\"og:type\" content=\"article\" \/>\n<meta property=\"og:title\" content=\"TSP\u012e \u012frengimas, prie\u017ei\u016bra ir saugumo atitiktis elektrin\u0117ms | Elseta\" \/>\n<meta property=\"og:description\" content=\"TSP\u012e \u012frengimas, prie\u017ei\u016bra ir kibernetinio saugumo atitiktis saul\u0117s ar v\u0117jo elektrin\u0117ms ir kaupimo \u012frenginiams. Nuotolinis valdymas, monitoringas ir ESO reikalavim\u0173 \u012fgyvendinimas.\" \/>\n<meta property=\"og:url\" content=\"https:\/\/elseta.com\/lt\/paslaugos\/\" \/>\n<meta property=\"og:site_name\" content=\"Elseta\" \/>\n<meta property=\"article:publisher\" content=\"https:\/\/www.facebook.com\/elseta.co\" \/>\n<meta property=\"article:modified_time\" content=\"2026-03-06T11:37:57+00:00\" \/>\n<meta name=\"twitter:card\" content=\"summary_large_image\" \/>\n<meta name=\"twitter:label1\" content=\"Est. reading time\" \/>\n\t<meta name=\"twitter:data1\" content=\"2 minut\u0117s\" \/>\n<script type=\"application\/ld+json\" class=\"yoast-schema-graph\">{\"@context\":\"https:\/\/schema.org\",\"@graph\":[{\"@type\":\"WebPage\",\"@id\":\"https:\/\/elseta.com\/lt\/paslaugos\/\",\"url\":\"https:\/\/elseta.com\/lt\/paslaugos\/\",\"name\":\"TSP\u012e \u012frengimas, prie\u017ei\u016bra ir saugumo atitiktis elektrin\u0117ms | Elseta\",\"isPartOf\":{\"@id\":\"https:\/\/elseta.com\/#website\"},\"datePublished\":\"2026-03-06T07:20:33+00:00\",\"dateModified\":\"2026-03-06T11:37:57+00:00\",\"description\":\"TSP\u012e \u012frengimas, prie\u017ei\u016bra ir kibernetinio saugumo atitiktis saul\u0117s ar v\u0117jo elektrin\u0117ms ir kaupimo \u012frenginiams. Nuotolinis valdymas, monitoringas ir ESO reikalavim\u0173 \u012fgyvendinimas.\",\"breadcrumb\":{\"@id\":\"https:\/\/elseta.com\/lt\/paslaugos\/#breadcrumb\"},\"inLanguage\":\"lt-LT\",\"potentialAction\":[{\"@type\":\"ReadAction\",\"target\":[\"https:\/\/elseta.com\/lt\/paslaugos\/\"]}]},{\"@type\":\"BreadcrumbList\",\"@id\":\"https:\/\/elseta.com\/lt\/paslaugos\/#breadcrumb\",\"itemListElement\":[{\"@type\":\"ListItem\",\"position\":1,\"name\":\"Home\",\"item\":\"https:\/\/elseta.com\/\"},{\"@type\":\"ListItem\",\"position\":2,\"name\":\"Paslaugos\"}]},{\"@type\":\"WebSite\",\"@id\":\"https:\/\/elseta.com\/#website\",\"url\":\"https:\/\/elseta.com\/\",\"name\":\"elseta.com\",\"description\":\"Medium and Low voltage electricity automation and digitalisation solutions\",\"publisher\":{\"@id\":\"https:\/\/elseta.com\/#organization\"},\"potentialAction\":[{\"@type\":\"SearchAction\",\"target\":{\"@type\":\"EntryPoint\",\"urlTemplate\":\"https:\/\/elseta.com\/?s={search_term_string}\"},\"query-input\":{\"@type\":\"PropertyValueSpecification\",\"valueRequired\":true,\"valueName\":\"search_term_string\"}}],\"inLanguage\":\"lt-LT\"},{\"@type\":\"Organization\",\"@id\":\"https:\/\/elseta.com\/#organization\",\"name\":\"Elseta\",\"url\":\"https:\/\/elseta.com\/\",\"logo\":{\"@type\":\"ImageObject\",\"inLanguage\":\"lt-LT\",\"@id\":\"https:\/\/elseta.com\/#\/schema\/logo\/image\/\",\"url\":\"https:\/\/elseta.com\/wp-content\/uploads\/ELSETA_logo.jpg\",\"contentUrl\":\"https:\/\/elseta.com\/wp-content\/uploads\/ELSETA_logo.jpg\",\"width\":590,\"height\":800,\"caption\":\"Elseta\"},\"image\":{\"@id\":\"https:\/\/elseta.com\/#\/schema\/logo\/image\/\"},\"sameAs\":[\"https:\/\/www.facebook.com\/elseta.co\",\"https:\/\/www.linkedin.com\/company\/elseta\/\"]}]}<\/script>\n<!-- \/ Yoast SEO plugin. -->","yoast_head_json":{"title":"TSP\u012e \u012frengimas, prie\u017ei\u016bra ir saugumo atitiktis elektrin\u0117ms | elseta.com","description":"TSP\u012e \u012frengimas, prie\u017ei\u016bra ir kibernetinio saugumo atitiktis saul\u0117s ar v\u0117jo elektrin\u0117ms ir kaupimo \u012frenginiams. Nuotolinis valdymas, monitoringas ir ESO reikalavim\u0173 \u012fgyvendinimas.","robots":{"index":"index","follow":"follow","max-snippet":"max-snippet:-1","max-image-preview":"max-image-preview:large","max-video-preview":"max-video-preview:-1"},"canonical":"https:\/\/elseta.com\/lt\/paslaugos\/","og_locale":"lt_LT","og_type":"article","og_title":"TSP\u012e \u012frengimas, prie\u017ei\u016bra ir saugumo atitiktis elektrin\u0117ms | Elseta","og_description":"TSP\u012e \u012frengimas, prie\u017ei\u016bra ir kibernetinio saugumo atitiktis saul\u0117s ar v\u0117jo elektrin\u0117ms ir kaupimo \u012frenginiams. Nuotolinis valdymas, monitoringas ir ESO reikalavim\u0173 \u012fgyvendinimas.","og_url":"https:\/\/elseta.com\/lt\/paslaugos\/","og_site_name":"Elseta","article_publisher":"https:\/\/www.facebook.com\/elseta.co","article_modified_time":"2026-03-06T11:37:57+00:00","twitter_card":"summary_large_image","twitter_misc":{"Est. reading time":"2 minut\u0117s"},"schema":{"@context":"https:\/\/schema.org","@graph":[{"@type":"WebPage","@id":"https:\/\/elseta.com\/lt\/paslaugos\/","url":"https:\/\/elseta.com\/lt\/paslaugos\/","name":"TSP\u012e \u012frengimas, prie\u017ei\u016bra ir saugumo atitiktis elektrin\u0117ms | Elseta","isPartOf":{"@id":"https:\/\/elseta.com\/#website"},"datePublished":"2026-03-06T07:20:33+00:00","dateModified":"2026-03-06T11:37:57+00:00","description":"TSP\u012e \u012frengimas, prie\u017ei\u016bra ir kibernetinio saugumo atitiktis saul\u0117s ar v\u0117jo elektrin\u0117ms ir kaupimo \u012frenginiams. Nuotolinis valdymas, monitoringas ir ESO reikalavim\u0173 \u012fgyvendinimas.","breadcrumb":{"@id":"https:\/\/elseta.com\/lt\/paslaugos\/#breadcrumb"},"inLanguage":"lt-LT","potentialAction":[{"@type":"ReadAction","target":["https:\/\/elseta.com\/lt\/paslaugos\/"]}]},{"@type":"BreadcrumbList","@id":"https:\/\/elseta.com\/lt\/paslaugos\/#breadcrumb","itemListElement":[{"@type":"ListItem","position":1,"name":"Home","item":"https:\/\/elseta.com\/"},{"@type":"ListItem","position":2,"name":"Paslaugos"}]},{"@type":"WebSite","@id":"https:\/\/elseta.com\/#website","url":"https:\/\/elseta.com\/","name":"elseta.com","description":"Medium and Low voltage electricity automation and digitalisation solutions","publisher":{"@id":"https:\/\/elseta.com\/#organization"},"potentialAction":[{"@type":"SearchAction","target":{"@type":"EntryPoint","urlTemplate":"https:\/\/elseta.com\/?s={search_term_string}"},"query-input":{"@type":"PropertyValueSpecification","valueRequired":true,"valueName":"search_term_string"}}],"inLanguage":"lt-LT"},{"@type":"Organization","@id":"https:\/\/elseta.com\/#organization","name":"Elseta","url":"https:\/\/elseta.com\/","logo":{"@type":"ImageObject","inLanguage":"lt-LT","@id":"https:\/\/elseta.com\/#\/schema\/logo\/image\/","url":"https:\/\/elseta.com\/wp-content\/uploads\/ELSETA_logo.jpg","contentUrl":"https:\/\/elseta.com\/wp-content\/uploads\/ELSETA_logo.jpg","width":590,"height":800,"caption":"Elseta"},"image":{"@id":"https:\/\/elseta.com\/#\/schema\/logo\/image\/"},"sameAs":["https:\/\/www.facebook.com\/elseta.co","https:\/\/www.linkedin.com\/company\/elseta\/"]}]}},"_links":{"self":[{"href":"https:\/\/elseta.com\/lt\/wp-json\/wp\/v2\/pages\/4763","targetHints":{"allow":["GET"]}}],"collection":[{"href":"https:\/\/elseta.com\/lt\/wp-json\/wp\/v2\/pages"}],"about":[{"href":"https:\/\/elseta.com\/lt\/wp-json\/wp\/v2\/types\/page"}],"author":[{"embeddable":true,"href":"https:\/\/elseta.com\/lt\/wp-json\/wp\/v2\/users\/7"}],"replies":[{"embeddable":true,"href":"https:\/\/elseta.com\/lt\/wp-json\/wp\/v2\/comments?post=4763"}],"version-history":[{"count":22,"href":"https:\/\/elseta.com\/lt\/wp-json\/wp\/v2\/pages\/4763\/revisions"}],"predecessor-version":[{"id":4988,"href":"https:\/\/elseta.com\/lt\/wp-json\/wp\/v2\/pages\/4763\/revisions\/4988"}],"wp:attachment":[{"href":"https:\/\/elseta.com\/lt\/wp-json\/wp\/v2\/media?parent=4763"}],"curies":[{"name":"wp","href":"https:\/\/api.w.org\/{rel}","templated":true}]}}