{"id":593,"date":"2022-08-01T15:07:54","date_gmt":"2022-08-01T12:07:54","guid":{"rendered":"https:\/\/hp.elseta.lt\/apie\/"},"modified":"2024-07-08T12:58:15","modified_gmt":"2024-07-08T09:58:15","slug":"apie","status":"publish","type":"page","link":"https:\/\/elseta.com\/lt\/apie\/","title":{"rendered":"Apie"},"content":{"rendered":"<p>[et_pb_section fb_built=&#8221;1&#8243; _builder_version=&#8221;4.17.6&#8243; _module_preset=&#8221;default&#8221; global_colors_info=&#8221;{}&#8221;][et_pb_row _builder_version=&#8221;4.17.6&#8243; _module_preset=&#8221;default&#8221; custom_margin=&#8221;||0px||false|false&#8221; custom_padding=&#8221;||0px||false|false&#8221; global_colors_info=&#8221;{}&#8221;][et_pb_column type=&#8221;4_4&#8243; _builder_version=&#8221;4.17.6&#8243; _module_preset=&#8221;default&#8221; global_colors_info=&#8221;{}&#8221;][et_pb_text _builder_version=&#8221;4.17.6&#8243; _module_preset=&#8221;default&#8221; header_font=&#8221;|700||on|||||&#8221; header_text_align=&#8221;center&#8221; global_colors_info=&#8221;{}&#8221;]<\/p>\n<h1>Apie<\/h1>\n<p>[\/et_pb_text][\/et_pb_column][\/et_pb_row][et_pb_row column_structure=&#8221;2_5,3_5&#8243; _builder_version=&#8221;4.17.6&#8243; _module_preset=&#8221;default&#8221; custom_margin=&#8221;||0px||false|false&#8221; custom_padding=&#8221;||0px||false|false&#8221; global_colors_info=&#8221;{}&#8221;][et_pb_column type=&#8221;2_5&#8243; _builder_version=&#8221;4.17.6&#8243; _module_preset=&#8221;default&#8221; global_colors_info=&#8221;{}&#8221;][et_pb_image src=&#8221;https:\/\/elseta.com\/wp-content\/uploads\/elseta-logo-1024.png&#8221; title_text=&#8221;elseta-logo-1024&#8243; align=&#8221;center&#8221; _builder_version=&#8221;4.19.4&#8243; _module_preset=&#8221;default&#8221; hover_enabled=&#8221;0&#8243; global_colors_info=&#8221;{}&#8221; sticky_enabled=&#8221;0&#8243;][\/et_pb_image][\/et_pb_column][et_pb_column type=&#8221;3_5&#8243; _builder_version=&#8221;4.17.6&#8243; _module_preset=&#8221;default&#8221; global_colors_info=&#8221;{}&#8221;][et_pb_text _builder_version=&#8221;4.19.4&#8243; _module_preset=&#8221;default&#8221; header_2_line_height=&#8221;1.4em&#8221; global_colors_info=&#8221;{}&#8221;]<\/p>\n<h2>M\u016bs\u0173 misija<\/h2>\n<h3>\u012egalinti elektros tinklus ir atsinaujinan\u010dius energijos \u0161altini\u0173 savininkus lengvai pri\u017ei\u016br\u0117ti ir valdyti elektros tinklo infrastrukt\u016br\u0105 naudojantis Elseta, UAB produktais<\/h3>\n<p>Esame elektros energijos valdymo \u012frangos k\u016br\u0117jai.<\/p>\n<p>Manome, kad elektros energija yra pagrindinis ateities visuomen\u0117s energijos \u0161altinis.<\/p>\n<p>Tikime energijos valdymu naudojant skaitmeninius produktus.<\/p>\n<p>Gaminame modulinius ir ma\u017eo gabarito produktus (TSP\u012e, I\/O ir trumpo jungimo indikatorius) su integruotu valdymo sprendimu. <\/p>\n<h4><strong>M\u016aS\u0172 D\u0116MESYS SKIRIAMAS<\/strong><\/h4>\n<ul>\n<li>Elektros <span style=\"color: #000000;\">transformatorini\u0173<\/span> automatizavimui;<\/li>\n<li>Oro linij\u0173 automatizavimui;<\/li>\n<li>Saul\u0117s\/ v\u0117jo\/ hidro elektrini\u0173 nuotolinis steb\u0117jimas ir valdymas;<\/li>\n<li>Energijos kaupikli\u0173 automatizavimo sprendimai;<\/li>\n<li>Elektromobili\u0173 krovimo infrastrukt\u016bros valdymo sprendimai.<\/li>\n<\/ul>\n<p>Ar susiduriate su konkre\u010diais i\u0161\u0161\u016bkiais, kuriems \u012fveikti reikalingas glaudus bendradarbiavimas su patikimu partneriu, kuris padarys daugiau nei tik\u0117tasi?<\/p>\n<p>Susisiekite \u2013 <a href=\"mailto:info@elseta.com\">info@elseta.com<\/a><\/p>\n<p>[\/et_pb_text][\/et_pb_column][\/et_pb_row][\/et_pb_section][et_pb_section fb_built=&#8221;1&#8243; _builder_version=&#8221;4.19.4&#8243; _module_preset=&#8221;default&#8221; background_color=&#8221;#000000&#8243; background_enable_image=&#8221;off&#8221; parallax=&#8221;on&#8221; custom_margin=&#8221;||||false|false&#8221; custom_padding=&#8221;||||false|false&#8221; locked=&#8221;off&#8221; global_colors_info=&#8221;{}&#8221;][et_pb_row column_structure=&#8221;1_3,1_3,1_3&#8243; use_custom_gutter=&#8221;on&#8221; gutter_width=&#8221;2&#8243; make_equal=&#8221;on&#8221; _builder_version=&#8221;4.19.4&#8243; _module_preset=&#8221;default&#8221; width=&#8221;100%&#8221; global_colors_info=&#8221;{}&#8221;][et_pb_column type=&#8221;1_3&#8243; _builder_version=&#8221;4.17.6&#8243; _module_preset=&#8221;default&#8221; custom_padding_tablet=&#8221;|75px||75px|false|true&#8221; custom_padding_phone=&#8221;|40px||40px|false|true&#8221; custom_padding_last_edited=&#8221;on|phone&#8221; global_colors_info=&#8221;{}&#8221;][et_pb_text _builder_version=&#8221;4.19.4&#8243; _module_preset=&#8221;default&#8221; text_text_color=&#8221;#FFFFFF&#8221; header_font=&#8221;|700|||||||&#8221; header_text_align=&#8221;center&#8221; header_text_color=&#8221;#FFFFFF&#8221; header_font_size=&#8221;49px&#8221; header_line_height=&#8221;1.5em&#8221; header_2_font=&#8221;|600|||||||&#8221; header_2_text_align=&#8221;center&#8221; header_2_text_color=&#8221;#FFFFFF&#8221; header_2_font_size=&#8221;36px&#8221; header_2_line_height=&#8221;0.9em&#8221; min_height=&#8221;400px&#8221; min_height_tablet=&#8221;&#8221; min_height_phone=&#8221;&#8221; min_height_last_edited=&#8221;on|tablet&#8221; custom_margin_tablet=&#8221;||30px||false|false&#8221; custom_margin_phone=&#8221;||30px||false|false&#8221; custom_margin_last_edited=&#8221;on|phone&#8221; header_font_size_tablet=&#8221;49px&#8221; header_font_size_phone=&#8221;40px&#8221; header_font_size_last_edited=&#8221;on|phone&#8221; header_2_font_size_tablet=&#8221;36px&#8221; header_2_font_size_phone=&#8221;30px&#8221; header_2_font_size_last_edited=&#8221;on|phone&#8221; global_colors_info=&#8221;{}&#8221;]<\/p>\n<h1>Gamintojams<\/h1>\n<h2>Padarykite \u012frang\u0105 i\u0161mania<\/h2>\n<p>&nbsp;<\/p>\n<p>Mes suprantame, kad elektros energetikoje \u012frengini\u0173 gamintojai susiduria su klient\u0173 reikalavim\u0173, kad tiekiama \u012franga b\u016bt\u0173 i\u0161mani ir valdoma nuotoliniu b\u016bdu. Matome galimyb\u0119 bendradarbiauti su skirstykl\u0173, transformatori\u0173, automatizavimo ir energijos kaupimo \u012frengini\u0173 gamintojais, kad sukurtume sprendimus su reikiamomis funkcijomis ir tenkinan\u010dius rinkos poreikius.<\/p>\n<p>[\/et_pb_text][et_pb_text _builder_version=&#8221;4.19.4&#8243; _module_preset=&#8221;default&#8221; text_text_color=&#8221;#FFFFFF&#8221; global_colors_info=&#8221;{}&#8221;]<\/p>\n<p>Si\u016blome:<\/p>\n<p>Moduliniai RTU integruojami \u012f RMU, skirstyklas, transofrmatorines ir kit\u0105 elektros energijos paskirstymo ir valdymo \u012frang\u0105.<\/p>\n<p>Monitoringo platforma, leid\u017eianti \u012frangos gamintojams teikti paslaugas klientams arba nuotolin\u0117mis priemon\u0117mis steb\u0117ti gaminio veikim\u0105 ir teikti aptarnavim\u0105.<\/p>\n<p>\u012egykite konkurencin\u012f prana\u0161um\u0105 pasirinkdami Elseta gaminius, kur Elseta papildomai suteiki\u0105 palaikym\u0105, mokymus ir pagalb\u0105 kuriant sprendimus.<\/p>\n<p>[\/et_pb_text][\/et_pb_column][et_pb_column type=&#8221;1_3&#8243; _builder_version=&#8221;4.17.6&#8243; _module_preset=&#8221;default&#8221; custom_padding_tablet=&#8221;|75px||75px|false|true&#8221; custom_padding_phone=&#8221;|40px||40px|false|true&#8221; custom_padding_last_edited=&#8221;on|phone&#8221; global_colors_info=&#8221;{}&#8221;][et_pb_text _builder_version=&#8221;4.19.4&#8243; _module_preset=&#8221;default&#8221; text_text_color=&#8221;#FFFFFF&#8221; header_font=&#8221;|700|||||||&#8221; header_text_align=&#8221;center&#8221; header_text_color=&#8221;#FFFFFF&#8221; header_font_size=&#8221;49px&#8221; header_line_height=&#8221;1.5em&#8221; header_2_font=&#8221;|600|||||||&#8221; header_2_text_align=&#8221;center&#8221; header_2_text_color=&#8221;#FFFFFF&#8221; header_2_font_size=&#8221;36px&#8221; header_2_line_height=&#8221;0.9em&#8221; min_height=&#8221;400px&#8221; min_height_tablet=&#8221;400px&#8221; min_height_phone=&#8221;400px&#8221; min_height_last_edited=&#8221;on|desktop&#8221; custom_margin_tablet=&#8221;30px||30px||true|false&#8221; custom_margin_phone=&#8221;30px||30px||true|false&#8221; custom_margin_last_edited=&#8221;on|tablet&#8221; header_font_size_tablet=&#8221;49px&#8221; header_font_size_phone=&#8221;40px&#8221; header_font_size_last_edited=&#8221;on|phone&#8221; header_2_font_size_tablet=&#8221;36px&#8221; header_2_font_size_phone=&#8221;30px&#8221; header_2_font_size_last_edited=&#8221;on|phone&#8221; global_colors_info=&#8221;{}&#8221;]<\/p>\n<h1>Elektros tinklams<\/h1>\n<h2>Valdomas<br \/>integralumas<\/h2>\n<p>&nbsp;<\/p>\n<p>Mes suprantame kad elektros tinklai ir kitos energijos skirstymo bendrov\u0117s susiduria su i\u0161\u0161\u016bkiu pri\u017ei\u016br\u0117ti plat\u0173 elektros tinkl\u0173 tinkl\u0105, kur reikalinga greita ir efektyvi \u0161imt\u0173 ar t\u016bkstan\u010di\u0173 RTU prie\u017ei\u016bra.<\/p>\n<p>[\/et_pb_text][et_pb_text _builder_version=&#8221;4.19.4&#8243; _module_preset=&#8221;default&#8221; text_text_color=&#8221;#FFFFFF&#8221; global_colors_info=&#8221;{}&#8221;]<\/p>\n<p>Si\u016blome:<\/p>\n<p>Modulinius RTU su visais reikiamais ry\u0161io protokolais, \u012f\u0117jimo ir i\u0161\u0117jimo, matavim\u0173 ir trumpo jungimo indikatori\u0173 moduliais.<\/p>\n<p>\u012eranga palaiko visus reikiamus protokolus, tiekiama su nemokama konfig\u016bravimo programine \u012franga. Taip pat n\u0117ra apribojim\u0173 atnaujinimams ir pl\u0117trai ateityje.<\/p>\n<p>VPN prieig\u0173 valdymo programin\u0117 \u012franga pagerina kibernetin\u012f saugum\u0105, leid\u017eia lengvai ir centralizuotai kurti saugos sertifikatus, bei lengvai juos integruoti \u012f RTU. Taip pat renka informacij\u0105 apie \u012frangos b\u016bsen\u0105, ry\u0161io parametrus ir kit\u0105.<\/p>\n<p>\u012erangos valdymo programin\u0117 \u012franga leid\u017eia saugiai valdyti ir pri\u017ei\u016br\u0117ti \u012frang\u0105, stebint kiekvien\u0105 objekt\u0105, gaunant pavojaus signalus, valdant konfig\u016bracijas ir programin\u0117s \u012frangos versijas, bei atnaujinimus.<\/p>\n<p>[\/et_pb_text][\/et_pb_column][et_pb_column type=&#8221;1_3&#8243; _builder_version=&#8221;4.17.6&#8243; _module_preset=&#8221;default&#8221; custom_padding_tablet=&#8221;|75px||75px|false|true&#8221; custom_padding_phone=&#8221;|40px||40px|false|true&#8221; custom_padding_last_edited=&#8221;on|phone&#8221; global_colors_info=&#8221;{}&#8221;][et_pb_text _builder_version=&#8221;4.19.4&#8243; _module_preset=&#8221;default&#8221; text_text_color=&#8221;#FFFFFF&#8221; header_font=&#8221;|700|||||||&#8221; header_text_align=&#8221;center&#8221; header_text_color=&#8221;#FFFFFF&#8221; header_font_size=&#8221;49px&#8221; header_line_height=&#8221;1.5em&#8221; header_2_font=&#8221;|600|||||||&#8221; header_2_text_align=&#8221;center&#8221; header_2_text_color=&#8221;#FFFFFF&#8221; header_2_font_size=&#8221;36px&#8221; header_2_line_height=&#8221;0.9em&#8221; min_height=&#8221;400px&#8221; min_height_tablet=&#8221;400px&#8221; min_height_phone=&#8221;400px&#8221; min_height_last_edited=&#8221;on|phone&#8221; custom_margin_tablet=&#8221;30px||30px||true|false&#8221; custom_margin_phone=&#8221;30px||30px||true|false&#8221; custom_margin_last_edited=&#8221;on|tablet&#8221; header_font_size_tablet=&#8221;49px&#8221; header_font_size_phone=&#8221;40px&#8221; header_font_size_last_edited=&#8221;on|phone&#8221; header_2_font_size_tablet=&#8221;36px&#8221; header_2_font_size_phone=&#8221;30px&#8221; header_2_font_size_last_edited=&#8221;on|phone&#8221; global_colors_info=&#8221;{}&#8221;]<\/p>\n<h1>Atsinaujinan\u010diai energetikai<\/h1>\n<h2>Steb\u0117jim\u0105 ir valdym\u0105<\/h2>\n<p>&nbsp;<\/p>\n<p>Mes suprantame, kad paskirstytai elektros energijos gamybai reikalingi nuotolinio valdymo sprendimai. \u012egalinantys prie\u017ei\u016bros kompanijas ir elektrini\u0173 savininkus operatyviai reaguoti \u012f sutrikimus ir savalaikiai \u0161alinti gedimus.<\/p>\n<p>[\/et_pb_text][et_pb_text _builder_version=&#8221;4.19.4&#8243; _module_preset=&#8221;default&#8221; text_text_color=&#8221;#FFFFFF&#8221; global_colors_info=&#8221;{}&#8221;]<\/p>\n<p>Si\u016blome:<\/p>\n<p>\u012erang\u0105 steb\u0117ti ir valdyti skirstymo \u012frenginius, inverterius, meteorologines stotis, kuri veikia saugiu ry\u0161iu ir teiki\u0105 lengv\u0105 integracij\u0105 su gausiu ry\u0161io protokol\u0173 pasirinkimu.<\/p>\n<p>\u012erenginiai, skirti integruoti atsinaujinan\u010dios energetikos elektrines \u012f skirstom\u0105j\u012f elektros tinkl\u0105, valdant elektrines pagal reikalingus algoritmus, skirtus tinkamai integruotis \u012f tinkl\u0105 padedant tiekti reikiamos kokyb\u0117s elektros energij\u0105 (kaip reaktyviosios galios valdymas, gamybos kontrol\u0117, nukrovimas pagal da\u017en\u012f ir kt.).<\/p>\n<p>M\u016bs\u0173 si\u016bloma steb\u0117jimo platforma leid\u017eia lengvai integruoti skirting\u0173 tiek\u0117j\u0173 \u012frang\u0105 \u012f vientis\u0105 debes\u0173 kompiuterijos platform\u0105.<\/p>\n<p>[\/et_pb_text][\/et_pb_column][\/et_pb_row][\/et_pb_section][et_pb_section fb_built=&#8221;1&#8243; _builder_version=&#8221;4.19.4&#8243; _module_preset=&#8221;default&#8221; background_image=&#8221;https:\/\/elseta.com\/wp-content\/uploads\/2022\/08\/parallax.jpg&#8221; parallax=&#8221;on&#8221; parallax_method=&#8221;off&#8221; global_colors_info=&#8221;{}&#8221;][et_pb_row _builder_version=&#8221;4.17.6&#8243; _module_preset=&#8221;default&#8221; global_colors_info=&#8221;{}&#8221;][et_pb_column type=&#8221;4_4&#8243; _builder_version=&#8221;4.17.6&#8243; _module_preset=&#8221;default&#8221; global_colors_info=&#8221;{}&#8221;][et_pb_text _builder_version=&#8221;4.17.6&#8243; _module_preset=&#8221;default&#8221; header_2_font=&#8221;|||on|||||&#8221; header_2_text_align=&#8221;center&#8221; header_2_text_color=&#8221;#FFFFFF&#8221; header_2_font_size=&#8221;38px&#8221; global_colors_info=&#8221;{}&#8221;]<\/p>\n<h2 style=\"text-align: center;\">Elseta<\/h2>\n<p>[\/et_pb_text][\/et_pb_column][\/et_pb_row][et_pb_row column_structure=&#8221;1_3,1_3,1_3&#8243; use_custom_gutter=&#8221;on&#8221; gutter_width=&#8221;2&#8243; _builder_version=&#8221;4.17.6&#8243; _module_preset=&#8221;default&#8221; global_colors_info=&#8221;{}&#8221;][et_pb_column type=&#8221;1_3&#8243; _builder_version=&#8221;4.17.6&#8243; _module_preset=&#8221;default&#8221; global_colors_info=&#8221;{}&#8221;][et_pb_text _builder_version=&#8221;4.17.6&#8243; _module_preset=&#8221;default&#8221; text_text_color=&#8221;#FFFFFF&#8221; header_2_font=&#8221;|700|||||||&#8221; header_2_text_align=&#8221;center&#8221; header_2_text_color=&#8221;#FFFFFF&#8221; global_colors_info=&#8221;{}&#8221;]<\/p>\n<h2>Pasto\u010di\u0173 automatizavimas<\/h2>\n<p>&nbsp;<\/p>\n<p>Puikiai tinka projektams, kur reikalinga kompakti\u0161ka \u012franga ir yra b\u016btina rinkti ir valdyti skirstyklas, transformatorines ar kitus elektros \u012frenginius.<\/p>\n<p>[\/et_pb_text][\/et_pb_column][et_pb_column type=&#8221;1_3&#8243; _builder_version=&#8221;4.17.6&#8243; _module_preset=&#8221;default&#8221; global_colors_info=&#8221;{}&#8221;][et_pb_text _builder_version=&#8221;4.17.6&#8243; _module_preset=&#8221;default&#8221; text_text_color=&#8221;#FFFFFF&#8221; header_2_text_align=&#8221;center&#8221; header_2_text_color=&#8221;#FFFFFF&#8221; global_colors_info=&#8221;{}&#8221;]<\/p>\n<h2>Atsinaujinanti energetika<\/h2>\n<p>&nbsp;<\/p>\n<p>Atsinaujinan\u010di\u0173 i\u0161tekli\u0173 elektrini\u0173 savininkai gali steb\u0117ti ir valdyti elektos energijos gamybos parametrus. Elseta si\u016blo su ESO suderinam\u0105 sprendim\u0105, skirt\u0105 steb\u0117ti ir valdyti elektros energij\u0105 atsinaujinan\u010diose elektrin\u0117se. Pilnai atitinkan\u010di\u0105 ESO keliamus reikalavimus.<\/p>\n<p>[\/et_pb_text][\/et_pb_column][et_pb_column type=&#8221;1_3&#8243; _builder_version=&#8221;4.17.6&#8243; _module_preset=&#8221;default&#8221; global_colors_info=&#8221;{}&#8221;][et_pb_text _builder_version=&#8221;4.19.4&#8243; _module_preset=&#8221;default&#8221; text_text_color=&#8221;#FFFFFF&#8221; header_2_text_align=&#8221;center&#8221; header_2_text_color=&#8221;#FFFFFF&#8221; global_colors_info=&#8221;{}&#8221;]<\/p>\n<h2>Protokol\u0173 simuliavimas ir testavimas<\/h2>\n<p>&nbsp;<\/p>\n<p>Elektros energetikoje naudojam\u0173 ry\u0161io protokol\u0173 testavimo programin\u0117 \u012franga. Elseta si\u016blo testavimo \u012frankius in\u017einieriams, kad b\u016bt\u0173 galima efektyviai kurti ir suderinti elektros energetikos \u012frangos veikim\u0105 bei suderinamum\u0105 tarpusavyje.<\/p>\n<p>[\/et_pb_text][\/et_pb_column][\/et_pb_row][\/et_pb_section]<\/p>\n","protected":false},"excerpt":{"rendered":"<p>ApieM\u016bs\u0173 misija \u012egalinti elektros tinklus ir atsinaujinan\u010dius energijos \u0161altini\u0173 savininkus lengvai pri\u017ei\u016br\u0117ti ir valdyti elektros tinklo infrastrukt\u016br\u0105 naudojantis Elseta, UAB produktais Esame elektros energijos valdymo \u012frangos k\u016br\u0117jai. Manome, kad elektros energija yra pagrindinis ateities visuomen\u0117s energijos \u0161altinis. Tikime energijos valdymu naudojant skaitmeninius produktus. Gaminame modulinius ir ma\u017eo gabarito produktus (TSP\u012e, I\/O ir trumpo jungimo indikatorius) [&hellip;]<\/p>\n","protected":false},"author":1,"featured_media":0,"parent":0,"menu_order":0,"comment_status":"closed","ping_status":"closed","template":"","meta":{"_acf_changed":false,"_et_pb_use_builder":"on","_et_pb_old_content":"","_et_gb_content_width":"","footnotes":""},"class_list":["post-593","page","type-page","status-publish","hentry"],"acf":[],"yoast_head":"<!-- This site is optimized with the Yoast SEO plugin v25.5 - https:\/\/yoast.com\/wordpress\/plugins\/seo\/ -->\n<title>Apie | elseta.com<\/title>\n<meta name=\"robots\" content=\"index, follow, max-snippet:-1, max-image-preview:large, max-video-preview:-1\" \/>\n<link rel=\"canonical\" href=\"https:\/\/elseta.com\/lt\/apie\/\" \/>\n<meta property=\"og:locale\" content=\"lt_LT\" \/>\n<meta property=\"og:type\" content=\"article\" \/>\n<meta property=\"og:title\" content=\"Apie | Elseta\" \/>\n<meta property=\"og:description\" content=\"ApieM\u016bs\u0173 misija \u012egalinti elektros tinklus ir atsinaujinan\u010dius energijos \u0161altini\u0173 savininkus lengvai pri\u017ei\u016br\u0117ti ir valdyti elektros tinklo infrastrukt\u016br\u0105 naudojantis Elseta, UAB produktais Esame elektros energijos valdymo \u012frangos k\u016br\u0117jai. Manome, kad elektros energija yra pagrindinis ateities visuomen\u0117s energijos \u0161altinis. Tikime energijos valdymu naudojant skaitmeninius produktus. Gaminame modulinius ir ma\u017eo gabarito produktus (TSP\u012e, I\/O ir trumpo jungimo indikatorius) [&hellip;]\" \/>\n<meta property=\"og:url\" content=\"https:\/\/elseta.com\/lt\/apie\/\" \/>\n<meta property=\"og:site_name\" content=\"Elseta\" \/>\n<meta property=\"article:publisher\" content=\"https:\/\/www.facebook.com\/elseta.co\" \/>\n<meta property=\"article:modified_time\" content=\"2024-07-08T09:58:15+00:00\" \/>\n<meta name=\"twitter:card\" content=\"summary_large_image\" \/>\n<meta name=\"twitter:label1\" content=\"Est. reading time\" \/>\n\t<meta name=\"twitter:data1\" content=\"8 minut\u0117s\" \/>\n<script type=\"application\/ld+json\" class=\"yoast-schema-graph\">{\"@context\":\"https:\/\/schema.org\",\"@graph\":[{\"@type\":\"WebPage\",\"@id\":\"https:\/\/elseta.com\/lt\/apie\/\",\"url\":\"https:\/\/elseta.com\/lt\/apie\/\",\"name\":\"Apie | Elseta\",\"isPartOf\":{\"@id\":\"https:\/\/elseta.com\/#website\"},\"datePublished\":\"2022-08-01T12:07:54+00:00\",\"dateModified\":\"2024-07-08T09:58:15+00:00\",\"breadcrumb\":{\"@id\":\"https:\/\/elseta.com\/lt\/apie\/#breadcrumb\"},\"inLanguage\":\"lt-LT\",\"potentialAction\":[{\"@type\":\"ReadAction\",\"target\":[\"https:\/\/elseta.com\/lt\/apie\/\"]}]},{\"@type\":\"BreadcrumbList\",\"@id\":\"https:\/\/elseta.com\/lt\/apie\/#breadcrumb\",\"itemListElement\":[{\"@type\":\"ListItem\",\"position\":1,\"name\":\"Home\",\"item\":\"https:\/\/elseta.com\/\"},{\"@type\":\"ListItem\",\"position\":2,\"name\":\"Apie\"}]},{\"@type\":\"WebSite\",\"@id\":\"https:\/\/elseta.com\/#website\",\"url\":\"https:\/\/elseta.com\/\",\"name\":\"elseta.com\",\"description\":\"Medium and Low voltage electricity automation and digitalisation solutions\",\"publisher\":{\"@id\":\"https:\/\/elseta.com\/#organization\"},\"potentialAction\":[{\"@type\":\"SearchAction\",\"target\":{\"@type\":\"EntryPoint\",\"urlTemplate\":\"https:\/\/elseta.com\/?s={search_term_string}\"},\"query-input\":{\"@type\":\"PropertyValueSpecification\",\"valueRequired\":true,\"valueName\":\"search_term_string\"}}],\"inLanguage\":\"lt-LT\"},{\"@type\":\"Organization\",\"@id\":\"https:\/\/elseta.com\/#organization\",\"name\":\"Elseta\",\"url\":\"https:\/\/elseta.com\/\",\"logo\":{\"@type\":\"ImageObject\",\"inLanguage\":\"lt-LT\",\"@id\":\"https:\/\/elseta.com\/#\/schema\/logo\/image\/\",\"url\":\"https:\/\/elseta.com\/wp-content\/uploads\/ELSETA_logo.jpg\",\"contentUrl\":\"https:\/\/elseta.com\/wp-content\/uploads\/ELSETA_logo.jpg\",\"width\":590,\"height\":800,\"caption\":\"Elseta\"},\"image\":{\"@id\":\"https:\/\/elseta.com\/#\/schema\/logo\/image\/\"},\"sameAs\":[\"https:\/\/www.facebook.com\/elseta.co\",\"https:\/\/www.linkedin.com\/company\/elseta\/\"]}]}<\/script>\n<!-- \/ Yoast SEO plugin. -->","yoast_head_json":{"title":"Apie | elseta.com","robots":{"index":"index","follow":"follow","max-snippet":"max-snippet:-1","max-image-preview":"max-image-preview:large","max-video-preview":"max-video-preview:-1"},"canonical":"https:\/\/elseta.com\/lt\/apie\/","og_locale":"lt_LT","og_type":"article","og_title":"Apie | Elseta","og_description":"ApieM\u016bs\u0173 misija \u012egalinti elektros tinklus ir atsinaujinan\u010dius energijos \u0161altini\u0173 savininkus lengvai pri\u017ei\u016br\u0117ti ir valdyti elektros tinklo infrastrukt\u016br\u0105 naudojantis Elseta, UAB produktais Esame elektros energijos valdymo \u012frangos k\u016br\u0117jai. Manome, kad elektros energija yra pagrindinis ateities visuomen\u0117s energijos \u0161altinis. Tikime energijos valdymu naudojant skaitmeninius produktus. Gaminame modulinius ir ma\u017eo gabarito produktus (TSP\u012e, I\/O ir trumpo jungimo indikatorius) [&hellip;]","og_url":"https:\/\/elseta.com\/lt\/apie\/","og_site_name":"Elseta","article_publisher":"https:\/\/www.facebook.com\/elseta.co","article_modified_time":"2024-07-08T09:58:15+00:00","twitter_card":"summary_large_image","twitter_misc":{"Est. reading time":"8 minut\u0117s"},"schema":{"@context":"https:\/\/schema.org","@graph":[{"@type":"WebPage","@id":"https:\/\/elseta.com\/lt\/apie\/","url":"https:\/\/elseta.com\/lt\/apie\/","name":"Apie | Elseta","isPartOf":{"@id":"https:\/\/elseta.com\/#website"},"datePublished":"2022-08-01T12:07:54+00:00","dateModified":"2024-07-08T09:58:15+00:00","breadcrumb":{"@id":"https:\/\/elseta.com\/lt\/apie\/#breadcrumb"},"inLanguage":"lt-LT","potentialAction":[{"@type":"ReadAction","target":["https:\/\/elseta.com\/lt\/apie\/"]}]},{"@type":"BreadcrumbList","@id":"https:\/\/elseta.com\/lt\/apie\/#breadcrumb","itemListElement":[{"@type":"ListItem","position":1,"name":"Home","item":"https:\/\/elseta.com\/"},{"@type":"ListItem","position":2,"name":"Apie"}]},{"@type":"WebSite","@id":"https:\/\/elseta.com\/#website","url":"https:\/\/elseta.com\/","name":"elseta.com","description":"Medium and Low voltage electricity automation and digitalisation solutions","publisher":{"@id":"https:\/\/elseta.com\/#organization"},"potentialAction":[{"@type":"SearchAction","target":{"@type":"EntryPoint","urlTemplate":"https:\/\/elseta.com\/?s={search_term_string}"},"query-input":{"@type":"PropertyValueSpecification","valueRequired":true,"valueName":"search_term_string"}}],"inLanguage":"lt-LT"},{"@type":"Organization","@id":"https:\/\/elseta.com\/#organization","name":"Elseta","url":"https:\/\/elseta.com\/","logo":{"@type":"ImageObject","inLanguage":"lt-LT","@id":"https:\/\/elseta.com\/#\/schema\/logo\/image\/","url":"https:\/\/elseta.com\/wp-content\/uploads\/ELSETA_logo.jpg","contentUrl":"https:\/\/elseta.com\/wp-content\/uploads\/ELSETA_logo.jpg","width":590,"height":800,"caption":"Elseta"},"image":{"@id":"https:\/\/elseta.com\/#\/schema\/logo\/image\/"},"sameAs":["https:\/\/www.facebook.com\/elseta.co","https:\/\/www.linkedin.com\/company\/elseta\/"]}]}},"_links":{"self":[{"href":"https:\/\/elseta.com\/lt\/wp-json\/wp\/v2\/pages\/593","targetHints":{"allow":["GET"]}}],"collection":[{"href":"https:\/\/elseta.com\/lt\/wp-json\/wp\/v2\/pages"}],"about":[{"href":"https:\/\/elseta.com\/lt\/wp-json\/wp\/v2\/types\/page"}],"author":[{"embeddable":true,"href":"https:\/\/elseta.com\/lt\/wp-json\/wp\/v2\/users\/1"}],"replies":[{"embeddable":true,"href":"https:\/\/elseta.com\/lt\/wp-json\/wp\/v2\/comments?post=593"}],"version-history":[{"count":28,"href":"https:\/\/elseta.com\/lt\/wp-json\/wp\/v2\/pages\/593\/revisions"}],"predecessor-version":[{"id":3129,"href":"https:\/\/elseta.com\/lt\/wp-json\/wp\/v2\/pages\/593\/revisions\/3129"}],"wp:attachment":[{"href":"https:\/\/elseta.com\/lt\/wp-json\/wp\/v2\/media?parent=593"}],"curies":[{"name":"wp","href":"https:\/\/api.w.org\/{rel}","templated":true}]}}