{"id":599,"date":"2022-07-26T15:21:31","date_gmt":"2022-07-26T12:21:31","guid":{"rendered":"https:\/\/hp.elseta.lt\/kontaktai\/"},"modified":"2025-07-25T12:10:14","modified_gmt":"2025-07-25T09:10:14","slug":"kontaktai","status":"publish","type":"page","link":"https:\/\/elseta.com\/lt\/kontaktai\/","title":{"rendered":"Kontaktai"},"content":{"rendered":"<p>[et_pb_section fb_built=&#8221;1&#8243; _builder_version=&#8221;4.27.4&#8243; _module_preset=&#8221;default&#8221; locked=&#8221;off&#8221; global_colors_info=&#8221;{}&#8221;][et_pb_row _builder_version=&#8221;4.16&#8243; custom_padding=&#8221;||10px|&#8221; locked=&#8221;off&#8221; global_colors_info=&#8221;{}&#8221;][et_pb_column type=&#8221;4_4&#8243; _builder_version=&#8221;4.16&#8243; custom_padding=&#8221;|||&#8221; global_colors_info=&#8221;{}&#8221; custom_padding__hover=&#8221;|||&#8221;][et_pb_text admin_label=&#8221;Title&#8221; _builder_version=&#8221;4.16&#8243; text_font=&#8221;||||||||&#8221; header_font=&#8221;||||||||&#8221; header_2_font=&#8221;Poppins|600|||||||&#8221; header_2_text_align=&#8221;center&#8221; header_2_font_size=&#8221;36px&#8221; header_2_line_height=&#8221;1.4em&#8221; max_width=&#8221;550px&#8221; module_alignment=&#8221;center&#8221; custom_margin=&#8221;||0px|&#8221; animation_style=&#8221;fade&#8221; locked=&#8221;off&#8221; global_colors_info=&#8221;{}&#8221;]<\/p>\n<h2>M\u016bs\u0173 komanda<\/h2>\n<p>[\/et_pb_text][et_pb_divider color=&#8221;#E02B20&#8243; divider_position=&#8221;center&#8221; divider_weight=&#8221;3px&#8221; _builder_version=&#8221;4.27.4&#8243; max_width=&#8221;50px&#8221; module_alignment=&#8221;center&#8221; custom_margin=&#8221;||20px|&#8221; animation_style=&#8221;slide&#8221; animation_direction=&#8221;top&#8221; animation_intensity_slide=&#8221;10%&#8221; animation_starting_opacity=&#8221;100%&#8221; locked=&#8221;off&#8221; global_colors_info=&#8221;{}&#8221;][\/et_pb_divider][et_pb_text _builder_version=&#8221;4.16&#8243; text_font=&#8221;Poppins||||||||&#8221; text_text_color=&#8221;#666666&#8243; text_font_size=&#8221;18px&#8221; text_line_height=&#8221;1.8em&#8221; text_orientation=&#8221;center&#8221; max_width=&#8221;550px&#8221; module_alignment=&#8221;center&#8221; custom_margin=&#8221;|||&#8221; custom_padding=&#8221;||0px|||&#8221; animation_style=&#8221;fade&#8221; locked=&#8221;off&#8221; global_colors_info=&#8221;{}&#8221;]<\/p>\n<p>J\u016bs\u0173 patikimi partneriai, valdantys inovacij\u0173 t\u0117km\u0119 ir jungiantys intelekt\u0105 su pa\u017eangiais sprendimais.<\/p>\n<p>[\/et_pb_text][\/et_pb_column][\/et_pb_row][et_pb_row column_structure=&#8221;1_3,1_3,1_3&#8243; _builder_version=&#8221;4.16&#8243; custom_margin=&#8221;30px|||&#8221; custom_padding=&#8221;|||&#8221; locked=&#8221;off&#8221; global_colors_info=&#8221;{}&#8221;][et_pb_column type=&#8221;1_3&#8243; _builder_version=&#8221;4.16&#8243; custom_padding=&#8221;|||&#8221; global_colors_info=&#8221;{}&#8221; custom_padding__hover=&#8221;|||&#8221;][et_pb_team_member name=&#8221;Matas Doviltis&#8221; position=&#8221;Direktorius&#8221; image_url=&#8221;https:\/\/elseta.com\/wp-content\/uploads\/Psl-foto-2.png&#8221; linkedin_url=&#8221;https:\/\/www.linkedin.com\/in\/matas-doviltis-97158128\/&#8221; _builder_version=&#8221;4.27.4&#8243; header_font=&#8221;Poppins|600|||||||&#8221; header_font_size=&#8221;24px&#8221; body_font=&#8221;||||||||&#8221; body_font_size=&#8221;18px&#8221; text_orientation=&#8221;center&#8221; animation_style=&#8221;fade&#8221; global_colors_info=&#8221;{}&#8221;][\/et_pb_team_member][et_pb_text _builder_version=&#8221;4.27.4&#8243; _module_preset=&#8221;default&#8221; custom_margin=&#8221;||29px|10px|false|false&#8221; custom_padding=&#8221;||0px|112px||&#8221; global_colors_info=&#8221;{}&#8221;]<\/p>\n<p>matas@elseta.com<br \/>+<span>37060689950<\/span><\/p>\n<p>[\/et_pb_text][\/et_pb_column][et_pb_column type=&#8221;1_3&#8243; _builder_version=&#8221;4.16&#8243; custom_padding=&#8221;|||&#8221; global_colors_info=&#8221;{}&#8221; custom_padding__hover=&#8221;|||&#8221;][et_pb_team_member name=&#8221;Raimundas Slavinskas&#8221; position=&#8221;Produkt\u0173 vystymo vadovas&#8221; image_url=&#8221;https:\/\/elseta.com\/wp-content\/uploads\/Psl-foto-1.png&#8221; linkedin_url=&#8221;https:\/\/www.linkedin.com\/in\/raimundas-slavinskas\/&#8221; _builder_version=&#8221;4.27.4&#8243; header_font=&#8221;Poppins|600|||||||&#8221; header_font_size=&#8221;24px&#8221; body_font=&#8221;||||||||&#8221; body_font_size=&#8221;18px&#8221; text_orientation=&#8221;center&#8221; animation_style=&#8221;fade&#8221; locked=&#8221;off&#8221; global_colors_info=&#8221;{}&#8221;][\/et_pb_team_member][et_pb_text _builder_version=&#8221;4.27.4&#8243; _module_preset=&#8221;default&#8221; custom_margin=&#8221;|||90px||&#8221; global_colors_info=&#8221;{}&#8221;]<\/p>\n<p>raimundas@elseta.com<br \/>\u00a0 \u00a0 \u00a0 \u00a0+<span>37068692212<\/span><\/p>\n<p>[\/et_pb_text][\/et_pb_column][et_pb_column type=&#8221;1_3&#8243; _builder_version=&#8221;4.16&#8243; custom_padding=&#8221;|||&#8221; global_colors_info=&#8221;{}&#8221; custom_padding__hover=&#8221;|||&#8221;][et_pb_team_member name=&#8221;Ernestas Stankevi\u010dius&#8221; position=&#8221;Pardavim\u0173 ir marketingo vadovas&#8221; image_url=&#8221;https:\/\/elseta.com\/wp-content\/uploads\/Psl-foto-4.png&#8221; linkedin_url=&#8221;https:\/\/www.linkedin.com\/in\/ernestas-stankevi%C4%8Dius-a5367513a\/&#8221; _builder_version=&#8221;4.27.4&#8243; header_font=&#8221;Poppins|600|||||||&#8221; header_font_size=&#8221;24px&#8221; body_font=&#8221;||||||||&#8221; body_font_size=&#8221;18px&#8221; text_orientation=&#8221;center&#8221; animation_style=&#8221;fade&#8221; locked=&#8221;off&#8221; global_colors_info=&#8221;{}&#8221;][\/et_pb_team_member][et_pb_text _builder_version=&#8221;4.27.4&#8243; _module_preset=&#8221;default&#8221; width=&#8221;100%&#8221; custom_padding=&#8221;|||103px||&#8221; global_colors_info=&#8221;{}&#8221;]<\/p>\n<p>ernestas@elseta.com<br \/>\u00a0 \u00a0 +37065398668<\/p>\n<p>[\/et_pb_text][\/et_pb_column][\/et_pb_row][et_pb_row column_structure=&#8221;1_3,1_3,1_3&#8243; _builder_version=&#8221;4.16&#8243; custom_margin=&#8221;30px|||&#8221; custom_padding=&#8221;|||&#8221; locked=&#8221;off&#8221; global_colors_info=&#8221;{}&#8221;][et_pb_column type=&#8221;1_3&#8243; _builder_version=&#8221;4.16&#8243; custom_padding=&#8221;|||&#8221; global_colors_info=&#8221;{}&#8221; custom_padding__hover=&#8221;|||&#8221;][et_pb_team_member name=&#8221;\u0160ar\u016bnas Butkus&#8221; position=&#8221;Pardavim\u0173 ir marketingo vadybininkas&#8221; image_url=&#8221;https:\/\/elseta.com\/wp-content\/uploads\/Psl-foto.png&#8221; linkedin_url=&#8221;https:\/\/www.linkedin.com\/in\/sarunas-butkus\/&#8221; _builder_version=&#8221;4.27.4&#8243; header_font=&#8221;Poppins|600|||||||&#8221; header_font_size=&#8221;24px&#8221; body_font=&#8221;||||||||&#8221; body_font_size=&#8221;18px&#8221; text_orientation=&#8221;center&#8221; animation_style=&#8221;fade&#8221; global_colors_info=&#8221;{}&#8221;][\/et_pb_team_member][et_pb_text _builder_version=&#8221;4.27.4&#8243; _module_preset=&#8221;default&#8221; custom_margin=&#8221;|||-2px||&#8221; custom_padding=&#8221;||0px|108px||&#8221; global_colors_info=&#8221;{}&#8221;]<\/p>\n<p>sarunas@elseta.com<br \/>\u00a0 \u00a0+37060848908<\/p>\n<p>[\/et_pb_text][\/et_pb_column][et_pb_column type=&#8221;1_3&#8243; _builder_version=&#8221;4.16&#8243; custom_padding=&#8221;|||&#8221; global_colors_info=&#8221;{}&#8221; custom_padding__hover=&#8221;|||&#8221;][et_pb_team_member name=&#8221;Raminta Zlatkut\u0117&#8221; position=&#8221;Gamybos ir logistikos vadybinink\u0117&#8221; image_url=&#8221;https:\/\/elseta.com\/wp-content\/uploads\/Untitled-design-20.png&#8221; linkedin_url=&#8221;https:\/\/www.linkedin.com\/in\/raminta-zlatkut%C4%97-222027351\/&#8221; _builder_version=&#8221;4.27.4&#8243; header_font=&#8221;Poppins|600|||||||&#8221; header_font_size=&#8221;24px&#8221; body_font=&#8221;||||||||&#8221; body_font_size=&#8221;18px&#8221; text_orientation=&#8221;center&#8221; animation_style=&#8221;fade&#8221; locked=&#8221;off&#8221; global_colors_info=&#8221;{}&#8221;][\/et_pb_team_member][et_pb_text _builder_version=&#8221;4.27.4&#8243; _module_preset=&#8221;default&#8221; width=&#8221;100%&#8221; custom_margin=&#8221;|111px||111px||true&#8221; custom_padding=&#8221;|||3px||&#8221; global_colors_info=&#8221;{}&#8221;]<\/p>\n<p>raminta@elseta.com<br \/>+37064538878<\/p>\n<p>[\/et_pb_text][\/et_pb_column][et_pb_column type=&#8221;1_3&#8243; _builder_version=&#8221;4.16&#8243; custom_padding=&#8221;|||&#8221; global_colors_info=&#8221;{}&#8221; custom_padding__hover=&#8221;|||&#8221;][et_pb_team_member name=&#8221;Austa Stank\u016bn\u0117&#8221; position=&#8221;Gamybos ir logistikos vadov\u0117&#8221; image_url=&#8221;https:\/\/elseta.com\/wp-content\/uploads\/Psl-foto-5.png&#8221; linkedin_url=&#8221;https:\/\/www.linkedin.com\/in\/austa-stank%C5%ABn%C4%97-39763b18b\/&#8221; _builder_version=&#8221;4.27.4&#8243; header_font=&#8221;Poppins|600|||||||&#8221; header_font_size=&#8221;24px&#8221; body_font=&#8221;||||||||&#8221; body_font_size=&#8221;18px&#8221; text_orientation=&#8221;center&#8221; animation_style=&#8221;fade&#8221; locked=&#8221;off&#8221; global_colors_info=&#8221;{}&#8221;][\/et_pb_team_member][et_pb_text _builder_version=&#8221;4.27.4&#8243; _module_preset=&#8221;default&#8221; width=&#8221;100%&#8221; custom_margin=&#8221;|||125px|false|false&#8221; custom_padding=&#8221;|||0px||&#8221; global_colors_info=&#8221;{}&#8221;]<\/p>\n<p>austa@elseta.com<br \/>+37069814913<\/p>\n<p>[\/et_pb_text][\/et_pb_column][\/et_pb_row][\/et_pb_section][et_pb_section fb_built=&#8221;1&#8243; _builder_version=&#8221;4.17.6&#8243; _module_preset=&#8221;default&#8221; global_colors_info=&#8221;{}&#8221;][et_pb_row column_structure=&#8221;1_2,1_2&#8243; _builder_version=&#8221;4.17.6&#8243; _module_preset=&#8221;default&#8221; custom_margin=&#8221;|auto|18px|auto||&#8221; global_colors_info=&#8221;{}&#8221;][et_pb_column type=&#8221;1_2&#8243; _builder_version=&#8221;4.17.6&#8243; _module_preset=&#8221;default&#8221; global_colors_info=&#8221;{}&#8221;][et_pb_text _builder_version=&#8221;4.17.6&#8243; _module_preset=&#8221;default&#8221; header_font=&#8221;|700|||||||&#8221; header_font_size=&#8221;48px&#8221; custom_margin=&#8221;||34px|||&#8221; global_colors_info=&#8221;{}&#8221;]<\/p>\n<h2>KONTAKTIN\u0116 INFORMACIJA<\/h2>\n<p>\u012emon\u0117s kodas: <span>300564737<\/span><\/p>\n<p>PVM mok\u0117tojo kodas: <span>LT100003358919<\/span><\/p>\n<p>Adresas: L. Zamenhofo g. 5 LT-06332 Vilnius<br \/>Lietuva<span><\/span><\/p>\n<p>Telefonas: +370 5 2032302<br \/>Mobilus telefonas: <span>+370 645 38878<\/span><br \/>El. pa\u0161tas: <a href=\"mailto:info@elseta.com\">info@elseta.com<\/a><\/p>\n<h3>AB Swedbank<\/h3>\n<p>S\u0105skaitos numeris: <span>LT197300010126090014<\/span><\/p>\n<p>SWIFT: HABALT22<\/p>\n<h3>Revolut Bank UAB<\/h3>\n<p>S\u0105skaitos numeris: LT713250031266536374<\/p>\n<p>SWIFT: REVOLT21<\/p>\n<p>[\/et_pb_text][\/et_pb_column][et_pb_column type=&#8221;1_2&#8243; _builder_version=&#8221;4.17.6&#8243; _module_preset=&#8221;default&#8221; global_colors_info=&#8221;{}&#8221;][et_pb_text _builder_version=&#8221;4.17.6&#8243; _module_preset=&#8221;default&#8221; global_colors_info=&#8221;{}&#8221;]<\/p>\n<h2>PAGALBA KLIENTAMS<\/h2>\n<p>El. pa\u0161tas pirk\u0117jams: <a href=\"mailto:sales@elseta.com\">sales@elseta.com<\/a> <\/p>\n<p>Dokumentacija: <a href=\"https:\/\/wiki.elseta.com\">https:\/\/wiki.elseta.com<\/a><\/p>\n<p>El. pa\u0161tas techniniams klausimams: <a href=\"mailto:support@elseta.com\">support@elseta.com<\/a><\/p>\n<p>Darbo laikas:<strong> Pirmadienis-Penktadienis 8:00 &#8211; 17:00<\/strong><\/p>\n<p>[\/et_pb_text][et_pb_icon font_icon=&#8221;&#xe0a3;||divi||400&#8243; icon_color=&#8221;#FFFFFF&#8221; icon_width=&#8221;16px&#8221; url=&#8221;https:\/\/www.youtube.com\/channel\/UCYLuEGek5UtSeXVRtAw4ypQ\/featured&#8221; _builder_version=&#8221;4.17.6&#8243; _module_preset=&#8221;default&#8221; background_color=&#8221;#000000&#8243; custom_css_main_element=&#8221;width:39px;float: left;&#8221; custom_css_icon_element=&#8221;padding:8px;&#8221; global_colors_info=&#8221;{}&#8221;][\/et_pb_icon][et_pb_icon font_icon=&#8221;&#xf266;||fa||400&#8243; icon_color=&#8221;#FFFFFF&#8221; icon_width=&#8221;14px&#8221; url=&#8221;https:\/\/wiki.elseta.com&#8221; _builder_version=&#8221;4.17.6&#8243; _module_preset=&#8221;default&#8221; background_color=&#8221;#000000&#8243; custom_css_main_element=&#8221;width:39px;float: left;&#8221; custom_css_icon_element=&#8221;padding: 9px 7px;&#8221; global_colors_info=&#8221;{}&#8221;][\/et_pb_icon][et_pb_icon font_icon=&#8221;&#xf0e1;||fa||400&#8243; icon_color=&#8221;#FFFFFF&#8221; icon_width=&#8221;16px&#8221; url=&#8221;https:\/\/www.linkedin.com\/company\/elseta\/&#8221; _builder_version=&#8221;4.17.6&#8243; _module_preset=&#8221;default&#8221; background_color=&#8221;#000000&#8243; custom_css_main_element=&#8221;width:39px;float: left;&#8221; custom_css_icon_element=&#8221;padding: 8px 9px;&#8221; global_colors_info=&#8221;{}&#8221;][\/et_pb_icon][et_pb_icon font_icon=&#8221;&#xf39e;||fa||400&#8243; icon_color=&#8221;#FFFFFF&#8221; icon_width=&#8221;16px&#8221; url=&#8221;https:\/\/www.facebook.com\/elseta.co\/&#8221; _builder_version=&#8221;4.17.6&#8243; _module_preset=&#8221;default&#8221; background_color=&#8221;#000000&#8243; custom_css_main_element=&#8221;width:39px;float: left;&#8221; custom_css_icon_element=&#8221;padding: 8px 11px;&#8221; global_colors_info=&#8221;{}&#8221;][\/et_pb_icon][\/et_pb_column][\/et_pb_row][\/et_pb_section][et_pb_section fb_built=&#8221;1&#8243; fullwidth=&#8221;on&#8221; _builder_version=&#8221;4.17.6&#8243; _module_preset=&#8221;default&#8221; global_colors_info=&#8221;{}&#8221;][et_pb_fullwidth_code _builder_version=&#8221;4.27.4&#8243; _module_preset=&#8221;default&#8221; global_colors_info=&#8221;{}&#8221;]<iframe src=\"https:\/\/www.google.com\/maps\/embed?pb=!1m18!1m12!1m3!1d2303.2844049538367!2d25.233974699999997!3d54.73980099999999!2m3!1f0!2f0!3f0!3m2!1i1024!2i768!4f13.1!3m3!1m2!1s0x46dd910a43fc9367%3A0x9f17736ab4053304!2sElseta!5e0!3m2!1sen!2slt!4v1739870614152!5m2!1sen!2slt\" width=\"100%\" height=\"600\" style=\"border:0;\" allowfullscreen=\"\" loading=\"lazy\" referrerpolicy=\"no-referrer-when-downgrade\"><\/iframe>[\/et_pb_fullwidth_code][\/et_pb_section]<\/p>\n","protected":false},"excerpt":{"rendered":"<p>M\u016bs\u0173 komandaJ\u016bs\u0173 patikimi partneriai, valdantys inovacij\u0173 t\u0117km\u0119 ir jungiantys intelekt\u0105 su pa\u017eangiais sprendimais.matas@elseta.com+37060689950raimundas@elseta.com\u00a0 \u00a0 \u00a0 \u00a0+37068692212ernestas@elseta.com\u00a0 \u00a0 +37065398668sarunas@elseta.com\u00a0 \u00a0+37060848908raminta@elseta.com+37064538878austa@elseta.com+37069814913KONTAKTIN\u0116 INFORMACIJA \u012emon\u0117s kodas: 300564737 PVM mok\u0117tojo kodas: LT100003358919 Adresas: L. Zamenhofo g. 5 LT-06332 VilniusLietuva Telefonas: +370 5 2032302Mobilus telefonas: +370 645 38878El. pa\u0161tas: info@elseta.com AB Swedbank S\u0105skaitos numeris: LT197300010126090014 SWIFT: HABALT22 Revolut Bank UAB S\u0105skaitos [&hellip;]<\/p>\n","protected":false},"author":1,"featured_media":0,"parent":0,"menu_order":0,"comment_status":"closed","ping_status":"closed","template":"","meta":{"_acf_changed":false,"_et_pb_use_builder":"on","_et_pb_old_content":"","_et_gb_content_width":"","footnotes":""},"class_list":["post-599","page","type-page","status-publish","hentry"],"acf":[],"yoast_head":"<!-- This site is optimized with the Yoast SEO plugin v25.5 - https:\/\/yoast.com\/wordpress\/plugins\/seo\/ -->\n<title>Kontaktai | elseta.com<\/title>\n<meta name=\"robots\" content=\"index, follow, max-snippet:-1, max-image-preview:large, max-video-preview:-1\" \/>\n<link rel=\"canonical\" href=\"https:\/\/elseta.com\/lt\/kontaktai\/\" \/>\n<meta property=\"og:locale\" content=\"lt_LT\" \/>\n<meta property=\"og:type\" content=\"article\" \/>\n<meta property=\"og:title\" content=\"Kontaktai | Elseta\" \/>\n<meta property=\"og:description\" content=\"M\u016bs\u0173 komandaJ\u016bs\u0173 patikimi partneriai, valdantys inovacij\u0173 t\u0117km\u0119 ir jungiantys intelekt\u0105 su pa\u017eangiais sprendimais.matas@elseta.com+37060689950raimundas@elseta.com\u00a0 \u00a0 \u00a0 \u00a0+37068692212ernestas@elseta.com\u00a0 \u00a0 +37065398668sarunas@elseta.com\u00a0 \u00a0+37060848908raminta@elseta.com+37064538878austa@elseta.com+37069814913KONTAKTIN\u0116 INFORMACIJA \u012emon\u0117s kodas: 300564737 PVM mok\u0117tojo kodas: LT100003358919 Adresas: L. Zamenhofo g. 5 LT-06332 VilniusLietuva Telefonas: +370 5 2032302Mobilus telefonas: +370 645 38878El. pa\u0161tas: info@elseta.com AB Swedbank S\u0105skaitos numeris: LT197300010126090014 SWIFT: HABALT22 Revolut Bank UAB S\u0105skaitos [&hellip;]\" \/>\n<meta property=\"og:url\" content=\"https:\/\/elseta.com\/lt\/kontaktai\/\" \/>\n<meta property=\"og:site_name\" content=\"Elseta\" \/>\n<meta property=\"article:publisher\" content=\"https:\/\/www.facebook.com\/elseta.co\" \/>\n<meta property=\"article:modified_time\" content=\"2025-07-25T09:10:14+00:00\" \/>\n<meta name=\"twitter:card\" content=\"summary_large_image\" \/>\n<meta name=\"twitter:label1\" content=\"Est. reading time\" \/>\n\t<meta name=\"twitter:data1\" content=\"6 minut\u0117s\" \/>\n<script type=\"application\/ld+json\" class=\"yoast-schema-graph\">{\"@context\":\"https:\/\/schema.org\",\"@graph\":[{\"@type\":\"WebPage\",\"@id\":\"https:\/\/elseta.com\/lt\/kontaktai\/\",\"url\":\"https:\/\/elseta.com\/lt\/kontaktai\/\",\"name\":\"Kontaktai | Elseta\",\"isPartOf\":{\"@id\":\"https:\/\/elseta.com\/#website\"},\"datePublished\":\"2022-07-26T12:21:31+00:00\",\"dateModified\":\"2025-07-25T09:10:14+00:00\",\"breadcrumb\":{\"@id\":\"https:\/\/elseta.com\/lt\/kontaktai\/#breadcrumb\"},\"inLanguage\":\"lt-LT\",\"potentialAction\":[{\"@type\":\"ReadAction\",\"target\":[\"https:\/\/elseta.com\/lt\/kontaktai\/\"]}]},{\"@type\":\"BreadcrumbList\",\"@id\":\"https:\/\/elseta.com\/lt\/kontaktai\/#breadcrumb\",\"itemListElement\":[{\"@type\":\"ListItem\",\"position\":1,\"name\":\"Home\",\"item\":\"https:\/\/elseta.com\/\"},{\"@type\":\"ListItem\",\"position\":2,\"name\":\"Kontaktai\"}]},{\"@type\":\"WebSite\",\"@id\":\"https:\/\/elseta.com\/#website\",\"url\":\"https:\/\/elseta.com\/\",\"name\":\"elseta.com\",\"description\":\"Medium and Low voltage electricity automation and digitalisation solutions\",\"publisher\":{\"@id\":\"https:\/\/elseta.com\/#organization\"},\"potentialAction\":[{\"@type\":\"SearchAction\",\"target\":{\"@type\":\"EntryPoint\",\"urlTemplate\":\"https:\/\/elseta.com\/?s={search_term_string}\"},\"query-input\":{\"@type\":\"PropertyValueSpecification\",\"valueRequired\":true,\"valueName\":\"search_term_string\"}}],\"inLanguage\":\"lt-LT\"},{\"@type\":\"Organization\",\"@id\":\"https:\/\/elseta.com\/#organization\",\"name\":\"Elseta\",\"url\":\"https:\/\/elseta.com\/\",\"logo\":{\"@type\":\"ImageObject\",\"inLanguage\":\"lt-LT\",\"@id\":\"https:\/\/elseta.com\/#\/schema\/logo\/image\/\",\"url\":\"https:\/\/elseta.com\/wp-content\/uploads\/ELSETA_logo.jpg\",\"contentUrl\":\"https:\/\/elseta.com\/wp-content\/uploads\/ELSETA_logo.jpg\",\"width\":590,\"height\":800,\"caption\":\"Elseta\"},\"image\":{\"@id\":\"https:\/\/elseta.com\/#\/schema\/logo\/image\/\"},\"sameAs\":[\"https:\/\/www.facebook.com\/elseta.co\",\"https:\/\/www.linkedin.com\/company\/elseta\/\"]}]}<\/script>\n<!-- \/ Yoast SEO plugin. -->","yoast_head_json":{"title":"Kontaktai | elseta.com","robots":{"index":"index","follow":"follow","max-snippet":"max-snippet:-1","max-image-preview":"max-image-preview:large","max-video-preview":"max-video-preview:-1"},"canonical":"https:\/\/elseta.com\/lt\/kontaktai\/","og_locale":"lt_LT","og_type":"article","og_title":"Kontaktai | Elseta","og_description":"M\u016bs\u0173 komandaJ\u016bs\u0173 patikimi partneriai, valdantys inovacij\u0173 t\u0117km\u0119 ir jungiantys intelekt\u0105 su pa\u017eangiais sprendimais.matas@elseta.com+37060689950raimundas@elseta.com\u00a0 \u00a0 \u00a0 \u00a0+37068692212ernestas@elseta.com\u00a0 \u00a0 +37065398668sarunas@elseta.com\u00a0 \u00a0+37060848908raminta@elseta.com+37064538878austa@elseta.com+37069814913KONTAKTIN\u0116 INFORMACIJA \u012emon\u0117s kodas: 300564737 PVM mok\u0117tojo kodas: LT100003358919 Adresas: L. Zamenhofo g. 5 LT-06332 VilniusLietuva Telefonas: +370 5 2032302Mobilus telefonas: +370 645 38878El. pa\u0161tas: info@elseta.com AB Swedbank S\u0105skaitos numeris: LT197300010126090014 SWIFT: HABALT22 Revolut Bank UAB S\u0105skaitos [&hellip;]","og_url":"https:\/\/elseta.com\/lt\/kontaktai\/","og_site_name":"Elseta","article_publisher":"https:\/\/www.facebook.com\/elseta.co","article_modified_time":"2025-07-25T09:10:14+00:00","twitter_card":"summary_large_image","twitter_misc":{"Est. reading time":"6 minut\u0117s"},"schema":{"@context":"https:\/\/schema.org","@graph":[{"@type":"WebPage","@id":"https:\/\/elseta.com\/lt\/kontaktai\/","url":"https:\/\/elseta.com\/lt\/kontaktai\/","name":"Kontaktai | Elseta","isPartOf":{"@id":"https:\/\/elseta.com\/#website"},"datePublished":"2022-07-26T12:21:31+00:00","dateModified":"2025-07-25T09:10:14+00:00","breadcrumb":{"@id":"https:\/\/elseta.com\/lt\/kontaktai\/#breadcrumb"},"inLanguage":"lt-LT","potentialAction":[{"@type":"ReadAction","target":["https:\/\/elseta.com\/lt\/kontaktai\/"]}]},{"@type":"BreadcrumbList","@id":"https:\/\/elseta.com\/lt\/kontaktai\/#breadcrumb","itemListElement":[{"@type":"ListItem","position":1,"name":"Home","item":"https:\/\/elseta.com\/"},{"@type":"ListItem","position":2,"name":"Kontaktai"}]},{"@type":"WebSite","@id":"https:\/\/elseta.com\/#website","url":"https:\/\/elseta.com\/","name":"elseta.com","description":"Medium and Low voltage electricity automation and digitalisation solutions","publisher":{"@id":"https:\/\/elseta.com\/#organization"},"potentialAction":[{"@type":"SearchAction","target":{"@type":"EntryPoint","urlTemplate":"https:\/\/elseta.com\/?s={search_term_string}"},"query-input":{"@type":"PropertyValueSpecification","valueRequired":true,"valueName":"search_term_string"}}],"inLanguage":"lt-LT"},{"@type":"Organization","@id":"https:\/\/elseta.com\/#organization","name":"Elseta","url":"https:\/\/elseta.com\/","logo":{"@type":"ImageObject","inLanguage":"lt-LT","@id":"https:\/\/elseta.com\/#\/schema\/logo\/image\/","url":"https:\/\/elseta.com\/wp-content\/uploads\/ELSETA_logo.jpg","contentUrl":"https:\/\/elseta.com\/wp-content\/uploads\/ELSETA_logo.jpg","width":590,"height":800,"caption":"Elseta"},"image":{"@id":"https:\/\/elseta.com\/#\/schema\/logo\/image\/"},"sameAs":["https:\/\/www.facebook.com\/elseta.co","https:\/\/www.linkedin.com\/company\/elseta\/"]}]}},"_links":{"self":[{"href":"https:\/\/elseta.com\/lt\/wp-json\/wp\/v2\/pages\/599","targetHints":{"allow":["GET"]}}],"collection":[{"href":"https:\/\/elseta.com\/lt\/wp-json\/wp\/v2\/pages"}],"about":[{"href":"https:\/\/elseta.com\/lt\/wp-json\/wp\/v2\/types\/page"}],"author":[{"embeddable":true,"href":"https:\/\/elseta.com\/lt\/wp-json\/wp\/v2\/users\/1"}],"replies":[{"embeddable":true,"href":"https:\/\/elseta.com\/lt\/wp-json\/wp\/v2\/comments?post=599"}],"version-history":[{"count":33,"href":"https:\/\/elseta.com\/lt\/wp-json\/wp\/v2\/pages\/599\/revisions"}],"predecessor-version":[{"id":4124,"href":"https:\/\/elseta.com\/lt\/wp-json\/wp\/v2\/pages\/599\/revisions\/4124"}],"wp:attachment":[{"href":"https:\/\/elseta.com\/lt\/wp-json\/wp\/v2\/media?parent=599"}],"curies":[{"name":"wp","href":"https:\/\/api.w.org\/{rel}","templated":true}]}}